{"id":118,"date":"2026-03-06T12:07:07","date_gmt":"2026-03-06T12:07:07","guid":{"rendered":"https:\/\/centreisis.com\/?page_id=118"},"modified":"2026-03-09T12:20:56","modified_gmt":"2026-03-09T12:20:56","slug":"lifting-de-savia","status":"publish","type":"page","link":"https:\/\/nefer.es\/index.php\/lifting-de-savia\/","title":{"rendered":"Lifting de Savia"},"content":{"rendered":"<div class=\"wp-block-image\">\n<figure class=\"aligncenter is-resized\"><img decoding=\"async\" src=\"https:\/\/i0.wp.com\/centreisis.es\/wp-content\/uploads\/2020\/12\/lifting.jpg?resize=720%2C720&amp;ssl=1\" alt=\"\" class=\"wp-image-347\" style=\"width:340px;height:auto\" title=\"lifting\"\/><\/figure>\n<\/div>\n\n\n<h4 class=\"wp-block-heading has-text-align-center\">En qu\u00e9 consiste<\/h4>\n\n\n\n<p class=\"has-text-align-center\">Consigue una atractiva belleza natural con una piel m\u00e1s joven sin cirug\u00eda.<\/p>\n\n\n\n<p class=\"has-text-align-center\">Con inmediato resultado, gracias a la riqueza de las Savias de bamb\u00fa que iluminan y corrigen la flacidez y arrugas, fortaleciendo el col\u00e1geno, elevando los p\u00f3mulos y readaptando la piel sobre tus facciones.<\/p>\n\n\n\n<p class=\"has-text-align-center\">Con este tratamiento, percibir\u00e1s una profunda sensaci\u00f3n de limpieza, relax, ligereza y gran bienestar emocional.<\/p>\n\n\n\n<p class=\"has-text-align-center\">Act\u00faa sobre la linfa y el tejido conjuntivo, adem\u00e1s de regular la gl\u00e1ndula seb\u00e1cea, afina el poro y reequilibra las funciones cut\u00e1neas, consiguiendo una piel lisa y aterciopelada.<\/p>\n","protected":false},"excerpt":{"rendered":"<p>En qu\u00e9 consiste Consigue una atractiva belleza natural con una piel m\u00e1s joven sin cirug\u00eda. Con inmediato resultado, gracias a la riqueza de las Savias de bamb\u00fa que iluminan y corrigen la flacidez y arrugas, fortaleciendo el col\u00e1geno, elevando los p\u00f3mulos y readaptando la piel sobre tus facciones. Con este tratamiento, percibir\u00e1s una profunda sensaci\u00f3n&hellip;&nbsp;<\/p>\n","protected":false},"author":1,"featured_media":0,"parent":0,"menu_order":0,"comment_status":"closed","ping_status":"closed","template":"","meta":{"neve_meta_sidebar":"","neve_meta_container":"","neve_meta_enable_content_width":"","neve_meta_content_width":0,"neve_meta_title_alignment":"","neve_meta_author_avatar":"","neve_post_elements_order":"","neve_meta_disable_header":"","neve_meta_disable_footer":"","neve_meta_disable_title":"","footnotes":""},"class_list":["post-118","page","type-page","status-publish","hentry"],"yoast_head":"<!-- This site is optimized with the Yoast SEO plugin v27.5 - https:\/\/yoast.com\/product\/yoast-seo-wordpress\/ -->\n<title>Lifting de Savia - centre nefer<\/title>\n<meta name=\"robots\" content=\"index, follow, max-snippet:-1, max-image-preview:large, max-video-preview:-1\" \/>\n<link rel=\"canonical\" href=\"https:\/\/nefer.es\/index.php\/lifting-de-savia\/\" \/>\n<meta property=\"og:locale\" content=\"es_ES\" \/>\n<meta property=\"og:type\" content=\"article\" \/>\n<meta property=\"og:title\" content=\"Lifting de Savia - centre nefer\" \/>\n<meta property=\"og:description\" content=\"En qu\u00e9 consiste Consigue una atractiva belleza natural con una piel m\u00e1s joven sin cirug\u00eda. Con inmediato resultado, gracias a la riqueza de las Savias de bamb\u00fa que iluminan y corrigen la flacidez y arrugas, fortaleciendo el col\u00e1geno, elevando los p\u00f3mulos y readaptando la piel sobre tus facciones. Con este tratamiento, percibir\u00e1s una profunda sensaci\u00f3n&hellip;&nbsp;\" \/>\n<meta property=\"og:url\" content=\"https:\/\/nefer.es\/index.php\/lifting-de-savia\/\" \/>\n<meta property=\"og:site_name\" content=\"centre nefer\" \/>\n<meta property=\"article:modified_time\" content=\"2026-03-09T12:20:56+00:00\" \/>\n<meta property=\"og:image\" content=\"https:\/\/i0.wp.com\/centreisis.es\/wp-content\/uploads\/2020\/12\/lifting.jpg?resize=720%2C720&amp;ssl=1\" \/>\n<meta name=\"twitter:card\" content=\"summary_large_image\" \/>\n<meta name=\"twitter:label1\" content=\"Tiempo de lectura\" \/>\n\t<meta name=\"twitter:data1\" content=\"1 minuto\" \/>\n<script type=\"application\/ld+json\" class=\"yoast-schema-graph\">{\"@context\":\"https:\\\/\\\/schema.org\",\"@graph\":[{\"@type\":\"WebPage\",\"@id\":\"https:\\\/\\\/nefer.es\\\/index.php\\\/lifting-de-savia\\\/\",\"url\":\"https:\\\/\\\/nefer.es\\\/index.php\\\/lifting-de-savia\\\/\",\"name\":\"Lifting de Savia - centre nefer\",\"isPartOf\":{\"@id\":\"https:\\\/\\\/nefer.es\\\/#website\"},\"primaryImageOfPage\":{\"@id\":\"https:\\\/\\\/nefer.es\\\/index.php\\\/lifting-de-savia\\\/#primaryimage\"},\"image\":{\"@id\":\"https:\\\/\\\/nefer.es\\\/index.php\\\/lifting-de-savia\\\/#primaryimage\"},\"thumbnailUrl\":\"https:\\\/\\\/i0.wp.com\\\/centreisis.es\\\/wp-content\\\/uploads\\\/2020\\\/12\\\/lifting.jpg?resize=720%2C720&amp;ssl=1\",\"datePublished\":\"2026-03-06T12:07:07+00:00\",\"dateModified\":\"2026-03-09T12:20:56+00:00\",\"breadcrumb\":{\"@id\":\"https:\\\/\\\/nefer.es\\\/index.php\\\/lifting-de-savia\\\/#breadcrumb\"},\"inLanguage\":\"es\",\"potentialAction\":[{\"@type\":\"ReadAction\",\"target\":[\"https:\\\/\\\/nefer.es\\\/index.php\\\/lifting-de-savia\\\/\"]}]},{\"@type\":\"ImageObject\",\"inLanguage\":\"es\",\"@id\":\"https:\\\/\\\/nefer.es\\\/index.php\\\/lifting-de-savia\\\/#primaryimage\",\"url\":\"https:\\\/\\\/i0.wp.com\\\/centreisis.es\\\/wp-content\\\/uploads\\\/2020\\\/12\\\/lifting.jpg?resize=720%2C720&amp;ssl=1\",\"contentUrl\":\"https:\\\/\\\/i0.wp.com\\\/centreisis.es\\\/wp-content\\\/uploads\\\/2020\\\/12\\\/lifting.jpg?resize=720%2C720&amp;ssl=1\"},{\"@type\":\"BreadcrumbList\",\"@id\":\"https:\\\/\\\/nefer.es\\\/index.php\\\/lifting-de-savia\\\/#breadcrumb\",\"itemListElement\":[{\"@type\":\"ListItem\",\"position\":1,\"name\":\"Portada\",\"item\":\"https:\\\/\\\/nefer.es\\\/\"},{\"@type\":\"ListItem\",\"position\":2,\"name\":\"Lifting de Savia\"}]},{\"@type\":\"WebSite\",\"@id\":\"https:\\\/\\\/nefer.es\\\/#website\",\"url\":\"https:\\\/\\\/nefer.es\\\/\",\"name\":\"centre nefer\",\"description\":\"\",\"publisher\":{\"@id\":\"https:\\\/\\\/nefer.es\\\/#organization\"},\"potentialAction\":[{\"@type\":\"SearchAction\",\"target\":{\"@type\":\"EntryPoint\",\"urlTemplate\":\"https:\\\/\\\/nefer.es\\\/?s={search_term_string}\"},\"query-input\":{\"@type\":\"PropertyValueSpecification\",\"valueRequired\":true,\"valueName\":\"search_term_string\"}}],\"inLanguage\":\"es\"},{\"@type\":\"Organization\",\"@id\":\"https:\\\/\\\/nefer.es\\\/#organization\",\"name\":\"centre nefer\",\"url\":\"https:\\\/\\\/nefer.es\\\/\",\"logo\":{\"@type\":\"ImageObject\",\"inLanguage\":\"es\",\"@id\":\"https:\\\/\\\/nefer.es\\\/#\\\/schema\\\/logo\\\/image\\\/\",\"url\":\"https:\\\/\\\/nefer.es\\\/wp-content\\\/uploads\\\/2026\\\/03\\\/cropped-logo-isis-dual-natura-1.jpg\",\"contentUrl\":\"https:\\\/\\\/nefer.es\\\/wp-content\\\/uploads\\\/2026\\\/03\\\/cropped-logo-isis-dual-natura-1.jpg\",\"width\":711,\"height\":534,\"caption\":\"centre nefer\"},\"image\":{\"@id\":\"https:\\\/\\\/nefer.es\\\/#\\\/schema\\\/logo\\\/image\\\/\"}}]}<\/script>\n<!-- \/ Yoast SEO plugin. -->","yoast_head_json":{"title":"Lifting de Savia - centre nefer","robots":{"index":"index","follow":"follow","max-snippet":"max-snippet:-1","max-image-preview":"max-image-preview:large","max-video-preview":"max-video-preview:-1"},"canonical":"https:\/\/nefer.es\/index.php\/lifting-de-savia\/","og_locale":"es_ES","og_type":"article","og_title":"Lifting de Savia - centre nefer","og_description":"En qu\u00e9 consiste Consigue una atractiva belleza natural con una piel m\u00e1s joven sin cirug\u00eda. Con inmediato resultado, gracias a la riqueza de las Savias de bamb\u00fa que iluminan y corrigen la flacidez y arrugas, fortaleciendo el col\u00e1geno, elevando los p\u00f3mulos y readaptando la piel sobre tus facciones. Con este tratamiento, percibir\u00e1s una profunda sensaci\u00f3n&hellip;&nbsp;","og_url":"https:\/\/nefer.es\/index.php\/lifting-de-savia\/","og_site_name":"centre nefer","article_modified_time":"2026-03-09T12:20:56+00:00","og_image":[{"url":"https:\/\/i0.wp.com\/centreisis.es\/wp-content\/uploads\/2020\/12\/lifting.jpg?resize=720%2C720&amp;ssl=1","type":"","width":"","height":""}],"twitter_card":"summary_large_image","twitter_misc":{"Tiempo de lectura":"1 minuto"},"schema":{"@context":"https:\/\/schema.org","@graph":[{"@type":"WebPage","@id":"https:\/\/nefer.es\/index.php\/lifting-de-savia\/","url":"https:\/\/nefer.es\/index.php\/lifting-de-savia\/","name":"Lifting de Savia - centre nefer","isPartOf":{"@id":"https:\/\/nefer.es\/#website"},"primaryImageOfPage":{"@id":"https:\/\/nefer.es\/index.php\/lifting-de-savia\/#primaryimage"},"image":{"@id":"https:\/\/nefer.es\/index.php\/lifting-de-savia\/#primaryimage"},"thumbnailUrl":"https:\/\/i0.wp.com\/centreisis.es\/wp-content\/uploads\/2020\/12\/lifting.jpg?resize=720%2C720&amp;ssl=1","datePublished":"2026-03-06T12:07:07+00:00","dateModified":"2026-03-09T12:20:56+00:00","breadcrumb":{"@id":"https:\/\/nefer.es\/index.php\/lifting-de-savia\/#breadcrumb"},"inLanguage":"es","potentialAction":[{"@type":"ReadAction","target":["https:\/\/nefer.es\/index.php\/lifting-de-savia\/"]}]},{"@type":"ImageObject","inLanguage":"es","@id":"https:\/\/nefer.es\/index.php\/lifting-de-savia\/#primaryimage","url":"https:\/\/i0.wp.com\/centreisis.es\/wp-content\/uploads\/2020\/12\/lifting.jpg?resize=720%2C720&amp;ssl=1","contentUrl":"https:\/\/i0.wp.com\/centreisis.es\/wp-content\/uploads\/2020\/12\/lifting.jpg?resize=720%2C720&amp;ssl=1"},{"@type":"BreadcrumbList","@id":"https:\/\/nefer.es\/index.php\/lifting-de-savia\/#breadcrumb","itemListElement":[{"@type":"ListItem","position":1,"name":"Portada","item":"https:\/\/nefer.es\/"},{"@type":"ListItem","position":2,"name":"Lifting de Savia"}]},{"@type":"WebSite","@id":"https:\/\/nefer.es\/#website","url":"https:\/\/nefer.es\/","name":"centre nefer","description":"","publisher":{"@id":"https:\/\/nefer.es\/#organization"},"potentialAction":[{"@type":"SearchAction","target":{"@type":"EntryPoint","urlTemplate":"https:\/\/nefer.es\/?s={search_term_string}"},"query-input":{"@type":"PropertyValueSpecification","valueRequired":true,"valueName":"search_term_string"}}],"inLanguage":"es"},{"@type":"Organization","@id":"https:\/\/nefer.es\/#organization","name":"centre nefer","url":"https:\/\/nefer.es\/","logo":{"@type":"ImageObject","inLanguage":"es","@id":"https:\/\/nefer.es\/#\/schema\/logo\/image\/","url":"https:\/\/nefer.es\/wp-content\/uploads\/2026\/03\/cropped-logo-isis-dual-natura-1.jpg","contentUrl":"https:\/\/nefer.es\/wp-content\/uploads\/2026\/03\/cropped-logo-isis-dual-natura-1.jpg","width":711,"height":534,"caption":"centre nefer"},"image":{"@id":"https:\/\/nefer.es\/#\/schema\/logo\/image\/"}}]}},"jetpack_sharing_enabled":true,"_links":{"self":[{"href":"https:\/\/nefer.es\/index.php\/wp-json\/wp\/v2\/pages\/118","targetHints":{"allow":["GET"]}}],"collection":[{"href":"https:\/\/nefer.es\/index.php\/wp-json\/wp\/v2\/pages"}],"about":[{"href":"https:\/\/nefer.es\/index.php\/wp-json\/wp\/v2\/types\/page"}],"author":[{"embeddable":true,"href":"https:\/\/nefer.es\/index.php\/wp-json\/wp\/v2\/users\/1"}],"replies":[{"embeddable":true,"href":"https:\/\/nefer.es\/index.php\/wp-json\/wp\/v2\/comments?post=118"}],"version-history":[{"count":2,"href":"https:\/\/nefer.es\/index.php\/wp-json\/wp\/v2\/pages\/118\/revisions"}],"predecessor-version":[{"id":208,"href":"https:\/\/nefer.es\/index.php\/wp-json\/wp\/v2\/pages\/118\/revisions\/208"}],"wp:attachment":[{"href":"https:\/\/nefer.es\/index.php\/wp-json\/wp\/v2\/media?parent=118"}],"curies":[{"name":"wp","href":"https:\/\/api.w.org\/{rel}","templated":true}]}}