{"id":120,"date":"2026-03-06T12:08:50","date_gmt":"2026-03-06T12:08:50","guid":{"rendered":"https:\/\/centreisis.com\/?page_id=120"},"modified":"2026-03-09T12:20:27","modified_gmt":"2026-03-09T12:20:27","slug":"higiene-facial-dulkamara-bamboo","status":"publish","type":"page","link":"https:\/\/nefer.es\/index.php\/higiene-facial-dulkamara-bamboo\/","title":{"rendered":"Higiene Facial Dulkamara Bamboo"},"content":{"rendered":"<div class=\"wp-block-image\">\n<figure class=\"aligncenter is-resized\"><img decoding=\"async\" src=\"https:\/\/i0.wp.com\/centreisis.es\/wp-content\/uploads\/2020\/12\/Captura_limpieza_facial.jpg?resize=489%2C323&amp;ssl=1\" alt=\"\" class=\"wp-image-436\" style=\"aspect-ratio:1.5139567510038219;width:329px;height:auto\" title=\"Captura_limpieza_facial\"\/><\/figure>\n<\/div>\n\n\n<h4 class=\"wp-block-heading has-text-align-center\">En qu\u00e9 consiste<\/h4>\n\n\n\n<p class=\"has-text-align-center\">La Higiene facial, tambi\u00e9n conocida con el nombre limpieza de cutis, es h\u00e1bito para la higiene y el mantenimiento de la piel del rostro.<\/p>\n\n\n\n<p class=\"has-text-align-center\">Aunque no nos maquillemos, es necesario una limpieza de piel diaria, para eliminar toxinas, restos de crema, polvo, contaminaci\u00f3n, que nos ensucian y nos obstruyen los poros.<\/p>\n\n\n\n<p class=\"has-text-align-center\">Aun teniendo un higiene diaria, siempre quedan restos y por este motivo necesitamos una limpieza m\u00e1s profunda, donde podemos eliminar c\u00e9lulas muertas y puntos negros i tonificamos i tratamos la piel.<\/p>\n\n\n\n<p><\/p>\n\n\n\n<h4 class=\"wp-block-heading has-text-align-center\">Procedimiento<\/h4>\n\n\n\n<p class=\"has-text-align-center\">\u2013&nbsp;<strong><em>Presoterapia<\/em><\/strong>&nbsp;\u2013 colocaci\u00f3n del aparato de presoterapia mientras realizamos la higiene facial, de esta manera activamos la circulaci\u00f3n sangu\u00ednea y linf\u00e1tica.<\/p>\n\n\n\n<p class=\"has-text-align-center\">\u2013&nbsp;<strong><em>Limpieza de piel<\/em><\/strong>&nbsp;\u2013 limpiamos rostro, ojos, labios, cuello y escote para eliminar restos de maquillaje, cremas, toxinas,\u2026<\/p>\n\n\n\n<p class=\"has-text-align-center\">\u2013&nbsp;<strong><em>Depilaci\u00f3n de cejas y labio superior<\/em><\/strong><\/p>\n\n\n\n<p class=\"has-text-align-center\">\u2013&nbsp;<strong><em>Exfoliaci\u00f3n<\/em><\/strong>&nbsp;\u2013 eliminaci\u00f3n de c\u00e9lulas muertas y exceso de queratina<\/p>\n\n\n\n<p class=\"has-text-align-center\">\u2013&nbsp;<strong><em>Aplicaci\u00f3n de vapor<\/em><\/strong>&nbsp;\u2013 para dilatar los poros y facilitar la extracci\u00f3n<\/p>\n\n\n\n<p class=\"has-text-align-center\">\u2013&nbsp;<strong><em>Extracci\u00f3n<\/em><\/strong>&nbsp;\u2013&nbsp; de puntos negros, intentando no dejar ninguna marca y hacer el menor da\u00f1o posible<\/p>\n\n\n\n<p class=\"has-text-align-center\">\u2013&nbsp;<strong><em>Masaje<\/em><\/strong>&nbsp;\u2013 realizaci\u00f3n de masaje facial<\/p>\n\n\n\n<p class=\"has-text-align-center\">\u2013&nbsp;<em><strong>Mascarilla<\/strong><\/em>&nbsp;\u2013 aplicamos mascarilla para descongestionar, depurar, hidratar y reafirmar la piel<\/p>\n\n\n\n<p class=\"has-text-align-center\">\u2013&nbsp;<strong><em>Crema facial<\/em><\/strong>&nbsp;\u2013 aplicaci\u00f3n de crema final dependiendo de cada tipo de piel<\/p>\n","protected":false},"excerpt":{"rendered":"<p>En qu\u00e9 consiste La Higiene facial, tambi\u00e9n conocida con el nombre limpieza de cutis, es h\u00e1bito para la higiene y el mantenimiento de la piel del rostro. Aunque no nos maquillemos, es necesario una limpieza de piel diaria, para eliminar toxinas, restos de crema, polvo, contaminaci\u00f3n, que nos ensucian y nos obstruyen los poros. Aun&hellip;&nbsp;<\/p>\n","protected":false},"author":1,"featured_media":0,"parent":0,"menu_order":0,"comment_status":"closed","ping_status":"closed","template":"","meta":{"neve_meta_sidebar":"","neve_meta_container":"","neve_meta_enable_content_width":"","neve_meta_content_width":0,"neve_meta_title_alignment":"","neve_meta_author_avatar":"","neve_post_elements_order":"","neve_meta_disable_header":"","neve_meta_disable_footer":"","neve_meta_disable_title":"","footnotes":""},"class_list":["post-120","page","type-page","status-publish","hentry"],"yoast_head":"<!-- This site is optimized with the Yoast SEO plugin v27.5 - https:\/\/yoast.com\/product\/yoast-seo-wordpress\/ -->\n<title>Higiene Facial Dulkamara Bamboo - centre nefer<\/title>\n<meta name=\"robots\" content=\"index, follow, max-snippet:-1, max-image-preview:large, max-video-preview:-1\" \/>\n<link rel=\"canonical\" href=\"https:\/\/nefer.es\/index.php\/higiene-facial-dulkamara-bamboo\/\" \/>\n<meta property=\"og:locale\" content=\"es_ES\" \/>\n<meta property=\"og:type\" content=\"article\" \/>\n<meta property=\"og:title\" content=\"Higiene Facial Dulkamara Bamboo - centre nefer\" \/>\n<meta property=\"og:description\" content=\"En qu\u00e9 consiste La Higiene facial, tambi\u00e9n conocida con el nombre limpieza de cutis, es h\u00e1bito para la higiene y el mantenimiento de la piel del rostro. Aunque no nos maquillemos, es necesario una limpieza de piel diaria, para eliminar toxinas, restos de crema, polvo, contaminaci\u00f3n, que nos ensucian y nos obstruyen los poros. Aun&hellip;&nbsp;\" \/>\n<meta property=\"og:url\" content=\"https:\/\/nefer.es\/index.php\/higiene-facial-dulkamara-bamboo\/\" \/>\n<meta property=\"og:site_name\" content=\"centre nefer\" \/>\n<meta property=\"article:modified_time\" content=\"2026-03-09T12:20:27+00:00\" \/>\n<meta property=\"og:image\" content=\"https:\/\/i0.wp.com\/centreisis.es\/wp-content\/uploads\/2020\/12\/Captura_limpieza_facial.jpg?resize=489%2C323&amp;ssl=1\" \/>\n<meta name=\"twitter:card\" content=\"summary_large_image\" \/>\n<meta name=\"twitter:label1\" content=\"Tiempo de lectura\" \/>\n\t<meta name=\"twitter:data1\" content=\"2 minutos\" \/>\n<script type=\"application\/ld+json\" class=\"yoast-schema-graph\">{\"@context\":\"https:\\\/\\\/schema.org\",\"@graph\":[{\"@type\":\"WebPage\",\"@id\":\"https:\\\/\\\/nefer.es\\\/index.php\\\/higiene-facial-dulkamara-bamboo\\\/\",\"url\":\"https:\\\/\\\/nefer.es\\\/index.php\\\/higiene-facial-dulkamara-bamboo\\\/\",\"name\":\"Higiene Facial Dulkamara Bamboo - centre nefer\",\"isPartOf\":{\"@id\":\"https:\\\/\\\/nefer.es\\\/#website\"},\"primaryImageOfPage\":{\"@id\":\"https:\\\/\\\/nefer.es\\\/index.php\\\/higiene-facial-dulkamara-bamboo\\\/#primaryimage\"},\"image\":{\"@id\":\"https:\\\/\\\/nefer.es\\\/index.php\\\/higiene-facial-dulkamara-bamboo\\\/#primaryimage\"},\"thumbnailUrl\":\"https:\\\/\\\/i0.wp.com\\\/centreisis.es\\\/wp-content\\\/uploads\\\/2020\\\/12\\\/Captura_limpieza_facial.jpg?resize=489%2C323&amp;ssl=1\",\"datePublished\":\"2026-03-06T12:08:50+00:00\",\"dateModified\":\"2026-03-09T12:20:27+00:00\",\"breadcrumb\":{\"@id\":\"https:\\\/\\\/nefer.es\\\/index.php\\\/higiene-facial-dulkamara-bamboo\\\/#breadcrumb\"},\"inLanguage\":\"es\",\"potentialAction\":[{\"@type\":\"ReadAction\",\"target\":[\"https:\\\/\\\/nefer.es\\\/index.php\\\/higiene-facial-dulkamara-bamboo\\\/\"]}]},{\"@type\":\"ImageObject\",\"inLanguage\":\"es\",\"@id\":\"https:\\\/\\\/nefer.es\\\/index.php\\\/higiene-facial-dulkamara-bamboo\\\/#primaryimage\",\"url\":\"https:\\\/\\\/i0.wp.com\\\/centreisis.es\\\/wp-content\\\/uploads\\\/2020\\\/12\\\/Captura_limpieza_facial.jpg?resize=489%2C323&amp;ssl=1\",\"contentUrl\":\"https:\\\/\\\/i0.wp.com\\\/centreisis.es\\\/wp-content\\\/uploads\\\/2020\\\/12\\\/Captura_limpieza_facial.jpg?resize=489%2C323&amp;ssl=1\"},{\"@type\":\"BreadcrumbList\",\"@id\":\"https:\\\/\\\/nefer.es\\\/index.php\\\/higiene-facial-dulkamara-bamboo\\\/#breadcrumb\",\"itemListElement\":[{\"@type\":\"ListItem\",\"position\":1,\"name\":\"Portada\",\"item\":\"https:\\\/\\\/nefer.es\\\/\"},{\"@type\":\"ListItem\",\"position\":2,\"name\":\"Higiene Facial Dulkamara Bamboo\"}]},{\"@type\":\"WebSite\",\"@id\":\"https:\\\/\\\/nefer.es\\\/#website\",\"url\":\"https:\\\/\\\/nefer.es\\\/\",\"name\":\"centre nefer\",\"description\":\"\",\"publisher\":{\"@id\":\"https:\\\/\\\/nefer.es\\\/#organization\"},\"potentialAction\":[{\"@type\":\"SearchAction\",\"target\":{\"@type\":\"EntryPoint\",\"urlTemplate\":\"https:\\\/\\\/nefer.es\\\/?s={search_term_string}\"},\"query-input\":{\"@type\":\"PropertyValueSpecification\",\"valueRequired\":true,\"valueName\":\"search_term_string\"}}],\"inLanguage\":\"es\"},{\"@type\":\"Organization\",\"@id\":\"https:\\\/\\\/nefer.es\\\/#organization\",\"name\":\"centre nefer\",\"url\":\"https:\\\/\\\/nefer.es\\\/\",\"logo\":{\"@type\":\"ImageObject\",\"inLanguage\":\"es\",\"@id\":\"https:\\\/\\\/nefer.es\\\/#\\\/schema\\\/logo\\\/image\\\/\",\"url\":\"https:\\\/\\\/nefer.es\\\/wp-content\\\/uploads\\\/2026\\\/03\\\/cropped-logo-isis-dual-natura-1.jpg\",\"contentUrl\":\"https:\\\/\\\/nefer.es\\\/wp-content\\\/uploads\\\/2026\\\/03\\\/cropped-logo-isis-dual-natura-1.jpg\",\"width\":711,\"height\":534,\"caption\":\"centre nefer\"},\"image\":{\"@id\":\"https:\\\/\\\/nefer.es\\\/#\\\/schema\\\/logo\\\/image\\\/\"}}]}<\/script>\n<!-- \/ Yoast SEO plugin. -->","yoast_head_json":{"title":"Higiene Facial Dulkamara Bamboo - centre nefer","robots":{"index":"index","follow":"follow","max-snippet":"max-snippet:-1","max-image-preview":"max-image-preview:large","max-video-preview":"max-video-preview:-1"},"canonical":"https:\/\/nefer.es\/index.php\/higiene-facial-dulkamara-bamboo\/","og_locale":"es_ES","og_type":"article","og_title":"Higiene Facial Dulkamara Bamboo - centre nefer","og_description":"En qu\u00e9 consiste La Higiene facial, tambi\u00e9n conocida con el nombre limpieza de cutis, es h\u00e1bito para la higiene y el mantenimiento de la piel del rostro. Aunque no nos maquillemos, es necesario una limpieza de piel diaria, para eliminar toxinas, restos de crema, polvo, contaminaci\u00f3n, que nos ensucian y nos obstruyen los poros. Aun&hellip;&nbsp;","og_url":"https:\/\/nefer.es\/index.php\/higiene-facial-dulkamara-bamboo\/","og_site_name":"centre nefer","article_modified_time":"2026-03-09T12:20:27+00:00","og_image":[{"url":"https:\/\/i0.wp.com\/centreisis.es\/wp-content\/uploads\/2020\/12\/Captura_limpieza_facial.jpg?resize=489%2C323&amp;ssl=1","type":"","width":"","height":""}],"twitter_card":"summary_large_image","twitter_misc":{"Tiempo de lectura":"2 minutos"},"schema":{"@context":"https:\/\/schema.org","@graph":[{"@type":"WebPage","@id":"https:\/\/nefer.es\/index.php\/higiene-facial-dulkamara-bamboo\/","url":"https:\/\/nefer.es\/index.php\/higiene-facial-dulkamara-bamboo\/","name":"Higiene Facial Dulkamara Bamboo - centre nefer","isPartOf":{"@id":"https:\/\/nefer.es\/#website"},"primaryImageOfPage":{"@id":"https:\/\/nefer.es\/index.php\/higiene-facial-dulkamara-bamboo\/#primaryimage"},"image":{"@id":"https:\/\/nefer.es\/index.php\/higiene-facial-dulkamara-bamboo\/#primaryimage"},"thumbnailUrl":"https:\/\/i0.wp.com\/centreisis.es\/wp-content\/uploads\/2020\/12\/Captura_limpieza_facial.jpg?resize=489%2C323&amp;ssl=1","datePublished":"2026-03-06T12:08:50+00:00","dateModified":"2026-03-09T12:20:27+00:00","breadcrumb":{"@id":"https:\/\/nefer.es\/index.php\/higiene-facial-dulkamara-bamboo\/#breadcrumb"},"inLanguage":"es","potentialAction":[{"@type":"ReadAction","target":["https:\/\/nefer.es\/index.php\/higiene-facial-dulkamara-bamboo\/"]}]},{"@type":"ImageObject","inLanguage":"es","@id":"https:\/\/nefer.es\/index.php\/higiene-facial-dulkamara-bamboo\/#primaryimage","url":"https:\/\/i0.wp.com\/centreisis.es\/wp-content\/uploads\/2020\/12\/Captura_limpieza_facial.jpg?resize=489%2C323&amp;ssl=1","contentUrl":"https:\/\/i0.wp.com\/centreisis.es\/wp-content\/uploads\/2020\/12\/Captura_limpieza_facial.jpg?resize=489%2C323&amp;ssl=1"},{"@type":"BreadcrumbList","@id":"https:\/\/nefer.es\/index.php\/higiene-facial-dulkamara-bamboo\/#breadcrumb","itemListElement":[{"@type":"ListItem","position":1,"name":"Portada","item":"https:\/\/nefer.es\/"},{"@type":"ListItem","position":2,"name":"Higiene Facial Dulkamara Bamboo"}]},{"@type":"WebSite","@id":"https:\/\/nefer.es\/#website","url":"https:\/\/nefer.es\/","name":"centre nefer","description":"","publisher":{"@id":"https:\/\/nefer.es\/#organization"},"potentialAction":[{"@type":"SearchAction","target":{"@type":"EntryPoint","urlTemplate":"https:\/\/nefer.es\/?s={search_term_string}"},"query-input":{"@type":"PropertyValueSpecification","valueRequired":true,"valueName":"search_term_string"}}],"inLanguage":"es"},{"@type":"Organization","@id":"https:\/\/nefer.es\/#organization","name":"centre nefer","url":"https:\/\/nefer.es\/","logo":{"@type":"ImageObject","inLanguage":"es","@id":"https:\/\/nefer.es\/#\/schema\/logo\/image\/","url":"https:\/\/nefer.es\/wp-content\/uploads\/2026\/03\/cropped-logo-isis-dual-natura-1.jpg","contentUrl":"https:\/\/nefer.es\/wp-content\/uploads\/2026\/03\/cropped-logo-isis-dual-natura-1.jpg","width":711,"height":534,"caption":"centre nefer"},"image":{"@id":"https:\/\/nefer.es\/#\/schema\/logo\/image\/"}}]}},"jetpack_sharing_enabled":true,"_links":{"self":[{"href":"https:\/\/nefer.es\/index.php\/wp-json\/wp\/v2\/pages\/120","targetHints":{"allow":["GET"]}}],"collection":[{"href":"https:\/\/nefer.es\/index.php\/wp-json\/wp\/v2\/pages"}],"about":[{"href":"https:\/\/nefer.es\/index.php\/wp-json\/wp\/v2\/types\/page"}],"author":[{"embeddable":true,"href":"https:\/\/nefer.es\/index.php\/wp-json\/wp\/v2\/users\/1"}],"replies":[{"embeddable":true,"href":"https:\/\/nefer.es\/index.php\/wp-json\/wp\/v2\/comments?post=120"}],"version-history":[{"count":3,"href":"https:\/\/nefer.es\/index.php\/wp-json\/wp\/v2\/pages\/120\/revisions"}],"predecessor-version":[{"id":207,"href":"https:\/\/nefer.es\/index.php\/wp-json\/wp\/v2\/pages\/120\/revisions\/207"}],"wp:attachment":[{"href":"https:\/\/nefer.es\/index.php\/wp-json\/wp\/v2\/media?parent=120"}],"curies":[{"name":"wp","href":"https:\/\/api.w.org\/{rel}","templated":true}]}}