{"id":122,"date":"2026-03-06T12:10:13","date_gmt":"2026-03-06T12:10:13","guid":{"rendered":"https:\/\/centreisis.com\/?page_id=122"},"modified":"2026-03-30T14:44:27","modified_gmt":"2026-03-30T14:44:27","slug":"masaje-ayurveda","status":"publish","type":"page","link":"https:\/\/nefer.es\/index.php\/masaje-ayurveda\/","title":{"rendered":"Masaje Ayurveda"},"content":{"rendered":"<div class=\"wp-block-image\">\n<figure class=\"aligncenter size-full is-resized\"><img loading=\"lazy\" decoding=\"async\" width=\"1024\" height=\"975\" src=\"https:\/\/nefer.es\/wp-content\/uploads\/2026\/03\/image-19.png\" alt=\"\" class=\"wp-image-506\" style=\"aspect-ratio:1.0502721447764278;width:491px;height:auto\" srcset=\"https:\/\/nefer.es\/wp-content\/uploads\/2026\/03\/image-19.png 1024w, https:\/\/nefer.es\/wp-content\/uploads\/2026\/03\/image-19-300x286.png 300w, https:\/\/nefer.es\/wp-content\/uploads\/2026\/03\/image-19-768x731.png 768w\" sizes=\"auto, (max-width: 1024px) 100vw, 1024px\" \/><\/figure>\n<\/div>\n\n\n<div style=\"height:63px\" aria-hidden=\"true\" class=\"wp-block-spacer\"><\/div>\n\n\n\n<h4 class=\"wp-block-heading has-text-align-center\">En qu\u00e9 consiste<\/h4>\n\n\n\n<p class=\"has-text-align-center\">Es originario de la India y consiste en un sistema de medicina tradicional con m\u00e1s de 5.000 a\u00f1os de&nbsp; antig\u00fcedad. En t\u00e9rminos s\u00e1nscritos Ayurveda quiere decir ciencia o conocimiento de la vida. La principal funci\u00f3n es lograr el equilibrio entre las energ\u00edas Vata (aire), Pitta (fuego) y Khapa (tierra), como parte de la filosof\u00eda Ayurveda, cuanto mayor es el equilibrio de estas energ\u00edas, mayor es tambi\u00e9n la salud de la persona.<\/p>\n\n\n\n<h4 class=\"wp-block-heading has-text-align-center\">Beneficios<\/h4>\n\n\n\n<p class=\"has-text-align-center\">Ayuda a equilibrar el cuerpo y la mente, aumentando la energ\u00eda vital y generando una profunda relajaci\u00f3n. Estimula la regulaci\u00f3n del cuerpo para volver a estados naturales de equilibrio.<\/p>\n\n\n\n<ul class=\"wp-block-list\">\n<li>\u2013 Nutre la piel<\/li>\n\n\n\n<li>\u2013 Mejora la circulaci\u00f3n<\/li>\n\n\n\n<li>\u2013 Elimina toxinas<\/li>\n\n\n\n<li>\u2013 Calma dolencias<\/li>\n\n\n\n<li>\u2013 Elimina fatiga e induce al sue\u00f1o<\/li>\n\n\n\n<li>\u2013 Lubrica articulaciones<\/li>\n<\/ul>\n","protected":false},"excerpt":{"rendered":"<p>En qu\u00e9 consiste Es originario de la India y consiste en un sistema de medicina tradicional con m\u00e1s de 5.000 a\u00f1os de&nbsp; antig\u00fcedad. En t\u00e9rminos s\u00e1nscritos Ayurveda quiere decir ciencia o conocimiento de la vida. La principal funci\u00f3n es lograr el equilibrio entre las energ\u00edas Vata (aire), Pitta (fuego) y Khapa (tierra), como parte de&hellip;&nbsp;<\/p>\n","protected":false},"author":1,"featured_media":0,"parent":0,"menu_order":0,"comment_status":"closed","ping_status":"closed","template":"","meta":{"neve_meta_sidebar":"","neve_meta_container":"","neve_meta_enable_content_width":"","neve_meta_content_width":0,"neve_meta_title_alignment":"","neve_meta_author_avatar":"","neve_post_elements_order":"","neve_meta_disable_header":"","neve_meta_disable_footer":"","neve_meta_disable_title":"","footnotes":""},"class_list":["post-122","page","type-page","status-publish","hentry"],"yoast_head":"<!-- This site is optimized with the Yoast SEO plugin v27.5 - https:\/\/yoast.com\/product\/yoast-seo-wordpress\/ -->\n<title>Masaje Ayurveda - centre nefer<\/title>\n<meta name=\"robots\" content=\"index, follow, max-snippet:-1, max-image-preview:large, max-video-preview:-1\" \/>\n<link rel=\"canonical\" href=\"https:\/\/nefer.es\/index.php\/masaje-ayurveda\/\" \/>\n<meta property=\"og:locale\" content=\"es_ES\" \/>\n<meta property=\"og:type\" content=\"article\" \/>\n<meta property=\"og:title\" content=\"Masaje Ayurveda - centre nefer\" \/>\n<meta property=\"og:description\" content=\"En qu\u00e9 consiste Es originario de la India y consiste en un sistema de medicina tradicional con m\u00e1s de 5.000 a\u00f1os de&nbsp; antig\u00fcedad. En t\u00e9rminos s\u00e1nscritos Ayurveda quiere decir ciencia o conocimiento de la vida. La principal funci\u00f3n es lograr el equilibrio entre las energ\u00edas Vata (aire), Pitta (fuego) y Khapa (tierra), como parte de&hellip;&nbsp;\" \/>\n<meta property=\"og:url\" content=\"https:\/\/nefer.es\/index.php\/masaje-ayurveda\/\" \/>\n<meta property=\"og:site_name\" content=\"centre nefer\" \/>\n<meta property=\"article:modified_time\" content=\"2026-03-30T14:44:27+00:00\" \/>\n<meta property=\"og:image\" content=\"https:\/\/nefer.es\/wp-content\/uploads\/2026\/03\/image-19.png\" \/>\n\t<meta property=\"og:image:width\" content=\"1024\" \/>\n\t<meta property=\"og:image:height\" content=\"975\" \/>\n\t<meta property=\"og:image:type\" content=\"image\/png\" \/>\n<meta name=\"twitter:card\" content=\"summary_large_image\" \/>\n<meta name=\"twitter:label1\" content=\"Tiempo de lectura\" \/>\n\t<meta name=\"twitter:data1\" content=\"1 minuto\" \/>\n<script type=\"application\/ld+json\" class=\"yoast-schema-graph\">{\"@context\":\"https:\\\/\\\/schema.org\",\"@graph\":[{\"@type\":\"WebPage\",\"@id\":\"https:\\\/\\\/nefer.es\\\/index.php\\\/masaje-ayurveda\\\/\",\"url\":\"https:\\\/\\\/nefer.es\\\/index.php\\\/masaje-ayurveda\\\/\",\"name\":\"Masaje Ayurveda - centre nefer\",\"isPartOf\":{\"@id\":\"https:\\\/\\\/nefer.es\\\/#website\"},\"primaryImageOfPage\":{\"@id\":\"https:\\\/\\\/nefer.es\\\/index.php\\\/masaje-ayurveda\\\/#primaryimage\"},\"image\":{\"@id\":\"https:\\\/\\\/nefer.es\\\/index.php\\\/masaje-ayurveda\\\/#primaryimage\"},\"thumbnailUrl\":\"https:\\\/\\\/nefer.es\\\/wp-content\\\/uploads\\\/2026\\\/03\\\/image-19.png\",\"datePublished\":\"2026-03-06T12:10:13+00:00\",\"dateModified\":\"2026-03-30T14:44:27+00:00\",\"breadcrumb\":{\"@id\":\"https:\\\/\\\/nefer.es\\\/index.php\\\/masaje-ayurveda\\\/#breadcrumb\"},\"inLanguage\":\"es\",\"potentialAction\":[{\"@type\":\"ReadAction\",\"target\":[\"https:\\\/\\\/nefer.es\\\/index.php\\\/masaje-ayurveda\\\/\"]}]},{\"@type\":\"ImageObject\",\"inLanguage\":\"es\",\"@id\":\"https:\\\/\\\/nefer.es\\\/index.php\\\/masaje-ayurveda\\\/#primaryimage\",\"url\":\"https:\\\/\\\/nefer.es\\\/wp-content\\\/uploads\\\/2026\\\/03\\\/image-19.png\",\"contentUrl\":\"https:\\\/\\\/nefer.es\\\/wp-content\\\/uploads\\\/2026\\\/03\\\/image-19.png\",\"width\":1024,\"height\":975},{\"@type\":\"BreadcrumbList\",\"@id\":\"https:\\\/\\\/nefer.es\\\/index.php\\\/masaje-ayurveda\\\/#breadcrumb\",\"itemListElement\":[{\"@type\":\"ListItem\",\"position\":1,\"name\":\"Portada\",\"item\":\"https:\\\/\\\/nefer.es\\\/\"},{\"@type\":\"ListItem\",\"position\":2,\"name\":\"Masaje Ayurveda\"}]},{\"@type\":\"WebSite\",\"@id\":\"https:\\\/\\\/nefer.es\\\/#website\",\"url\":\"https:\\\/\\\/nefer.es\\\/\",\"name\":\"centre nefer\",\"description\":\"\",\"publisher\":{\"@id\":\"https:\\\/\\\/nefer.es\\\/#organization\"},\"potentialAction\":[{\"@type\":\"SearchAction\",\"target\":{\"@type\":\"EntryPoint\",\"urlTemplate\":\"https:\\\/\\\/nefer.es\\\/?s={search_term_string}\"},\"query-input\":{\"@type\":\"PropertyValueSpecification\",\"valueRequired\":true,\"valueName\":\"search_term_string\"}}],\"inLanguage\":\"es\"},{\"@type\":\"Organization\",\"@id\":\"https:\\\/\\\/nefer.es\\\/#organization\",\"name\":\"centre nefer\",\"url\":\"https:\\\/\\\/nefer.es\\\/\",\"logo\":{\"@type\":\"ImageObject\",\"inLanguage\":\"es\",\"@id\":\"https:\\\/\\\/nefer.es\\\/#\\\/schema\\\/logo\\\/image\\\/\",\"url\":\"https:\\\/\\\/nefer.es\\\/wp-content\\\/uploads\\\/2026\\\/03\\\/cropped-logo-isis-dual-natura-1.jpg\",\"contentUrl\":\"https:\\\/\\\/nefer.es\\\/wp-content\\\/uploads\\\/2026\\\/03\\\/cropped-logo-isis-dual-natura-1.jpg\",\"width\":711,\"height\":534,\"caption\":\"centre nefer\"},\"image\":{\"@id\":\"https:\\\/\\\/nefer.es\\\/#\\\/schema\\\/logo\\\/image\\\/\"}}]}<\/script>\n<!-- \/ Yoast SEO plugin. -->","yoast_head_json":{"title":"Masaje Ayurveda - centre nefer","robots":{"index":"index","follow":"follow","max-snippet":"max-snippet:-1","max-image-preview":"max-image-preview:large","max-video-preview":"max-video-preview:-1"},"canonical":"https:\/\/nefer.es\/index.php\/masaje-ayurveda\/","og_locale":"es_ES","og_type":"article","og_title":"Masaje Ayurveda - centre nefer","og_description":"En qu\u00e9 consiste Es originario de la India y consiste en un sistema de medicina tradicional con m\u00e1s de 5.000 a\u00f1os de&nbsp; antig\u00fcedad. En t\u00e9rminos s\u00e1nscritos Ayurveda quiere decir ciencia o conocimiento de la vida. La principal funci\u00f3n es lograr el equilibrio entre las energ\u00edas Vata (aire), Pitta (fuego) y Khapa (tierra), como parte de&hellip;&nbsp;","og_url":"https:\/\/nefer.es\/index.php\/masaje-ayurveda\/","og_site_name":"centre nefer","article_modified_time":"2026-03-30T14:44:27+00:00","og_image":[{"width":1024,"height":975,"url":"https:\/\/nefer.es\/wp-content\/uploads\/2026\/03\/image-19.png","type":"image\/png"}],"twitter_card":"summary_large_image","twitter_misc":{"Tiempo de lectura":"1 minuto"},"schema":{"@context":"https:\/\/schema.org","@graph":[{"@type":"WebPage","@id":"https:\/\/nefer.es\/index.php\/masaje-ayurveda\/","url":"https:\/\/nefer.es\/index.php\/masaje-ayurveda\/","name":"Masaje Ayurveda - centre nefer","isPartOf":{"@id":"https:\/\/nefer.es\/#website"},"primaryImageOfPage":{"@id":"https:\/\/nefer.es\/index.php\/masaje-ayurveda\/#primaryimage"},"image":{"@id":"https:\/\/nefer.es\/index.php\/masaje-ayurveda\/#primaryimage"},"thumbnailUrl":"https:\/\/nefer.es\/wp-content\/uploads\/2026\/03\/image-19.png","datePublished":"2026-03-06T12:10:13+00:00","dateModified":"2026-03-30T14:44:27+00:00","breadcrumb":{"@id":"https:\/\/nefer.es\/index.php\/masaje-ayurveda\/#breadcrumb"},"inLanguage":"es","potentialAction":[{"@type":"ReadAction","target":["https:\/\/nefer.es\/index.php\/masaje-ayurveda\/"]}]},{"@type":"ImageObject","inLanguage":"es","@id":"https:\/\/nefer.es\/index.php\/masaje-ayurveda\/#primaryimage","url":"https:\/\/nefer.es\/wp-content\/uploads\/2026\/03\/image-19.png","contentUrl":"https:\/\/nefer.es\/wp-content\/uploads\/2026\/03\/image-19.png","width":1024,"height":975},{"@type":"BreadcrumbList","@id":"https:\/\/nefer.es\/index.php\/masaje-ayurveda\/#breadcrumb","itemListElement":[{"@type":"ListItem","position":1,"name":"Portada","item":"https:\/\/nefer.es\/"},{"@type":"ListItem","position":2,"name":"Masaje Ayurveda"}]},{"@type":"WebSite","@id":"https:\/\/nefer.es\/#website","url":"https:\/\/nefer.es\/","name":"centre nefer","description":"","publisher":{"@id":"https:\/\/nefer.es\/#organization"},"potentialAction":[{"@type":"SearchAction","target":{"@type":"EntryPoint","urlTemplate":"https:\/\/nefer.es\/?s={search_term_string}"},"query-input":{"@type":"PropertyValueSpecification","valueRequired":true,"valueName":"search_term_string"}}],"inLanguage":"es"},{"@type":"Organization","@id":"https:\/\/nefer.es\/#organization","name":"centre nefer","url":"https:\/\/nefer.es\/","logo":{"@type":"ImageObject","inLanguage":"es","@id":"https:\/\/nefer.es\/#\/schema\/logo\/image\/","url":"https:\/\/nefer.es\/wp-content\/uploads\/2026\/03\/cropped-logo-isis-dual-natura-1.jpg","contentUrl":"https:\/\/nefer.es\/wp-content\/uploads\/2026\/03\/cropped-logo-isis-dual-natura-1.jpg","width":711,"height":534,"caption":"centre nefer"},"image":{"@id":"https:\/\/nefer.es\/#\/schema\/logo\/image\/"}}]}},"jetpack_sharing_enabled":true,"_links":{"self":[{"href":"https:\/\/nefer.es\/index.php\/wp-json\/wp\/v2\/pages\/122","targetHints":{"allow":["GET"]}}],"collection":[{"href":"https:\/\/nefer.es\/index.php\/wp-json\/wp\/v2\/pages"}],"about":[{"href":"https:\/\/nefer.es\/index.php\/wp-json\/wp\/v2\/types\/page"}],"author":[{"embeddable":true,"href":"https:\/\/nefer.es\/index.php\/wp-json\/wp\/v2\/users\/1"}],"replies":[{"embeddable":true,"href":"https:\/\/nefer.es\/index.php\/wp-json\/wp\/v2\/comments?post=122"}],"version-history":[{"count":4,"href":"https:\/\/nefer.es\/index.php\/wp-json\/wp\/v2\/pages\/122\/revisions"}],"predecessor-version":[{"id":509,"href":"https:\/\/nefer.es\/index.php\/wp-json\/wp\/v2\/pages\/122\/revisions\/509"}],"wp:attachment":[{"href":"https:\/\/nefer.es\/index.php\/wp-json\/wp\/v2\/media?parent=122"}],"curies":[{"name":"wp","href":"https:\/\/api.w.org\/{rel}","templated":true}]}}