{"id":130,"date":"2026-03-06T12:17:25","date_gmt":"2026-03-06T12:17:25","guid":{"rendered":"https:\/\/centreisis.com\/?page_id=130"},"modified":"2026-03-30T14:28:05","modified_gmt":"2026-03-30T14:28:05","slug":"masaje-relajante","status":"publish","type":"page","link":"https:\/\/nefer.es\/index.php\/masaje-relajante\/","title":{"rendered":"Masaje Relajante"},"content":{"rendered":"<div class=\"wp-block-image\">\n<figure class=\"aligncenter size-full is-resized\"><img loading=\"lazy\" decoding=\"async\" width=\"1024\" height=\"559\" src=\"https:\/\/nefer.es\/wp-content\/uploads\/2026\/03\/image-16.png\" alt=\"\" class=\"wp-image-500\" style=\"aspect-ratio:1.8319179618650858;width:381px;height:auto\" srcset=\"https:\/\/nefer.es\/wp-content\/uploads\/2026\/03\/image-16.png 1024w, https:\/\/nefer.es\/wp-content\/uploads\/2026\/03\/image-16-300x164.png 300w, https:\/\/nefer.es\/wp-content\/uploads\/2026\/03\/image-16-768x419.png 768w\" sizes=\"auto, (max-width: 1024px) 100vw, 1024px\" \/><\/figure>\n<\/div>\n\n\n<h4 class=\"wp-block-heading has-text-align-center\">En qu\u00e9 consiste<\/h4>\n\n\n\n<p class=\"has-text-align-center\">El masaje relajante alivia la tensi\u00f3n y consigue un estado mental de relajaci\u00f3n, priorizando las manipulaciones y los pasos suaves.<\/p>\n\n\n\n<p class=\"has-text-align-center\">Act\u00faa sobre el sistema nervioso, circulatorio y energ\u00e9tico.<\/p>\n\n\n\n<p class=\"has-text-align-center\">Mejora el bienestar de la persona ya que aumenta la producci\u00f3n de endorfinas.<\/p>\n\n\n\n<hr class=\"wp-block-separator has-alpha-channel-opacity\"\/>\n\n\n\n<h4 class=\"wp-block-heading has-text-align-center\">Recomendado<\/h4>\n\n\n\n<p class=\"has-text-align-center\">Este tipo de masaje va dirigido a todo tipo de paciente, pero especialmente recomendado a personas sometidas a gran presi\u00f3n laboral o personal, con estr\u00e9s, ansiedad, etc.<\/p>\n\n\n\n<p class=\"has-text-align-center\">Dado que el masaje relajante no es una terapia agresiva ni invasiva no tiene contra indicaciones.<\/p>\n","protected":false},"excerpt":{"rendered":"<p>En qu\u00e9 consiste El masaje relajante alivia la tensi\u00f3n y consigue un estado mental de relajaci\u00f3n, priorizando las manipulaciones y los pasos suaves. Act\u00faa sobre el sistema nervioso, circulatorio y energ\u00e9tico. Mejora el bienestar de la persona ya que aumenta la producci\u00f3n de endorfinas. Recomendado Este tipo de masaje va dirigido a todo tipo de&hellip;&nbsp;<\/p>\n","protected":false},"author":1,"featured_media":0,"parent":0,"menu_order":0,"comment_status":"closed","ping_status":"closed","template":"","meta":{"neve_meta_sidebar":"","neve_meta_container":"","neve_meta_enable_content_width":"","neve_meta_content_width":0,"neve_meta_title_alignment":"","neve_meta_author_avatar":"","neve_post_elements_order":"","neve_meta_disable_header":"","neve_meta_disable_footer":"","neve_meta_disable_title":"","footnotes":""},"class_list":["post-130","page","type-page","status-publish","hentry"],"yoast_head":"<!-- This site is optimized with the Yoast SEO plugin v27.5 - https:\/\/yoast.com\/product\/yoast-seo-wordpress\/ -->\n<title>Masaje Relajante - centre nefer<\/title>\n<meta name=\"robots\" content=\"index, follow, max-snippet:-1, max-image-preview:large, max-video-preview:-1\" \/>\n<link rel=\"canonical\" href=\"https:\/\/nefer.es\/index.php\/masaje-relajante\/\" \/>\n<meta property=\"og:locale\" content=\"es_ES\" \/>\n<meta property=\"og:type\" content=\"article\" \/>\n<meta property=\"og:title\" content=\"Masaje Relajante - centre nefer\" \/>\n<meta property=\"og:description\" content=\"En qu\u00e9 consiste El masaje relajante alivia la tensi\u00f3n y consigue un estado mental de relajaci\u00f3n, priorizando las manipulaciones y los pasos suaves. Act\u00faa sobre el sistema nervioso, circulatorio y energ\u00e9tico. Mejora el bienestar de la persona ya que aumenta la producci\u00f3n de endorfinas. Recomendado Este tipo de masaje va dirigido a todo tipo de&hellip;&nbsp;\" \/>\n<meta property=\"og:url\" content=\"https:\/\/nefer.es\/index.php\/masaje-relajante\/\" \/>\n<meta property=\"og:site_name\" content=\"centre nefer\" \/>\n<meta property=\"article:modified_time\" content=\"2026-03-30T14:28:05+00:00\" \/>\n<meta property=\"og:image\" content=\"https:\/\/nefer.es\/wp-content\/uploads\/2026\/03\/image-16.png\" \/>\n\t<meta property=\"og:image:width\" content=\"1024\" \/>\n\t<meta property=\"og:image:height\" content=\"559\" \/>\n\t<meta property=\"og:image:type\" content=\"image\/png\" \/>\n<meta name=\"twitter:card\" content=\"summary_large_image\" \/>\n<meta name=\"twitter:label1\" content=\"Tiempo de lectura\" \/>\n\t<meta name=\"twitter:data1\" content=\"1 minuto\" \/>\n<script type=\"application\/ld+json\" class=\"yoast-schema-graph\">{\"@context\":\"https:\\\/\\\/schema.org\",\"@graph\":[{\"@type\":\"WebPage\",\"@id\":\"https:\\\/\\\/nefer.es\\\/index.php\\\/masaje-relajante\\\/\",\"url\":\"https:\\\/\\\/nefer.es\\\/index.php\\\/masaje-relajante\\\/\",\"name\":\"Masaje Relajante - centre nefer\",\"isPartOf\":{\"@id\":\"https:\\\/\\\/nefer.es\\\/#website\"},\"primaryImageOfPage\":{\"@id\":\"https:\\\/\\\/nefer.es\\\/index.php\\\/masaje-relajante\\\/#primaryimage\"},\"image\":{\"@id\":\"https:\\\/\\\/nefer.es\\\/index.php\\\/masaje-relajante\\\/#primaryimage\"},\"thumbnailUrl\":\"https:\\\/\\\/nefer.es\\\/wp-content\\\/uploads\\\/2026\\\/03\\\/image-16.png\",\"datePublished\":\"2026-03-06T12:17:25+00:00\",\"dateModified\":\"2026-03-30T14:28:05+00:00\",\"breadcrumb\":{\"@id\":\"https:\\\/\\\/nefer.es\\\/index.php\\\/masaje-relajante\\\/#breadcrumb\"},\"inLanguage\":\"es\",\"potentialAction\":[{\"@type\":\"ReadAction\",\"target\":[\"https:\\\/\\\/nefer.es\\\/index.php\\\/masaje-relajante\\\/\"]}]},{\"@type\":\"ImageObject\",\"inLanguage\":\"es\",\"@id\":\"https:\\\/\\\/nefer.es\\\/index.php\\\/masaje-relajante\\\/#primaryimage\",\"url\":\"https:\\\/\\\/nefer.es\\\/wp-content\\\/uploads\\\/2026\\\/03\\\/image-16.png\",\"contentUrl\":\"https:\\\/\\\/nefer.es\\\/wp-content\\\/uploads\\\/2026\\\/03\\\/image-16.png\",\"width\":1024,\"height\":559},{\"@type\":\"BreadcrumbList\",\"@id\":\"https:\\\/\\\/nefer.es\\\/index.php\\\/masaje-relajante\\\/#breadcrumb\",\"itemListElement\":[{\"@type\":\"ListItem\",\"position\":1,\"name\":\"Portada\",\"item\":\"https:\\\/\\\/nefer.es\\\/\"},{\"@type\":\"ListItem\",\"position\":2,\"name\":\"Masaje Relajante\"}]},{\"@type\":\"WebSite\",\"@id\":\"https:\\\/\\\/nefer.es\\\/#website\",\"url\":\"https:\\\/\\\/nefer.es\\\/\",\"name\":\"centre nefer\",\"description\":\"\",\"publisher\":{\"@id\":\"https:\\\/\\\/nefer.es\\\/#organization\"},\"potentialAction\":[{\"@type\":\"SearchAction\",\"target\":{\"@type\":\"EntryPoint\",\"urlTemplate\":\"https:\\\/\\\/nefer.es\\\/?s={search_term_string}\"},\"query-input\":{\"@type\":\"PropertyValueSpecification\",\"valueRequired\":true,\"valueName\":\"search_term_string\"}}],\"inLanguage\":\"es\"},{\"@type\":\"Organization\",\"@id\":\"https:\\\/\\\/nefer.es\\\/#organization\",\"name\":\"centre nefer\",\"url\":\"https:\\\/\\\/nefer.es\\\/\",\"logo\":{\"@type\":\"ImageObject\",\"inLanguage\":\"es\",\"@id\":\"https:\\\/\\\/nefer.es\\\/#\\\/schema\\\/logo\\\/image\\\/\",\"url\":\"https:\\\/\\\/nefer.es\\\/wp-content\\\/uploads\\\/2026\\\/03\\\/cropped-logo-isis-dual-natura-1.jpg\",\"contentUrl\":\"https:\\\/\\\/nefer.es\\\/wp-content\\\/uploads\\\/2026\\\/03\\\/cropped-logo-isis-dual-natura-1.jpg\",\"width\":711,\"height\":534,\"caption\":\"centre nefer\"},\"image\":{\"@id\":\"https:\\\/\\\/nefer.es\\\/#\\\/schema\\\/logo\\\/image\\\/\"}}]}<\/script>\n<!-- \/ Yoast SEO plugin. -->","yoast_head_json":{"title":"Masaje Relajante - centre nefer","robots":{"index":"index","follow":"follow","max-snippet":"max-snippet:-1","max-image-preview":"max-image-preview:large","max-video-preview":"max-video-preview:-1"},"canonical":"https:\/\/nefer.es\/index.php\/masaje-relajante\/","og_locale":"es_ES","og_type":"article","og_title":"Masaje Relajante - centre nefer","og_description":"En qu\u00e9 consiste El masaje relajante alivia la tensi\u00f3n y consigue un estado mental de relajaci\u00f3n, priorizando las manipulaciones y los pasos suaves. Act\u00faa sobre el sistema nervioso, circulatorio y energ\u00e9tico. Mejora el bienestar de la persona ya que aumenta la producci\u00f3n de endorfinas. Recomendado Este tipo de masaje va dirigido a todo tipo de&hellip;&nbsp;","og_url":"https:\/\/nefer.es\/index.php\/masaje-relajante\/","og_site_name":"centre nefer","article_modified_time":"2026-03-30T14:28:05+00:00","og_image":[{"width":1024,"height":559,"url":"https:\/\/nefer.es\/wp-content\/uploads\/2026\/03\/image-16.png","type":"image\/png"}],"twitter_card":"summary_large_image","twitter_misc":{"Tiempo de lectura":"1 minuto"},"schema":{"@context":"https:\/\/schema.org","@graph":[{"@type":"WebPage","@id":"https:\/\/nefer.es\/index.php\/masaje-relajante\/","url":"https:\/\/nefer.es\/index.php\/masaje-relajante\/","name":"Masaje Relajante - centre nefer","isPartOf":{"@id":"https:\/\/nefer.es\/#website"},"primaryImageOfPage":{"@id":"https:\/\/nefer.es\/index.php\/masaje-relajante\/#primaryimage"},"image":{"@id":"https:\/\/nefer.es\/index.php\/masaje-relajante\/#primaryimage"},"thumbnailUrl":"https:\/\/nefer.es\/wp-content\/uploads\/2026\/03\/image-16.png","datePublished":"2026-03-06T12:17:25+00:00","dateModified":"2026-03-30T14:28:05+00:00","breadcrumb":{"@id":"https:\/\/nefer.es\/index.php\/masaje-relajante\/#breadcrumb"},"inLanguage":"es","potentialAction":[{"@type":"ReadAction","target":["https:\/\/nefer.es\/index.php\/masaje-relajante\/"]}]},{"@type":"ImageObject","inLanguage":"es","@id":"https:\/\/nefer.es\/index.php\/masaje-relajante\/#primaryimage","url":"https:\/\/nefer.es\/wp-content\/uploads\/2026\/03\/image-16.png","contentUrl":"https:\/\/nefer.es\/wp-content\/uploads\/2026\/03\/image-16.png","width":1024,"height":559},{"@type":"BreadcrumbList","@id":"https:\/\/nefer.es\/index.php\/masaje-relajante\/#breadcrumb","itemListElement":[{"@type":"ListItem","position":1,"name":"Portada","item":"https:\/\/nefer.es\/"},{"@type":"ListItem","position":2,"name":"Masaje Relajante"}]},{"@type":"WebSite","@id":"https:\/\/nefer.es\/#website","url":"https:\/\/nefer.es\/","name":"centre nefer","description":"","publisher":{"@id":"https:\/\/nefer.es\/#organization"},"potentialAction":[{"@type":"SearchAction","target":{"@type":"EntryPoint","urlTemplate":"https:\/\/nefer.es\/?s={search_term_string}"},"query-input":{"@type":"PropertyValueSpecification","valueRequired":true,"valueName":"search_term_string"}}],"inLanguage":"es"},{"@type":"Organization","@id":"https:\/\/nefer.es\/#organization","name":"centre nefer","url":"https:\/\/nefer.es\/","logo":{"@type":"ImageObject","inLanguage":"es","@id":"https:\/\/nefer.es\/#\/schema\/logo\/image\/","url":"https:\/\/nefer.es\/wp-content\/uploads\/2026\/03\/cropped-logo-isis-dual-natura-1.jpg","contentUrl":"https:\/\/nefer.es\/wp-content\/uploads\/2026\/03\/cropped-logo-isis-dual-natura-1.jpg","width":711,"height":534,"caption":"centre nefer"},"image":{"@id":"https:\/\/nefer.es\/#\/schema\/logo\/image\/"}}]}},"jetpack_sharing_enabled":true,"_links":{"self":[{"href":"https:\/\/nefer.es\/index.php\/wp-json\/wp\/v2\/pages\/130","targetHints":{"allow":["GET"]}}],"collection":[{"href":"https:\/\/nefer.es\/index.php\/wp-json\/wp\/v2\/pages"}],"about":[{"href":"https:\/\/nefer.es\/index.php\/wp-json\/wp\/v2\/types\/page"}],"author":[{"embeddable":true,"href":"https:\/\/nefer.es\/index.php\/wp-json\/wp\/v2\/users\/1"}],"replies":[{"embeddable":true,"href":"https:\/\/nefer.es\/index.php\/wp-json\/wp\/v2\/comments?post=130"}],"version-history":[{"count":4,"href":"https:\/\/nefer.es\/index.php\/wp-json\/wp\/v2\/pages\/130\/revisions"}],"predecessor-version":[{"id":501,"href":"https:\/\/nefer.es\/index.php\/wp-json\/wp\/v2\/pages\/130\/revisions\/501"}],"wp:attachment":[{"href":"https:\/\/nefer.es\/index.php\/wp-json\/wp\/v2\/media?parent=130"}],"curies":[{"name":"wp","href":"https:\/\/api.w.org\/{rel}","templated":true}]}}