{"id":136,"date":"2026-03-06T15:49:47","date_gmt":"2026-03-06T15:49:47","guid":{"rendered":"https:\/\/centreisis.com\/?page_id=136"},"modified":"2026-03-07T11:10:42","modified_gmt":"2026-03-07T11:10:42","slug":"biolifting","status":"publish","type":"page","link":"https:\/\/nefer.es\/index.php\/biolifting\/","title":{"rendered":"Biolifting"},"content":{"rendered":"<div class=\"wp-block-image\">\n<figure class=\"aligncenter is-resized\"><img decoding=\"async\" src=\"https:\/\/i0.wp.com\/centreisis.es\/wp-content\/uploads\/2020\/12\/Captura_biolifting.jpg?resize=536%2C330&amp;ssl=1\" alt=\"\" class=\"wp-image-388\" style=\"aspect-ratio:1.6242719825749325;width:311px;height:auto\" title=\"Captura_biolifting\"\/><\/figure>\n<\/div>\n\n\n<h4 class=\"wp-block-heading has-text-align-center\">En qu\u00e9 consiste<\/h4>\n\n\n\n<p class=\"has-text-align-center\">Rejuvenece la piel sin cirug\u00eda, con este tratamiento facial que combina las t\u00e9cnicas de masajes, que junto con los principios activos del producto como el silicio org\u00e1nico del bamb\u00fa, los \u00e1cidos grasos esenciales, la Rosa centifolia o la Centella asi\u00e1tica, estimulan la producci\u00f3n de col\u00e1geno y elastina, corrigiendo la flacidez, elevando p\u00f3mulos y readaptando la piel sobre tus facciones.<\/p>\n\n\n\n<p><\/p>\n\n\n\n<hr class=\"wp-block-separator has-alpha-channel-opacity\"\/>\n\n\n\n<h4 class=\"wp-block-heading has-text-align-center\">A tener en cuenta<\/h4>\n\n\n\n<p class=\"has-text-align-center\">Tratamiento reafirmante y regenerador, que aten\u00faa las arrugas, para conseguir una piel m\u00e1s firme, luminosa y rejuvenecida.<\/p>\n\n\n\n<p class=\"has-text-align-center\">Con efecto lifting notable desde la primera sesi\u00f3n.<\/p>\n","protected":false},"excerpt":{"rendered":"<p>En qu\u00e9 consiste Rejuvenece la piel sin cirug\u00eda, con este tratamiento facial que combina las t\u00e9cnicas de masajes, que junto con los principios activos del producto como el silicio org\u00e1nico del bamb\u00fa, los \u00e1cidos grasos esenciales, la Rosa centifolia o la Centella asi\u00e1tica, estimulan la producci\u00f3n de col\u00e1geno y elastina, corrigiendo la flacidez, elevando p\u00f3mulos&hellip;&nbsp;<\/p>\n","protected":false},"author":1,"featured_media":0,"parent":0,"menu_order":0,"comment_status":"closed","ping_status":"closed","template":"","meta":{"neve_meta_sidebar":"","neve_meta_container":"","neve_meta_enable_content_width":"","neve_meta_content_width":0,"neve_meta_title_alignment":"","neve_meta_author_avatar":"","neve_post_elements_order":"","neve_meta_disable_header":"","neve_meta_disable_footer":"","neve_meta_disable_title":"","footnotes":""},"class_list":["post-136","page","type-page","status-publish","hentry"],"yoast_head":"<!-- This site is optimized with the Yoast SEO plugin v27.5 - https:\/\/yoast.com\/product\/yoast-seo-wordpress\/ -->\n<title>Biolifting - centre nefer<\/title>\n<meta name=\"robots\" content=\"index, follow, max-snippet:-1, max-image-preview:large, max-video-preview:-1\" \/>\n<link rel=\"canonical\" href=\"https:\/\/nefer.es\/index.php\/biolifting\/\" \/>\n<meta property=\"og:locale\" content=\"es_ES\" \/>\n<meta property=\"og:type\" content=\"article\" \/>\n<meta property=\"og:title\" content=\"Biolifting - centre nefer\" \/>\n<meta property=\"og:description\" content=\"En qu\u00e9 consiste Rejuvenece la piel sin cirug\u00eda, con este tratamiento facial que combina las t\u00e9cnicas de masajes, que junto con los principios activos del producto como el silicio org\u00e1nico del bamb\u00fa, los \u00e1cidos grasos esenciales, la Rosa centifolia o la Centella asi\u00e1tica, estimulan la producci\u00f3n de col\u00e1geno y elastina, corrigiendo la flacidez, elevando p\u00f3mulos&hellip;&nbsp;\" \/>\n<meta property=\"og:url\" content=\"https:\/\/nefer.es\/index.php\/biolifting\/\" \/>\n<meta property=\"og:site_name\" content=\"centre nefer\" \/>\n<meta property=\"article:modified_time\" content=\"2026-03-07T11:10:42+00:00\" \/>\n<meta property=\"og:image\" content=\"https:\/\/i0.wp.com\/centreisis.es\/wp-content\/uploads\/2020\/12\/Captura_biolifting.jpg?resize=536%2C330&amp;ssl=1\" \/>\n<meta name=\"twitter:card\" content=\"summary_large_image\" \/>\n<meta name=\"twitter:label1\" content=\"Tiempo de lectura\" \/>\n\t<meta name=\"twitter:data1\" content=\"1 minuto\" \/>\n<script type=\"application\/ld+json\" class=\"yoast-schema-graph\">{\"@context\":\"https:\\\/\\\/schema.org\",\"@graph\":[{\"@type\":\"WebPage\",\"@id\":\"https:\\\/\\\/nefer.es\\\/index.php\\\/biolifting\\\/\",\"url\":\"https:\\\/\\\/nefer.es\\\/index.php\\\/biolifting\\\/\",\"name\":\"Biolifting - centre nefer\",\"isPartOf\":{\"@id\":\"https:\\\/\\\/nefer.es\\\/#website\"},\"primaryImageOfPage\":{\"@id\":\"https:\\\/\\\/nefer.es\\\/index.php\\\/biolifting\\\/#primaryimage\"},\"image\":{\"@id\":\"https:\\\/\\\/nefer.es\\\/index.php\\\/biolifting\\\/#primaryimage\"},\"thumbnailUrl\":\"https:\\\/\\\/i0.wp.com\\\/centreisis.es\\\/wp-content\\\/uploads\\\/2020\\\/12\\\/Captura_biolifting.jpg?resize=536%2C330&amp;ssl=1\",\"datePublished\":\"2026-03-06T15:49:47+00:00\",\"dateModified\":\"2026-03-07T11:10:42+00:00\",\"breadcrumb\":{\"@id\":\"https:\\\/\\\/nefer.es\\\/index.php\\\/biolifting\\\/#breadcrumb\"},\"inLanguage\":\"es\",\"potentialAction\":[{\"@type\":\"ReadAction\",\"target\":[\"https:\\\/\\\/nefer.es\\\/index.php\\\/biolifting\\\/\"]}]},{\"@type\":\"ImageObject\",\"inLanguage\":\"es\",\"@id\":\"https:\\\/\\\/nefer.es\\\/index.php\\\/biolifting\\\/#primaryimage\",\"url\":\"https:\\\/\\\/i0.wp.com\\\/centreisis.es\\\/wp-content\\\/uploads\\\/2020\\\/12\\\/Captura_biolifting.jpg?resize=536%2C330&amp;ssl=1\",\"contentUrl\":\"https:\\\/\\\/i0.wp.com\\\/centreisis.es\\\/wp-content\\\/uploads\\\/2020\\\/12\\\/Captura_biolifting.jpg?resize=536%2C330&amp;ssl=1\"},{\"@type\":\"BreadcrumbList\",\"@id\":\"https:\\\/\\\/nefer.es\\\/index.php\\\/biolifting\\\/#breadcrumb\",\"itemListElement\":[{\"@type\":\"ListItem\",\"position\":1,\"name\":\"Portada\",\"item\":\"https:\\\/\\\/nefer.es\\\/\"},{\"@type\":\"ListItem\",\"position\":2,\"name\":\"Biolifting\"}]},{\"@type\":\"WebSite\",\"@id\":\"https:\\\/\\\/nefer.es\\\/#website\",\"url\":\"https:\\\/\\\/nefer.es\\\/\",\"name\":\"centre nefer\",\"description\":\"\",\"publisher\":{\"@id\":\"https:\\\/\\\/nefer.es\\\/#organization\"},\"potentialAction\":[{\"@type\":\"SearchAction\",\"target\":{\"@type\":\"EntryPoint\",\"urlTemplate\":\"https:\\\/\\\/nefer.es\\\/?s={search_term_string}\"},\"query-input\":{\"@type\":\"PropertyValueSpecification\",\"valueRequired\":true,\"valueName\":\"search_term_string\"}}],\"inLanguage\":\"es\"},{\"@type\":\"Organization\",\"@id\":\"https:\\\/\\\/nefer.es\\\/#organization\",\"name\":\"centre nefer\",\"url\":\"https:\\\/\\\/nefer.es\\\/\",\"logo\":{\"@type\":\"ImageObject\",\"inLanguage\":\"es\",\"@id\":\"https:\\\/\\\/nefer.es\\\/#\\\/schema\\\/logo\\\/image\\\/\",\"url\":\"https:\\\/\\\/nefer.es\\\/wp-content\\\/uploads\\\/2026\\\/03\\\/cropped-logo-isis-dual-natura-1.jpg\",\"contentUrl\":\"https:\\\/\\\/nefer.es\\\/wp-content\\\/uploads\\\/2026\\\/03\\\/cropped-logo-isis-dual-natura-1.jpg\",\"width\":711,\"height\":534,\"caption\":\"centre nefer\"},\"image\":{\"@id\":\"https:\\\/\\\/nefer.es\\\/#\\\/schema\\\/logo\\\/image\\\/\"}}]}<\/script>\n<!-- \/ Yoast SEO plugin. -->","yoast_head_json":{"title":"Biolifting - centre nefer","robots":{"index":"index","follow":"follow","max-snippet":"max-snippet:-1","max-image-preview":"max-image-preview:large","max-video-preview":"max-video-preview:-1"},"canonical":"https:\/\/nefer.es\/index.php\/biolifting\/","og_locale":"es_ES","og_type":"article","og_title":"Biolifting - centre nefer","og_description":"En qu\u00e9 consiste Rejuvenece la piel sin cirug\u00eda, con este tratamiento facial que combina las t\u00e9cnicas de masajes, que junto con los principios activos del producto como el silicio org\u00e1nico del bamb\u00fa, los \u00e1cidos grasos esenciales, la Rosa centifolia o la Centella asi\u00e1tica, estimulan la producci\u00f3n de col\u00e1geno y elastina, corrigiendo la flacidez, elevando p\u00f3mulos&hellip;&nbsp;","og_url":"https:\/\/nefer.es\/index.php\/biolifting\/","og_site_name":"centre nefer","article_modified_time":"2026-03-07T11:10:42+00:00","og_image":[{"url":"https:\/\/i0.wp.com\/centreisis.es\/wp-content\/uploads\/2020\/12\/Captura_biolifting.jpg?resize=536%2C330&amp;ssl=1","type":"","width":"","height":""}],"twitter_card":"summary_large_image","twitter_misc":{"Tiempo de lectura":"1 minuto"},"schema":{"@context":"https:\/\/schema.org","@graph":[{"@type":"WebPage","@id":"https:\/\/nefer.es\/index.php\/biolifting\/","url":"https:\/\/nefer.es\/index.php\/biolifting\/","name":"Biolifting - centre nefer","isPartOf":{"@id":"https:\/\/nefer.es\/#website"},"primaryImageOfPage":{"@id":"https:\/\/nefer.es\/index.php\/biolifting\/#primaryimage"},"image":{"@id":"https:\/\/nefer.es\/index.php\/biolifting\/#primaryimage"},"thumbnailUrl":"https:\/\/i0.wp.com\/centreisis.es\/wp-content\/uploads\/2020\/12\/Captura_biolifting.jpg?resize=536%2C330&amp;ssl=1","datePublished":"2026-03-06T15:49:47+00:00","dateModified":"2026-03-07T11:10:42+00:00","breadcrumb":{"@id":"https:\/\/nefer.es\/index.php\/biolifting\/#breadcrumb"},"inLanguage":"es","potentialAction":[{"@type":"ReadAction","target":["https:\/\/nefer.es\/index.php\/biolifting\/"]}]},{"@type":"ImageObject","inLanguage":"es","@id":"https:\/\/nefer.es\/index.php\/biolifting\/#primaryimage","url":"https:\/\/i0.wp.com\/centreisis.es\/wp-content\/uploads\/2020\/12\/Captura_biolifting.jpg?resize=536%2C330&amp;ssl=1","contentUrl":"https:\/\/i0.wp.com\/centreisis.es\/wp-content\/uploads\/2020\/12\/Captura_biolifting.jpg?resize=536%2C330&amp;ssl=1"},{"@type":"BreadcrumbList","@id":"https:\/\/nefer.es\/index.php\/biolifting\/#breadcrumb","itemListElement":[{"@type":"ListItem","position":1,"name":"Portada","item":"https:\/\/nefer.es\/"},{"@type":"ListItem","position":2,"name":"Biolifting"}]},{"@type":"WebSite","@id":"https:\/\/nefer.es\/#website","url":"https:\/\/nefer.es\/","name":"centre nefer","description":"","publisher":{"@id":"https:\/\/nefer.es\/#organization"},"potentialAction":[{"@type":"SearchAction","target":{"@type":"EntryPoint","urlTemplate":"https:\/\/nefer.es\/?s={search_term_string}"},"query-input":{"@type":"PropertyValueSpecification","valueRequired":true,"valueName":"search_term_string"}}],"inLanguage":"es"},{"@type":"Organization","@id":"https:\/\/nefer.es\/#organization","name":"centre nefer","url":"https:\/\/nefer.es\/","logo":{"@type":"ImageObject","inLanguage":"es","@id":"https:\/\/nefer.es\/#\/schema\/logo\/image\/","url":"https:\/\/nefer.es\/wp-content\/uploads\/2026\/03\/cropped-logo-isis-dual-natura-1.jpg","contentUrl":"https:\/\/nefer.es\/wp-content\/uploads\/2026\/03\/cropped-logo-isis-dual-natura-1.jpg","width":711,"height":534,"caption":"centre nefer"},"image":{"@id":"https:\/\/nefer.es\/#\/schema\/logo\/image\/"}}]}},"jetpack_sharing_enabled":true,"_links":{"self":[{"href":"https:\/\/nefer.es\/index.php\/wp-json\/wp\/v2\/pages\/136","targetHints":{"allow":["GET"]}}],"collection":[{"href":"https:\/\/nefer.es\/index.php\/wp-json\/wp\/v2\/pages"}],"about":[{"href":"https:\/\/nefer.es\/index.php\/wp-json\/wp\/v2\/types\/page"}],"author":[{"embeddable":true,"href":"https:\/\/nefer.es\/index.php\/wp-json\/wp\/v2\/users\/1"}],"replies":[{"embeddable":true,"href":"https:\/\/nefer.es\/index.php\/wp-json\/wp\/v2\/comments?post=136"}],"version-history":[{"count":2,"href":"https:\/\/nefer.es\/index.php\/wp-json\/wp\/v2\/pages\/136\/revisions"}],"predecessor-version":[{"id":204,"href":"https:\/\/nefer.es\/index.php\/wp-json\/wp\/v2\/pages\/136\/revisions\/204"}],"wp:attachment":[{"href":"https:\/\/nefer.es\/index.php\/wp-json\/wp\/v2\/media?parent=136"}],"curies":[{"name":"wp","href":"https:\/\/api.w.org\/{rel}","templated":true}]}}