{"id":16,"date":"2026-03-05T20:20:29","date_gmt":"2026-03-05T20:20:29","guid":{"rendered":"https:\/\/centreisis.com\/?page_id=16"},"modified":"2026-03-30T15:19:40","modified_gmt":"2026-03-30T15:19:40","slug":"tractaments-de-bellesa","status":"publish","type":"page","link":"https:\/\/nefer.es\/index.php\/tractaments-de-bellesa\/","title":{"rendered":"Tratamientos de Belleza"},"content":{"rendered":"\n<p data-wp-context---core-fit-text=\"core\/fit-text::{&quot;fontSize&quot;:&quot;&quot;}\" data-wp-init---core-fit-text=\"core\/fit-text::callbacks.init\" data-wp-interactive data-wp-style--font-size=\"core\/fit-text::context.fontSize\" class=\"has-fit-text\"><\/p>\n\n\n\n<h2 class=\"wp-block-heading has-text-align-center\">corporales<\/h2>\n\n\n\n<p class=\"has-text-align-center\">Nos caracterizamos por un&nbsp;<strong>servicio previo gratuito<\/strong>, para valorar tu caso y poder encontrar el&nbsp;<strong>tratamiento que se adapte a tus necesidades<\/strong>.<\/p>\n\n\n\n<p class=\"has-text-align-center\"><strong>Todos nuestros bonus<\/strong>&nbsp;para combatir celulitis, remodelar la figura o correguir flacidez, van acompa\u00f1ados de una&nbsp;<strong>visita con nuestra terapeuta<\/strong>, para asesorarte en pautas alimentarias y nutricionales que te ayuden a conseguir de una manera global el objetivo.<\/p>\n\n\n\n<p class=\"has-text-align-center\"><a href=\"https:\/\/centreisis.com\/index.php\/depilacion-a-la-cera\/\" target=\"_blank\" rel=\"noreferrer noopener\"><strong>Depilaci\u00f3n a la cera<\/strong><\/a><\/p>\n\n\n\n<p class=\"has-text-align-center\"><a href=\"https:\/\/centreisis.com\/index.php\/exfoliacion-mas-hidratacion\/\" target=\"_blank\" rel=\"noreferrer noopener\"><strong>Exfoliaci\u00f3n + Hidrataci\u00f3n<\/strong><\/a><\/p>\n\n\n\n<p class=\"has-text-align-center\"><a href=\"https:\/\/centreisis.com\/index.php\/higiene-de-espalda\/\" target=\"_blank\" rel=\"noreferrer noopener\"><strong>Higiene de Espalda<\/strong><\/a><\/p>\n\n\n\n<p class=\"has-text-align-center\"><a href=\"https:\/\/centreisis.com\/index.php\/maderoterapia\/\" target=\"_blank\" rel=\"noreferrer noopener\"><strong>Maderoterapia<\/strong><\/a><br><\/p>\n\n\n\n<hr class=\"wp-block-separator has-alpha-channel-opacity\"\/>\n\n\n\n<h1 class=\"wp-block-heading has-text-align-center\">faciales<\/h1>\n\n\n<div class=\"wp-block-image\">\n<figure class=\"aligncenter size-full is-resized\"><img loading=\"lazy\" decoding=\"async\" width=\"1024\" height=\"559\" src=\"https:\/\/centreisis.com\/wp-content\/uploads\/2026\/03\/image-5.png\" alt=\"\" class=\"wp-image-413\" style=\"aspect-ratio:1.8318526543878657;width:483px;height:auto\" srcset=\"https:\/\/nefer.es\/wp-content\/uploads\/2026\/03\/image-5.png 1024w, https:\/\/nefer.es\/wp-content\/uploads\/2026\/03\/image-5-300x164.png 300w, https:\/\/nefer.es\/wp-content\/uploads\/2026\/03\/image-5-768x419.png 768w\" sizes=\"auto, (max-width: 1024px) 100vw, 1024px\" \/><\/figure>\n<\/div>\n\n\n<p class=\"has-text-align-center\">Los&nbsp;<strong>tratamientos faciales<\/strong>&nbsp;de Centre Isis te proporcionar\u00e1n un rostreo con mejor aspecto. Te ayudar\u00e1n a&nbsp;<strong>recuperar la luminosidad<\/strong>&nbsp;en la piel y conseguir\u00e1s una&nbsp;<strong>hidrataci\u00f3n \u00f3ptima<\/strong>, se&nbsp;<strong>eliminar\u00e1n las manchas<\/strong>&nbsp;y&nbsp;<strong>mejorar\u00e1 la flacidez<\/strong>&nbsp;facial.<\/p>\n\n\n\n<p class=\"has-text-align-center\"><a href=\"https:\/\/centreisis.com\/index.php\/higiene-facial-dulkamara-bamboo\/\" target=\"_blank\" rel=\"noreferrer noopener\"><strong>Higiene Facial Dulkamara Bamboo<\/strong><\/a><\/p>\n\n\n\n<p class=\"has-text-align-center\"><a href=\"https:\/\/centreisis.com\/index.php\/lifting-de-savia\/\" target=\"_blank\" rel=\"noreferrer noopener\"><strong>Lifting de Savias<\/strong><\/a><\/p>\n\n\n\n<p class=\"has-text-align-center\"><a href=\"https:\/\/centreisis.com\/index.php\/biodetox\/\" target=\"_blank\" rel=\"noreferrer noopener\"><strong>Biodetox<\/strong><\/a><\/p>\n\n\n\n<p class=\"has-text-align-center\"><a href=\"https:\/\/centreisis.com\/index.php\/biocalm\/\" target=\"_blank\" rel=\"noreferrer noopener\"><strong>Biocalm<\/strong><\/a><\/p>\n\n\n\n<p class=\"has-text-align-center\"><a href=\"https:\/\/centreisis.com\/index.php\/biolifting\/\" target=\"_blank\" rel=\"noreferrer noopener\"><strong>Biolifting<\/strong><\/a><\/p>\n\n\n\n<p class=\"has-text-align-center\"><a href=\"https:\/\/centreisis.com\/index.php\/lifting-facial-con-acupuntura\/\" target=\"_blank\" rel=\"noreferrer noopener\"><strong>Lifting Facial con Acupuntura<\/strong><\/a><\/p>\n\n\n\n<p class=\"has-text-align-center\"><a href=\"https:\/\/centreisis.com\/index.php\/presoterapia\/\" target=\"_blank\" rel=\"noreferrer noopener\"><strong>Presoterapia<\/strong><\/a><\/p>\n\n\n\n<p class=\"has-text-align-center\"><a href=\"https:\/\/nefer.es\/index.php\/yoga-facial\/\" target=\"_blank\" rel=\"noreferrer noopener\"><strong>Yoga Facial<\/strong><\/a><\/p>\n\n\n\n<p><\/p>\n\n\n\n<hr class=\"wp-block-separator has-alpha-channel-opacity\"\/>\n\n\n\n<h1 class=\"wp-block-heading has-text-align-center\">masajes<\/h1>\n\n\n<div class=\"wp-block-image\">\n<figure class=\"aligncenter size-full is-resized\"><img loading=\"lazy\" decoding=\"async\" width=\"1024\" height=\"559\" src=\"https:\/\/centreisis.com\/wp-content\/uploads\/2026\/03\/image-6.png\" alt=\"\" class=\"wp-image-415\" style=\"aspect-ratio:1.8318526543878657;width:464px;height:auto\" srcset=\"https:\/\/nefer.es\/wp-content\/uploads\/2026\/03\/image-6.png 1024w, https:\/\/nefer.es\/wp-content\/uploads\/2026\/03\/image-6-300x164.png 300w, https:\/\/nefer.es\/wp-content\/uploads\/2026\/03\/image-6-768x419.png 768w\" sizes=\"auto, (max-width: 1024px) 100vw, 1024px\" \/><\/figure>\n<\/div>\n\n\n<p class=\"has-text-align-center\">Cuando el d\u00eda a d\u00eda se convierte en una fuente de estr\u00e9s tras una agotadora actividad,&nbsp;<strong>es importante dedicar un poco de tiempo a uno mismo<\/strong>, disfrutar, descansar y relajarse.&nbsp;<\/p>\n\n\n\n<p class=\"has-text-align-center\">Deja atr\u00e1s la rutina y disfruta de&nbsp;&nbsp;nuestros&nbsp;<strong>masajes y tratamientos<\/strong>&nbsp;exclusivos de belleza natural.<\/p>\n\n\n\n<p class=\"has-text-align-center\"><a href=\"https:\/\/centreisis.com\/index.php\/quiromasaje\/\" target=\"_blank\" rel=\"noreferrer noopener\"><strong>Quiromasaje<\/strong><\/a><\/p>\n\n\n\n<p class=\"has-text-align-center\"><a href=\"https:\/\/centreisis.com\/index.php\/masaje-relajante\/\" target=\"_blank\" rel=\"noreferrer noopener\"><strong>Masaje Relajante<\/strong><\/a><\/p>\n\n\n\n<p class=\"has-text-align-center\"><a href=\"https:\/\/centreisis.com\/index.php\/reflexologia-podal\/\" target=\"_blank\" rel=\"noreferrer noopener\"><strong>Reflexolog\u00eda poda<\/strong><\/a><a href=\"https:\/\/centreisis.es\/masajes-relajantes-terapeuticos\/reflexologia-podal\/\"><strong>l<\/strong><\/a><\/p>\n\n\n\n<p class=\"has-text-align-center\"><a href=\"https:\/\/centreisis.com\/index.php\/masaje-craneo-facial\/\" target=\"_blank\" rel=\"noreferrer noopener\"><strong>Masaje Craneo-facial<\/strong><\/a><\/p>\n\n\n\n<p class=\"has-text-align-center\"><a href=\"https:\/\/centreisis.com\/index.php\/masaje-ayurveda\/\" target=\"_blank\" rel=\"noreferrer noopener\"><strong>Masaje Ayurveda<\/strong><\/a><\/p>\n\n\n\n<p class=\"has-text-align-center\"><\/p>\n\n\n\n<hr class=\"wp-block-separator has-alpha-channel-opacity\"\/>\n\n\n\n<h1 class=\"wp-block-heading has-text-align-center\">manos &amp; pies perfectos<\/h1>\n\n\n<div class=\"wp-block-image\">\n<figure class=\"aligncenter size-full is-resized\"><img loading=\"lazy\" decoding=\"async\" width=\"1024\" height=\"739\" src=\"https:\/\/centreisis.com\/wp-content\/uploads\/2026\/03\/image-8.png\" alt=\"\" class=\"wp-image-420\" style=\"aspect-ratio:1.3856744795935092;width:488px;height:auto\" srcset=\"https:\/\/nefer.es\/wp-content\/uploads\/2026\/03\/image-8.png 1024w, https:\/\/nefer.es\/wp-content\/uploads\/2026\/03\/image-8-300x217.png 300w, https:\/\/nefer.es\/wp-content\/uploads\/2026\/03\/image-8-768x554.png 768w\" sizes=\"auto, (max-width: 1024px) 100vw, 1024px\" \/><\/figure>\n<\/div>\n\n\n<p class=\"has-text-align-center\">El&nbsp;cuidado de las&nbsp; manos y los pies&nbsp;est\u00e1 cada vez m\u00e1s extendido como un paso m\u00e1s dentro del ritual b\u00e1sico de belleza.<\/p>\n\n\n\n<div style=\"height:20px\" aria-hidden=\"true\" class=\"wp-block-spacer\"><\/div>\n\n\n\n<h4 class=\"wp-block-heading has-text-align-center\">Manicura<\/h4>\n\n\n\n<p class=\"has-text-align-center\">Las manos son la carta de presentaci\u00f3n de cualquier persona. Por ello, es muy importante mantenerlas siempre en buen estado ya que siempre se encuentran a la vista.<\/p>\n\n\n\n<p class=\"has-text-align-center\">Para mantener unas manos cuidadas y bonitas es fundamental realizar a menudo un buen servicio de manicura.<\/p>\n\n\n\n<p class=\"has-text-align-center\">Con nuestros mejores productos CND (Shellac y Vinylux) podr\u00e1s lucir una manicura espectacular.<\/p>\n\n\n\n<div style=\"height:20px\" aria-hidden=\"true\" class=\"wp-block-spacer\"><\/div>\n\n\n\n<h4 class=\"wp-block-heading has-text-align-center\">Pedicura<\/h4>\n\n\n\n<p class=\"has-text-align-center\" id=\"tw-target-text\">Los pies a pesar de ser una de las partes m\u00e1s importantes de nuestro cuerpo, muchas veces no les prestamos la atenci\u00f3n que se merecen.&nbsp;Nos apoyamos en ellos durante todo el d\u00eda, nos llevan a todas partes ya veces incluso sufren la tortura de unos zapatos inadecuadas. Por ello, es muy importante mantenerlos siempre en buen estado.<\/p>\n\n\n\n<p class=\"has-text-align-center\">Para mantener unos pies cuidados y bonitos es fundamental realizar a menudo un buen servicio de pedicura.<\/p>\n\n\n\n<p class=\"has-text-align-center\">Con nuestros mejores productos CND (Shellac y Vinylux) podr\u00e1s lucir una pedicura espectacular.<\/p>\n\n\n\n<p><\/p>\n\n\n\n<p><\/p>\n\n\n\n<p class=\"has-text-align-center\"><strong><mark style=\"background-color:rgba(0, 0, 0, 0)\" class=\"has-inline-color has-luminous-vivid-orange-color\">Deja que&nbsp;nuestro equipo de expertas&nbsp;te den los&nbsp;mejores cuidados&nbsp;que tu te mereces<\/mark><\/strong>.<\/p>\n\n\n\n<p><\/p>\n","protected":false},"excerpt":{"rendered":"<p>corporales Nos caracterizamos por un&nbsp;servicio previo gratuito, para valorar tu caso y poder encontrar el&nbsp;tratamiento que se adapte a tus necesidades. Todos nuestros bonus&nbsp;para combatir celulitis, remodelar la figura o correguir flacidez, van acompa\u00f1ados de una&nbsp;visita con nuestra terapeuta, para asesorarte en pautas alimentarias y nutricionales que te ayuden a conseguir de una manera global&hellip;&nbsp;<\/p>\n","protected":false},"author":1,"featured_media":0,"parent":0,"menu_order":0,"comment_status":"closed","ping_status":"closed","template":"","meta":{"neve_meta_sidebar":"","neve_meta_container":"","neve_meta_enable_content_width":"","neve_meta_content_width":0,"neve_meta_title_alignment":"","neve_meta_author_avatar":"","neve_post_elements_order":"","neve_meta_disable_header":"","neve_meta_disable_footer":"","neve_meta_disable_title":"","footnotes":""},"class_list":["post-16","page","type-page","status-publish","hentry"],"yoast_head":"<!-- This site is optimized with the Yoast SEO plugin v27.4 - https:\/\/yoast.com\/product\/yoast-seo-wordpress\/ -->\n<title>Tratamientos de Belleza - centre nefer<\/title>\n<meta name=\"robots\" content=\"index, follow, max-snippet:-1, max-image-preview:large, max-video-preview:-1\" \/>\n<link rel=\"canonical\" href=\"https:\/\/nefer.es\/index.php\/tractaments-de-bellesa\/\" \/>\n<meta property=\"og:locale\" content=\"es_ES\" \/>\n<meta property=\"og:type\" content=\"article\" \/>\n<meta property=\"og:title\" content=\"Tratamientos de Belleza - centre nefer\" \/>\n<meta property=\"og:description\" content=\"corporales Nos caracterizamos por un&nbsp;servicio previo gratuito, para valorar tu caso y poder encontrar el&nbsp;tratamiento que se adapte a tus necesidades. Todos nuestros bonus&nbsp;para combatir celulitis, remodelar la figura o correguir flacidez, van acompa\u00f1ados de una&nbsp;visita con nuestra terapeuta, para asesorarte en pautas alimentarias y nutricionales que te ayuden a conseguir de una manera global&hellip;&nbsp;\" \/>\n<meta property=\"og:url\" content=\"https:\/\/nefer.es\/index.php\/tractaments-de-bellesa\/\" \/>\n<meta property=\"og:site_name\" content=\"centre nefer\" \/>\n<meta property=\"article:modified_time\" content=\"2026-03-30T15:19:40+00:00\" \/>\n<meta property=\"og:image\" content=\"https:\/\/nefer.es\/wp-content\/uploads\/2026\/03\/image-5.png\" \/>\n\t<meta property=\"og:image:width\" content=\"1024\" \/>\n\t<meta property=\"og:image:height\" content=\"559\" \/>\n\t<meta property=\"og:image:type\" content=\"image\/png\" \/>\n<meta name=\"twitter:card\" content=\"summary_large_image\" \/>\n<meta name=\"twitter:label1\" content=\"Tiempo de lectura\" \/>\n\t<meta name=\"twitter:data1\" content=\"3 minutos\" \/>\n<script type=\"application\/ld+json\" class=\"yoast-schema-graph\">{\"@context\":\"https:\\\/\\\/schema.org\",\"@graph\":[{\"@type\":\"WebPage\",\"@id\":\"https:\\\/\\\/nefer.es\\\/index.php\\\/tractaments-de-bellesa\\\/\",\"url\":\"https:\\\/\\\/nefer.es\\\/index.php\\\/tractaments-de-bellesa\\\/\",\"name\":\"Tratamientos de Belleza - centre nefer\",\"isPartOf\":{\"@id\":\"https:\\\/\\\/nefer.es\\\/#website\"},\"primaryImageOfPage\":{\"@id\":\"https:\\\/\\\/nefer.es\\\/index.php\\\/tractaments-de-bellesa\\\/#primaryimage\"},\"image\":{\"@id\":\"https:\\\/\\\/nefer.es\\\/index.php\\\/tractaments-de-bellesa\\\/#primaryimage\"},\"thumbnailUrl\":\"https:\\\/\\\/centreisis.com\\\/wp-content\\\/uploads\\\/2026\\\/03\\\/image-5.png\",\"datePublished\":\"2026-03-05T20:20:29+00:00\",\"dateModified\":\"2026-03-30T15:19:40+00:00\",\"breadcrumb\":{\"@id\":\"https:\\\/\\\/nefer.es\\\/index.php\\\/tractaments-de-bellesa\\\/#breadcrumb\"},\"inLanguage\":\"es\",\"potentialAction\":[{\"@type\":\"ReadAction\",\"target\":[\"https:\\\/\\\/nefer.es\\\/index.php\\\/tractaments-de-bellesa\\\/\"]}]},{\"@type\":\"ImageObject\",\"inLanguage\":\"es\",\"@id\":\"https:\\\/\\\/nefer.es\\\/index.php\\\/tractaments-de-bellesa\\\/#primaryimage\",\"url\":\"https:\\\/\\\/centreisis.com\\\/wp-content\\\/uploads\\\/2026\\\/03\\\/image-5.png\",\"contentUrl\":\"https:\\\/\\\/centreisis.com\\\/wp-content\\\/uploads\\\/2026\\\/03\\\/image-5.png\"},{\"@type\":\"BreadcrumbList\",\"@id\":\"https:\\\/\\\/nefer.es\\\/index.php\\\/tractaments-de-bellesa\\\/#breadcrumb\",\"itemListElement\":[{\"@type\":\"ListItem\",\"position\":1,\"name\":\"Portada\",\"item\":\"https:\\\/\\\/nefer.es\\\/\"},{\"@type\":\"ListItem\",\"position\":2,\"name\":\"Tratamientos de Belleza\"}]},{\"@type\":\"WebSite\",\"@id\":\"https:\\\/\\\/nefer.es\\\/#website\",\"url\":\"https:\\\/\\\/nefer.es\\\/\",\"name\":\"centre nefer\",\"description\":\"\",\"publisher\":{\"@id\":\"https:\\\/\\\/nefer.es\\\/#organization\"},\"potentialAction\":[{\"@type\":\"SearchAction\",\"target\":{\"@type\":\"EntryPoint\",\"urlTemplate\":\"https:\\\/\\\/nefer.es\\\/?s={search_term_string}\"},\"query-input\":{\"@type\":\"PropertyValueSpecification\",\"valueRequired\":true,\"valueName\":\"search_term_string\"}}],\"inLanguage\":\"es\"},{\"@type\":\"Organization\",\"@id\":\"https:\\\/\\\/nefer.es\\\/#organization\",\"name\":\"centre nefer\",\"url\":\"https:\\\/\\\/nefer.es\\\/\",\"logo\":{\"@type\":\"ImageObject\",\"inLanguage\":\"es\",\"@id\":\"https:\\\/\\\/nefer.es\\\/#\\\/schema\\\/logo\\\/image\\\/\",\"url\":\"https:\\\/\\\/nefer.es\\\/wp-content\\\/uploads\\\/2026\\\/03\\\/cropped-logo-isis-dual-natura-1.jpg\",\"contentUrl\":\"https:\\\/\\\/nefer.es\\\/wp-content\\\/uploads\\\/2026\\\/03\\\/cropped-logo-isis-dual-natura-1.jpg\",\"width\":711,\"height\":534,\"caption\":\"centre nefer\"},\"image\":{\"@id\":\"https:\\\/\\\/nefer.es\\\/#\\\/schema\\\/logo\\\/image\\\/\"}}]}<\/script>\n<!-- \/ Yoast SEO plugin. -->","yoast_head_json":{"title":"Tratamientos de Belleza - centre nefer","robots":{"index":"index","follow":"follow","max-snippet":"max-snippet:-1","max-image-preview":"max-image-preview:large","max-video-preview":"max-video-preview:-1"},"canonical":"https:\/\/nefer.es\/index.php\/tractaments-de-bellesa\/","og_locale":"es_ES","og_type":"article","og_title":"Tratamientos de Belleza - centre nefer","og_description":"corporales Nos caracterizamos por un&nbsp;servicio previo gratuito, para valorar tu caso y poder encontrar el&nbsp;tratamiento que se adapte a tus necesidades. Todos nuestros bonus&nbsp;para combatir celulitis, remodelar la figura o correguir flacidez, van acompa\u00f1ados de una&nbsp;visita con nuestra terapeuta, para asesorarte en pautas alimentarias y nutricionales que te ayuden a conseguir de una manera global&hellip;&nbsp;","og_url":"https:\/\/nefer.es\/index.php\/tractaments-de-bellesa\/","og_site_name":"centre nefer","article_modified_time":"2026-03-30T15:19:40+00:00","og_image":[{"width":1024,"height":559,"url":"https:\/\/nefer.es\/wp-content\/uploads\/2026\/03\/image-5.png","type":"image\/png"}],"twitter_card":"summary_large_image","twitter_misc":{"Tiempo de lectura":"3 minutos"},"schema":{"@context":"https:\/\/schema.org","@graph":[{"@type":"WebPage","@id":"https:\/\/nefer.es\/index.php\/tractaments-de-bellesa\/","url":"https:\/\/nefer.es\/index.php\/tractaments-de-bellesa\/","name":"Tratamientos de Belleza - centre nefer","isPartOf":{"@id":"https:\/\/nefer.es\/#website"},"primaryImageOfPage":{"@id":"https:\/\/nefer.es\/index.php\/tractaments-de-bellesa\/#primaryimage"},"image":{"@id":"https:\/\/nefer.es\/index.php\/tractaments-de-bellesa\/#primaryimage"},"thumbnailUrl":"https:\/\/centreisis.com\/wp-content\/uploads\/2026\/03\/image-5.png","datePublished":"2026-03-05T20:20:29+00:00","dateModified":"2026-03-30T15:19:40+00:00","breadcrumb":{"@id":"https:\/\/nefer.es\/index.php\/tractaments-de-bellesa\/#breadcrumb"},"inLanguage":"es","potentialAction":[{"@type":"ReadAction","target":["https:\/\/nefer.es\/index.php\/tractaments-de-bellesa\/"]}]},{"@type":"ImageObject","inLanguage":"es","@id":"https:\/\/nefer.es\/index.php\/tractaments-de-bellesa\/#primaryimage","url":"https:\/\/centreisis.com\/wp-content\/uploads\/2026\/03\/image-5.png","contentUrl":"https:\/\/centreisis.com\/wp-content\/uploads\/2026\/03\/image-5.png"},{"@type":"BreadcrumbList","@id":"https:\/\/nefer.es\/index.php\/tractaments-de-bellesa\/#breadcrumb","itemListElement":[{"@type":"ListItem","position":1,"name":"Portada","item":"https:\/\/nefer.es\/"},{"@type":"ListItem","position":2,"name":"Tratamientos de Belleza"}]},{"@type":"WebSite","@id":"https:\/\/nefer.es\/#website","url":"https:\/\/nefer.es\/","name":"centre nefer","description":"","publisher":{"@id":"https:\/\/nefer.es\/#organization"},"potentialAction":[{"@type":"SearchAction","target":{"@type":"EntryPoint","urlTemplate":"https:\/\/nefer.es\/?s={search_term_string}"},"query-input":{"@type":"PropertyValueSpecification","valueRequired":true,"valueName":"search_term_string"}}],"inLanguage":"es"},{"@type":"Organization","@id":"https:\/\/nefer.es\/#organization","name":"centre nefer","url":"https:\/\/nefer.es\/","logo":{"@type":"ImageObject","inLanguage":"es","@id":"https:\/\/nefer.es\/#\/schema\/logo\/image\/","url":"https:\/\/nefer.es\/wp-content\/uploads\/2026\/03\/cropped-logo-isis-dual-natura-1.jpg","contentUrl":"https:\/\/nefer.es\/wp-content\/uploads\/2026\/03\/cropped-logo-isis-dual-natura-1.jpg","width":711,"height":534,"caption":"centre nefer"},"image":{"@id":"https:\/\/nefer.es\/#\/schema\/logo\/image\/"}}]}},"jetpack_sharing_enabled":true,"_links":{"self":[{"href":"https:\/\/nefer.es\/index.php\/wp-json\/wp\/v2\/pages\/16","targetHints":{"allow":["GET"]}}],"collection":[{"href":"https:\/\/nefer.es\/index.php\/wp-json\/wp\/v2\/pages"}],"about":[{"href":"https:\/\/nefer.es\/index.php\/wp-json\/wp\/v2\/types\/page"}],"author":[{"embeddable":true,"href":"https:\/\/nefer.es\/index.php\/wp-json\/wp\/v2\/users\/1"}],"replies":[{"embeddable":true,"href":"https:\/\/nefer.es\/index.php\/wp-json\/wp\/v2\/comments?post=16"}],"version-history":[{"count":35,"href":"https:\/\/nefer.es\/index.php\/wp-json\/wp\/v2\/pages\/16\/revisions"}],"predecessor-version":[{"id":530,"href":"https:\/\/nefer.es\/index.php\/wp-json\/wp\/v2\/pages\/16\/revisions\/530"}],"wp:attachment":[{"href":"https:\/\/nefer.es\/index.php\/wp-json\/wp\/v2\/media?parent=16"}],"curies":[{"name":"wp","href":"https:\/\/api.w.org\/{rel}","templated":true}]}}