{"id":18,"date":"2026-03-05T20:24:02","date_gmt":"2026-03-05T20:24:02","guid":{"rendered":"https:\/\/centreisis.com\/?page_id=18"},"modified":"2026-03-15T09:32:19","modified_gmt":"2026-03-15T09:32:19","slug":"aparatologia-davantguarda","status":"publish","type":"page","link":"https:\/\/nefer.es\/index.php\/aparatologia-davantguarda\/","title":{"rendered":"Aparatolog\u00eda de Vanguardia"},"content":{"rendered":"\n<p class=\"has-text-align-center\">La aparatolog\u00eda combina los \u00faltimos avances en el sector para solucionar problemas de forma mucho&nbsp;m\u00e1s r\u00e1pida, efectiva y duradera, y todo ello sin la necesidad de pasar por un quir\u00f3fano ni de someterse a tratamientos invasivos.<\/p>\n\n\n\n<p class=\"has-text-align-center\">La \u00faltima tecnolog\u00eda esta presente, tanto en la aparatolog\u00eda facial como en la aparatolog\u00eda corporal para garantizar los<strong>&nbsp;<\/strong>mejores resultados en el cuidado del rostro y cuerpo.<\/p>\n\n\n\n<div style=\"height:31px\" aria-hidden=\"true\" class=\"wp-block-spacer\"><\/div>\n\n\n\n<h4 class=\"wp-block-heading has-text-align-center\"><mark style=\"background-color:rgba(0, 0, 0, 0);color:#ab5a21\" class=\"has-inline-color\">Encuentra el tratamiento que necesitas para&nbsp;<strong>cuidar y rejuvenecer<\/strong>&nbsp;rostro y cuerpo<\/mark><\/h4>\n\n\n\n<div style=\"height:33px\" aria-hidden=\"true\" class=\"wp-block-spacer\"><\/div>\n\n\n\n<h1 class=\"wp-block-heading has-text-align-center\"><strong><mark style=\"background-color:rgba(0, 0, 0, 0)\" class=\"has-inline-color has-luminous-vivid-orange-color\">Antiaging con Radiofrecuencia<\/mark><\/strong><\/h1>\n\n\n<div class=\"wp-block-image\">\n<figure class=\"aligncenter is-resized\"><img decoding=\"async\" src=\"https:\/\/i0.wp.com\/centreisis.es\/wp-content\/uploads\/2022\/05\/depositphotos_7095662-stock-photo-beauty-treatment-facial-antiaging-radiofrecuencia.jpg?resize=600%2C400&amp;ssl=1\" alt=\"\" class=\"wp-image-2230\" style=\"width:330px;height:auto\" title=\"depositphotos_7095662-stock-photo-beauty-treatment (facial antiaging radiofrecuencia)\"\/><\/figure>\n<\/div>\n\n\n<p class=\"has-text-align-center\">El tratamiento facial Antiaging con Radiofrecuencia consiste en aplicar los distintos productos utilizando la radiofrecuencia para potenciar el tratamiento. Y de este modo consigues un resultado m\u00e1s efectivo.<\/p>\n\n\n\n<hr class=\"wp-block-separator aligncenter has-alpha-channel-opacity\"\/>\n\n\n\n<div style=\"height:24px\" aria-hidden=\"true\" class=\"wp-block-spacer\"><\/div>\n\n\n\n<h1 class=\"wp-block-heading has-text-align-center\"><strong><mark style=\"background-color:rgba(0, 0, 0, 0)\" class=\"has-inline-color has-luminous-vivid-orange-color\">Cavitaci\u00f3n Corporal Cocoon<\/mark><\/strong><\/h1>\n\n\n<div class=\"wp-block-image\">\n<figure class=\"aligncenter is-resized\"><img decoding=\"async\" src=\"https:\/\/i0.wp.com\/centreisis.es\/wp-content\/uploads\/2020\/12\/Captura_cavitacion_corporal.jpg?resize=491%2C323&amp;ssl=1\" alt=\"\" class=\"wp-image-453\" style=\"aspect-ratio:1.520149001015916;width:300px;height:auto\" title=\"Captura_cavitacion_corporal\"\/><\/figure>\n<\/div>\n\n\n<p class=\"has-text-align-center\">Es un tratamiento corporal que utiliza ultrasonidos de baja frecuencia transformando la grasa de estado s\u00f3lido a l\u00edquido, para ser eliminada a trav\u00e9s del sistema linf\u00e1tico y v\u00edas urinarias.<\/p>\n\n\n\n<hr class=\"wp-block-separator aligncenter has-alpha-channel-opacity\"\/>\n\n\n\n<div style=\"height:24px\" aria-hidden=\"true\" class=\"wp-block-spacer\"><\/div>\n\n\n\n<h1 class=\"wp-block-heading has-text-align-center\"><strong><mark style=\"background-color:rgba(0, 0, 0, 0)\" class=\"has-inline-color has-luminous-vivid-orange-color\">Radiofrecuencia Corporal <\/mark><\/strong><\/h1>\n\n\n<div class=\"wp-block-image\">\n<figure class=\"aligncenter is-resized\"><img decoding=\"async\" src=\"https:\/\/i0.wp.com\/centreisis.es\/wp-content\/uploads\/2020\/12\/Captura_cyclone.jpg?resize=441%2C324&amp;ssl=1\" alt=\"\" class=\"wp-image-626\" style=\"aspect-ratio:1.361128526645768;width:294px;height:auto\" title=\"Captura_cyclone\"\/><\/figure>\n<\/div>\n\n\n<p class=\"has-text-align-center\">Mejora la cualidad de la piel, estimulando la producci\u00f3n de col\u00e1geno mediante un calentamiento en el tejido graso, a trav\u00e9s de ondas electromagn\u00e9ticas.<\/p>\n\n\n\n<hr class=\"wp-block-separator aligncenter has-alpha-channel-opacity\"\/>\n\n\n\n<div style=\"height:24px\" aria-hidden=\"true\" class=\"wp-block-spacer\"><\/div>\n\n\n\n<h1 class=\"wp-block-heading has-text-align-center\"><strong><mark style=\"background-color:rgba(0, 0, 0, 0)\" class=\"has-inline-color has-luminous-vivid-orange-color\">Radiofrecuencia Facial <\/mark><\/strong><\/h1>\n\n\n<div class=\"wp-block-image\">\n<figure class=\"aligncenter is-resized\"><img decoding=\"async\" src=\"https:\/\/i0.wp.com\/centreisis.es\/wp-content\/uploads\/2020\/12\/Captura_radiofrecuencia_facial.jpg?resize=348%2C345&amp;ssl=1\" alt=\"\" class=\"wp-image-478\" style=\"aspect-ratio:1.0086960460165768;width:260px;height:auto\" title=\"Captura_radiofrecuencia_facial\"\/><\/figure>\n<\/div>\n\n\n<p class=\"has-text-align-center\">Su finalidad es mejorar la cualidad de la piel y estimular la creaci\u00f3n de col\u00e1geno mediante un calentamiento del tejido graso y del tejido a nivel cut\u00e1neo mediante difusi\u00f3n de calor.<\/p>\n\n\n\n<p class=\"has-text-align-center\"><\/p>\n\n\n\n<hr class=\"wp-block-separator aligncenter has-alpha-channel-opacity\"\/>\n\n\n\n<div style=\"height:24px\" aria-hidden=\"true\" class=\"wp-block-spacer\"><\/div>\n\n\n\n<h1 class=\"wp-block-heading has-text-align-center\"><strong><mark style=\"background-color:rgba(0, 0, 0, 0)\" class=\"has-inline-color has-luminous-vivid-orange-color\">Cyclone Coporal Mediakalight<\/mark><\/strong><\/h1>\n\n\n<div class=\"wp-block-image\">\n<figure class=\"aligncenter is-resized\"><img decoding=\"async\" src=\"https:\/\/i0.wp.com\/centreisis.es\/wp-content\/uploads\/2020\/12\/Captura_radiofrecuencia_corporal.jpg?resize=606%2C400&amp;ssl=1\" alt=\"\" class=\"wp-image-467\" style=\"aspect-ratio:1.5150201179733582;width:295px;height:auto\" title=\"Captura_radiofrecuencia_corporal\"\/><\/figure>\n<\/div>\n\n\n<p class=\"has-text-align-center\">Cyclone es una plataforma de remodelaci\u00f3n corporal de \u00faltima generaci\u00f3n que consta de 5 tecnolog\u00edas unidas a la misma plataforma que pueden ser aplicadas en un mismo tratamiento y sesi\u00f3n para obtener mejor resultado. Elimina grasa localizada, minimiza la celulitis, reduce volumen, reafirma y drena.<\/p>\n\n\n\n<hr class=\"wp-block-separator aligncenter has-alpha-channel-opacity\"\/>\n\n\n\n<div style=\"height:24px\" aria-hidden=\"true\" class=\"wp-block-spacer\"><\/div>\n\n\n\n<h1 class=\"wp-block-heading has-text-align-center\"><strong><mark style=\"background-color:rgba(0, 0, 0, 0)\" class=\"has-inline-color has-luminous-vivid-orange-color\">Depilaci\u00f3n Laser Cocoon<\/mark><\/strong><\/h1>\n\n\n<div class=\"wp-block-image\">\n<figure class=\"aligncenter is-resized\"><img decoding=\"async\" src=\"https:\/\/i0.wp.com\/centreisis.es\/wp-content\/uploads\/2021\/08\/Captura_depilacion.jpg?resize=314%2C215&amp;ssl=1\" alt=\"\" class=\"wp-image-799\" style=\"aspect-ratio:1.460498582745839;width:294px;height:auto\" title=\"Captura_depilacion\"\/><\/figure>\n<\/div>\n\n\n<p class=\"has-text-align-center\">La depilaci\u00f3n l\u00e1ser es, sin duda, la soluci\u00f3n m\u00e1s c\u00f3moda, efectiva y r\u00e1pida para eliminar el vello permanente en poco tiempo, mejorando la calidad de la piel con nuestro equipo de depilaci\u00f3n L\u00e1ser Cocoon.<\/p>\n\n\n\n<hr class=\"wp-block-separator aligncenter has-alpha-channel-opacity\"\/>\n\n\n\n<div style=\"height:24px\" aria-hidden=\"true\" class=\"wp-block-spacer\"><\/div>\n\n\n\n<h1 class=\"wp-block-heading has-text-align-center\"><strong><mark style=\"background-color:rgba(0, 0, 0, 0)\" class=\"has-inline-color has-luminous-vivid-orange-color\">Solarium<\/mark><\/strong><\/h1>\n\n\n<div class=\"wp-block-image\">\n<figure class=\"aligncenter is-resized\"><img decoding=\"async\" src=\"https:\/\/i0.wp.com\/centreisis.es\/wp-content\/uploads\/2021\/08\/Captura_solarium.jpg?resize=332%2C227&amp;ssl=1\" alt=\"\" class=\"wp-image-819\" style=\"aspect-ratio:1.4625869071384319;width:299px;height:auto\" title=\"Captura_solarium\"\/><\/figure>\n<\/div>\n\n\n<p class=\"has-text-align-center\">Servicio no disponible para menores de edad.<\/p>\n\n\n\n<p class=\"has-text-align-center\">Utilizada correctamente los aparatos de rayos UVA tienen beneficios para la piel.<\/p>\n\n\n\n<p class=\"has-text-align-center\">\u2013 Mejora el acn\u00e9<\/p>\n\n\n\n<p class=\"has-text-align-center\">\u2013 Mejora la artritis<\/p>\n\n\n\n<p class=\"has-text-align-center\">\u2013 Mejora el estado de \u00e1nimo<\/p>\n\n\n\n<p class=\"has-text-align-center\">\u2013 Proporciona vitamina D al cuerpo<\/p>\n\n\n\n<p class=\"has-text-align-center\">&#8211; Prepara la piel para el verano, antes de exponerse al sol natural <\/p>\n\n\n\n<p class=\"has-text-align-center\">&#8211; Garantiza un bronceado a un ritmo progresivo, seguro y eficaz.<\/p>\n\n\n\n<hr class=\"wp-block-separator aligncenter has-alpha-channel-opacity\"\/>\n\n\n\n<div style=\"height:24px\" aria-hidden=\"true\" class=\"wp-block-spacer\"><\/div>\n\n\n\n<h2 class=\"wp-block-heading has-text-align-center\"><mark style=\"background-color:rgba(0, 0, 0, 0);color:#ab5a21\" class=\"has-inline-color\">Cualquier ocasi\u00f3n es buena <strong>para regalar cuidados y bienestar<\/strong><\/mark><\/h2>\n\n\n\n<p class=\"has-text-align-center\">Si estas buscando ese regalo especial para mimar a tu pareja, sorprender a tu madre, arrancar una sonrisa a una amiga, con nuestros tratamientos de belleza vas a triunfar.<\/p>\n\n\n\n<p class=\"has-text-align-center\"><strong><mark style=\"background-color:rgba(0, 0, 0, 0);color:#ab5a21\" class=\"has-inline-color\">Que mejor que regalar un momento de cuidados, mimos, relax y bienestar!<\/mark><\/strong><\/p>\n\n\n\n<p><\/p>\n","protected":false},"excerpt":{"rendered":"<p>La aparatolog\u00eda combina los \u00faltimos avances en el sector para solucionar problemas de forma mucho&nbsp;m\u00e1s r\u00e1pida, efectiva y duradera, y todo ello sin la necesidad de pasar por un quir\u00f3fano ni de someterse a tratamientos invasivos. La \u00faltima tecnolog\u00eda esta presente, tanto en la aparatolog\u00eda facial como en la aparatolog\u00eda corporal para garantizar los&nbsp;mejores resultados&hellip;&nbsp;<\/p>\n","protected":false},"author":1,"featured_media":0,"parent":0,"menu_order":0,"comment_status":"closed","ping_status":"closed","template":"","meta":{"neve_meta_sidebar":"","neve_meta_container":"","neve_meta_enable_content_width":"","neve_meta_content_width":0,"neve_meta_title_alignment":"","neve_meta_author_avatar":"","neve_post_elements_order":"","neve_meta_disable_header":"","neve_meta_disable_footer":"","neve_meta_disable_title":"","footnotes":""},"class_list":["post-18","page","type-page","status-publish","hentry"],"yoast_head":"<!-- This site is optimized with the Yoast SEO plugin v27.4 - https:\/\/yoast.com\/product\/yoast-seo-wordpress\/ -->\n<title>Aparatolog\u00eda de Vanguardia - centre nefer<\/title>\n<meta name=\"robots\" content=\"index, follow, max-snippet:-1, max-image-preview:large, max-video-preview:-1\" \/>\n<link rel=\"canonical\" href=\"https:\/\/nefer.es\/index.php\/aparatologia-davantguarda\/\" \/>\n<meta property=\"og:locale\" content=\"es_ES\" \/>\n<meta property=\"og:type\" content=\"article\" \/>\n<meta property=\"og:title\" content=\"Aparatolog\u00eda de Vanguardia - centre nefer\" \/>\n<meta property=\"og:description\" content=\"La aparatolog\u00eda combina los \u00faltimos avances en el sector para solucionar problemas de forma mucho&nbsp;m\u00e1s r\u00e1pida, efectiva y duradera, y todo ello sin la necesidad de pasar por un quir\u00f3fano ni de someterse a tratamientos invasivos. La \u00faltima tecnolog\u00eda esta presente, tanto en la aparatolog\u00eda facial como en la aparatolog\u00eda corporal para garantizar los&nbsp;mejores resultados&hellip;&nbsp;\" \/>\n<meta property=\"og:url\" content=\"https:\/\/nefer.es\/index.php\/aparatologia-davantguarda\/\" \/>\n<meta property=\"og:site_name\" content=\"centre nefer\" \/>\n<meta property=\"article:modified_time\" content=\"2026-03-15T09:32:19+00:00\" \/>\n<meta property=\"og:image\" content=\"https:\/\/i0.wp.com\/centreisis.es\/wp-content\/uploads\/2022\/05\/depositphotos_7095662-stock-photo-beauty-treatment-facial-antiaging-radiofrecuencia.jpg?resize=600%2C400&amp;ssl=1\" \/>\n<meta name=\"twitter:card\" content=\"summary_large_image\" \/>\n<meta name=\"twitter:label1\" content=\"Tiempo de lectura\" \/>\n\t<meta name=\"twitter:data1\" content=\"4 minutos\" \/>\n<script type=\"application\/ld+json\" class=\"yoast-schema-graph\">{\"@context\":\"https:\\\/\\\/schema.org\",\"@graph\":[{\"@type\":\"WebPage\",\"@id\":\"https:\\\/\\\/nefer.es\\\/index.php\\\/aparatologia-davantguarda\\\/\",\"url\":\"https:\\\/\\\/nefer.es\\\/index.php\\\/aparatologia-davantguarda\\\/\",\"name\":\"Aparatolog\u00eda de Vanguardia - centre nefer\",\"isPartOf\":{\"@id\":\"https:\\\/\\\/nefer.es\\\/#website\"},\"primaryImageOfPage\":{\"@id\":\"https:\\\/\\\/nefer.es\\\/index.php\\\/aparatologia-davantguarda\\\/#primaryimage\"},\"image\":{\"@id\":\"https:\\\/\\\/nefer.es\\\/index.php\\\/aparatologia-davantguarda\\\/#primaryimage\"},\"thumbnailUrl\":\"https:\\\/\\\/i0.wp.com\\\/centreisis.es\\\/wp-content\\\/uploads\\\/2022\\\/05\\\/depositphotos_7095662-stock-photo-beauty-treatment-facial-antiaging-radiofrecuencia.jpg?resize=600%2C400&amp;ssl=1\",\"datePublished\":\"2026-03-05T20:24:02+00:00\",\"dateModified\":\"2026-03-15T09:32:19+00:00\",\"breadcrumb\":{\"@id\":\"https:\\\/\\\/nefer.es\\\/index.php\\\/aparatologia-davantguarda\\\/#breadcrumb\"},\"inLanguage\":\"es\",\"potentialAction\":[{\"@type\":\"ReadAction\",\"target\":[\"https:\\\/\\\/nefer.es\\\/index.php\\\/aparatologia-davantguarda\\\/\"]}]},{\"@type\":\"ImageObject\",\"inLanguage\":\"es\",\"@id\":\"https:\\\/\\\/nefer.es\\\/index.php\\\/aparatologia-davantguarda\\\/#primaryimage\",\"url\":\"https:\\\/\\\/i0.wp.com\\\/centreisis.es\\\/wp-content\\\/uploads\\\/2022\\\/05\\\/depositphotos_7095662-stock-photo-beauty-treatment-facial-antiaging-radiofrecuencia.jpg?resize=600%2C400&amp;ssl=1\",\"contentUrl\":\"https:\\\/\\\/i0.wp.com\\\/centreisis.es\\\/wp-content\\\/uploads\\\/2022\\\/05\\\/depositphotos_7095662-stock-photo-beauty-treatment-facial-antiaging-radiofrecuencia.jpg?resize=600%2C400&amp;ssl=1\"},{\"@type\":\"BreadcrumbList\",\"@id\":\"https:\\\/\\\/nefer.es\\\/index.php\\\/aparatologia-davantguarda\\\/#breadcrumb\",\"itemListElement\":[{\"@type\":\"ListItem\",\"position\":1,\"name\":\"Portada\",\"item\":\"https:\\\/\\\/nefer.es\\\/\"},{\"@type\":\"ListItem\",\"position\":2,\"name\":\"Aparatolog\u00eda de Vanguardia\"}]},{\"@type\":\"WebSite\",\"@id\":\"https:\\\/\\\/nefer.es\\\/#website\",\"url\":\"https:\\\/\\\/nefer.es\\\/\",\"name\":\"centre nefer\",\"description\":\"\",\"publisher\":{\"@id\":\"https:\\\/\\\/nefer.es\\\/#organization\"},\"potentialAction\":[{\"@type\":\"SearchAction\",\"target\":{\"@type\":\"EntryPoint\",\"urlTemplate\":\"https:\\\/\\\/nefer.es\\\/?s={search_term_string}\"},\"query-input\":{\"@type\":\"PropertyValueSpecification\",\"valueRequired\":true,\"valueName\":\"search_term_string\"}}],\"inLanguage\":\"es\"},{\"@type\":\"Organization\",\"@id\":\"https:\\\/\\\/nefer.es\\\/#organization\",\"name\":\"centre nefer\",\"url\":\"https:\\\/\\\/nefer.es\\\/\",\"logo\":{\"@type\":\"ImageObject\",\"inLanguage\":\"es\",\"@id\":\"https:\\\/\\\/nefer.es\\\/#\\\/schema\\\/logo\\\/image\\\/\",\"url\":\"https:\\\/\\\/nefer.es\\\/wp-content\\\/uploads\\\/2026\\\/03\\\/cropped-logo-isis-dual-natura-1.jpg\",\"contentUrl\":\"https:\\\/\\\/nefer.es\\\/wp-content\\\/uploads\\\/2026\\\/03\\\/cropped-logo-isis-dual-natura-1.jpg\",\"width\":711,\"height\":534,\"caption\":\"centre nefer\"},\"image\":{\"@id\":\"https:\\\/\\\/nefer.es\\\/#\\\/schema\\\/logo\\\/image\\\/\"}}]}<\/script>\n<!-- \/ Yoast SEO plugin. -->","yoast_head_json":{"title":"Aparatolog\u00eda de Vanguardia - centre nefer","robots":{"index":"index","follow":"follow","max-snippet":"max-snippet:-1","max-image-preview":"max-image-preview:large","max-video-preview":"max-video-preview:-1"},"canonical":"https:\/\/nefer.es\/index.php\/aparatologia-davantguarda\/","og_locale":"es_ES","og_type":"article","og_title":"Aparatolog\u00eda de Vanguardia - centre nefer","og_description":"La aparatolog\u00eda combina los \u00faltimos avances en el sector para solucionar problemas de forma mucho&nbsp;m\u00e1s r\u00e1pida, efectiva y duradera, y todo ello sin la necesidad de pasar por un quir\u00f3fano ni de someterse a tratamientos invasivos. La \u00faltima tecnolog\u00eda esta presente, tanto en la aparatolog\u00eda facial como en la aparatolog\u00eda corporal para garantizar los&nbsp;mejores resultados&hellip;&nbsp;","og_url":"https:\/\/nefer.es\/index.php\/aparatologia-davantguarda\/","og_site_name":"centre nefer","article_modified_time":"2026-03-15T09:32:19+00:00","og_image":[{"url":"https:\/\/i0.wp.com\/centreisis.es\/wp-content\/uploads\/2022\/05\/depositphotos_7095662-stock-photo-beauty-treatment-facial-antiaging-radiofrecuencia.jpg?resize=600%2C400&amp;ssl=1","type":"","width":"","height":""}],"twitter_card":"summary_large_image","twitter_misc":{"Tiempo de lectura":"4 minutos"},"schema":{"@context":"https:\/\/schema.org","@graph":[{"@type":"WebPage","@id":"https:\/\/nefer.es\/index.php\/aparatologia-davantguarda\/","url":"https:\/\/nefer.es\/index.php\/aparatologia-davantguarda\/","name":"Aparatolog\u00eda de Vanguardia - centre nefer","isPartOf":{"@id":"https:\/\/nefer.es\/#website"},"primaryImageOfPage":{"@id":"https:\/\/nefer.es\/index.php\/aparatologia-davantguarda\/#primaryimage"},"image":{"@id":"https:\/\/nefer.es\/index.php\/aparatologia-davantguarda\/#primaryimage"},"thumbnailUrl":"https:\/\/i0.wp.com\/centreisis.es\/wp-content\/uploads\/2022\/05\/depositphotos_7095662-stock-photo-beauty-treatment-facial-antiaging-radiofrecuencia.jpg?resize=600%2C400&amp;ssl=1","datePublished":"2026-03-05T20:24:02+00:00","dateModified":"2026-03-15T09:32:19+00:00","breadcrumb":{"@id":"https:\/\/nefer.es\/index.php\/aparatologia-davantguarda\/#breadcrumb"},"inLanguage":"es","potentialAction":[{"@type":"ReadAction","target":["https:\/\/nefer.es\/index.php\/aparatologia-davantguarda\/"]}]},{"@type":"ImageObject","inLanguage":"es","@id":"https:\/\/nefer.es\/index.php\/aparatologia-davantguarda\/#primaryimage","url":"https:\/\/i0.wp.com\/centreisis.es\/wp-content\/uploads\/2022\/05\/depositphotos_7095662-stock-photo-beauty-treatment-facial-antiaging-radiofrecuencia.jpg?resize=600%2C400&amp;ssl=1","contentUrl":"https:\/\/i0.wp.com\/centreisis.es\/wp-content\/uploads\/2022\/05\/depositphotos_7095662-stock-photo-beauty-treatment-facial-antiaging-radiofrecuencia.jpg?resize=600%2C400&amp;ssl=1"},{"@type":"BreadcrumbList","@id":"https:\/\/nefer.es\/index.php\/aparatologia-davantguarda\/#breadcrumb","itemListElement":[{"@type":"ListItem","position":1,"name":"Portada","item":"https:\/\/nefer.es\/"},{"@type":"ListItem","position":2,"name":"Aparatolog\u00eda de Vanguardia"}]},{"@type":"WebSite","@id":"https:\/\/nefer.es\/#website","url":"https:\/\/nefer.es\/","name":"centre nefer","description":"","publisher":{"@id":"https:\/\/nefer.es\/#organization"},"potentialAction":[{"@type":"SearchAction","target":{"@type":"EntryPoint","urlTemplate":"https:\/\/nefer.es\/?s={search_term_string}"},"query-input":{"@type":"PropertyValueSpecification","valueRequired":true,"valueName":"search_term_string"}}],"inLanguage":"es"},{"@type":"Organization","@id":"https:\/\/nefer.es\/#organization","name":"centre nefer","url":"https:\/\/nefer.es\/","logo":{"@type":"ImageObject","inLanguage":"es","@id":"https:\/\/nefer.es\/#\/schema\/logo\/image\/","url":"https:\/\/nefer.es\/wp-content\/uploads\/2026\/03\/cropped-logo-isis-dual-natura-1.jpg","contentUrl":"https:\/\/nefer.es\/wp-content\/uploads\/2026\/03\/cropped-logo-isis-dual-natura-1.jpg","width":711,"height":534,"caption":"centre nefer"},"image":{"@id":"https:\/\/nefer.es\/#\/schema\/logo\/image\/"}}]}},"jetpack_sharing_enabled":true,"_links":{"self":[{"href":"https:\/\/nefer.es\/index.php\/wp-json\/wp\/v2\/pages\/18","targetHints":{"allow":["GET"]}}],"collection":[{"href":"https:\/\/nefer.es\/index.php\/wp-json\/wp\/v2\/pages"}],"about":[{"href":"https:\/\/nefer.es\/index.php\/wp-json\/wp\/v2\/types\/page"}],"author":[{"embeddable":true,"href":"https:\/\/nefer.es\/index.php\/wp-json\/wp\/v2\/users\/1"}],"replies":[{"embeddable":true,"href":"https:\/\/nefer.es\/index.php\/wp-json\/wp\/v2\/comments?post=18"}],"version-history":[{"count":18,"href":"https:\/\/nefer.es\/index.php\/wp-json\/wp\/v2\/pages\/18\/revisions"}],"predecessor-version":[{"id":460,"href":"https:\/\/nefer.es\/index.php\/wp-json\/wp\/v2\/pages\/18\/revisions\/460"}],"wp:attachment":[{"href":"https:\/\/nefer.es\/index.php\/wp-json\/wp\/v2\/media?parent=18"}],"curies":[{"name":"wp","href":"https:\/\/api.w.org\/{rel}","templated":true}]}}