{"id":19,"date":"2026-03-05T20:22:38","date_gmt":"2026-03-05T20:22:38","guid":{"rendered":"https:\/\/centreisis.com\/?page_id=19"},"modified":"2026-03-30T14:59:36","modified_gmt":"2026-03-30T14:59:36","slug":"terapies-naturals","status":"publish","type":"page","link":"https:\/\/nefer.es\/index.php\/terapies-naturals\/","title":{"rendered":"Terapias naturales"},"content":{"rendered":"\n<p class=\"has-text-align-center\"><br>Para un buen equilibrio de salud y bienestar, debes observar todas las partes:&nbsp;<strong>cuerpo, mente&nbsp;<\/strong>y<strong>&nbsp;paz interior<\/strong>. Las terapias naturales tiene en cuenta estos tres componentes.<\/p>\n\n\n\n<p class=\"has-text-align-center\">Y nosotros lo tenemos claro, por eso, te ofrecemos nuestro&nbsp;servicio terap\u00e9utico integrativo. Un espacio de asesoramiento para identificar y aplicar las terapias naturales m\u00e1s id\u00f3neas a tu momento actual.<\/p>\n\n\n\n<h3 class=\"wp-block-heading has-text-align-center\"><mark style=\"background-color:rgba(0, 0, 0, 0)\" class=\"has-inline-color has-luminous-vivid-orange-color\">Descubre el tratamiento que&nbsp;<strong>mejor se adapta<\/strong>&nbsp;a t\u00ed.<\/mark><\/h3>\n\n\n\n<hr class=\"wp-block-separator has-alpha-channel-opacity\"\/>\n\n\n\n<h4 class=\"wp-block-heading has-text-align-center\"><strong>Naturopat\u00eda<\/strong><\/h4>\n\n\n\n<p class=\"has-text-align-center\">Sistema que estudia al ser humano desde un punto de vista hol\u00edstico y global, utilizando elementos exclusivamente naturales para mantener y recuperar la salud.<\/p>\n\n\n\n<p class=\"has-text-align-center\"><a href=\"https:\/\/centreisis.com\/index.php\/naturopatia\/\" target=\"_blank\" rel=\"noreferrer noopener\"><strong>m\u00e1s informaci\u00f3n<\/strong><\/a><\/p>\n\n\n\n<div class=\"wp-block-buttons is-layout-flex wp-block-buttons-is-layout-flex\"><\/div>\n\n\n\n<hr class=\"wp-block-separator has-alpha-channel-opacity\"\/>\n\n\n\n<h4 class=\"wp-block-heading has-text-align-center\"><strong>Homeopat\u00eda<\/strong><\/h4>\n\n\n\n<p class=\"has-text-align-center\">El objetivo de la homeopat\u00eda es la recuperaci\u00f3n del equilibrio del organismo, es decir, restablecer un estado \u00f3ptimo de la salud.<\/p>\n\n\n\n<p class=\"has-text-align-center\"><a href=\"https:\/\/centreisis.com\/index.php\/homeopatia\/\" target=\"_blank\" rel=\"noreferrer noopener\"><strong>m\u00e1s informaci\u00f3n<\/strong><\/a><\/p>\n\n\n\n<hr class=\"wp-block-separator has-alpha-channel-opacity\"\/>\n\n\n\n<h4 class=\"wp-block-heading has-text-align-center\"><strong>Medicina Tradicional China<\/strong><\/h4>\n\n\n\n<p class=\"has-text-align-center\">La Medicina Tradicional China se basa en una serie de intervenciones dirigidas a recuperar el equilibrio del ser humano.<\/p>\n\n\n\n<p class=\"has-text-align-center\"><a href=\"https:\/\/centreisis.com\/index.php\/medicina-tradicional-china\/\" target=\"_blank\" rel=\"noreferrer noopener\"><strong>m\u00e1s informaci\u00f3n<\/strong><\/a><\/p>\n\n\n\n<hr class=\"wp-block-separator has-alpha-channel-opacity\"\/>\n\n\n\n<h4 class=\"wp-block-heading has-text-align-center\"><strong>terapia transgeneracional<\/strong><\/h4>\n\n\n\n<p class=\"has-text-align-center\">El enfoque transgeneracional sostiene que los traumas, secretos y conflictos no resueltos de nuestros antepasados pueden transmitirse a las generaciones posteriores a trav\u00e9s de mecanismos como la repetici\u00f3n o la compensaci\u00f3n, generando en nosotros limitaciones que no terminamos de comprender. Esta herencia emocional, que responde a una lealtad familiar inconsciente, tiene respaldo en la epigen\u00e9tica al demostrar que las experiencias vividas pueden dejar marcas que influyen en nuestra forma de responder al estr\u00e9s. La clave para romper con estos \u00abmandatos familiares\u00bb est\u00e1 en tomar conciencia de esas historias silenciadas a trav\u00e9s de herramientas como el \u00e1rbol geneal\u00f3gico, para as\u00ed trascender el pasado, liberarnos de patrones heredados y recuperar la capacidad de vivir nuestra propia vida con libertad, cortando adem\u00e1s la transmisi\u00f3n de esos conflictos a las futuras generaciones..<\/p>\n\n\n\n<p class=\"has-text-align-center\"><a href=\"https:\/\/nefer.es\/index.php\/terapia-transgeneracional\/\" target=\"_blank\" rel=\"noreferrer noopener\"><strong>m\u00e1s informaci\u00f3n<\/strong><\/a><\/p>\n","protected":false},"excerpt":{"rendered":"<p>Para un buen equilibrio de salud y bienestar, debes observar todas las partes:&nbsp;cuerpo, mente&nbsp;y&nbsp;paz interior. Las terapias naturales tiene en cuenta estos tres componentes. Y nosotros lo tenemos claro, por eso, te ofrecemos nuestro&nbsp;servicio terap\u00e9utico integrativo. Un espacio de asesoramiento para identificar y aplicar las terapias naturales m\u00e1s id\u00f3neas a tu momento actual. Descubre el&hellip;&nbsp;<\/p>\n","protected":false},"author":1,"featured_media":0,"parent":0,"menu_order":0,"comment_status":"closed","ping_status":"closed","template":"","meta":{"neve_meta_sidebar":"","neve_meta_container":"","neve_meta_enable_content_width":"","neve_meta_content_width":0,"neve_meta_title_alignment":"","neve_meta_author_avatar":"","neve_post_elements_order":"","neve_meta_disable_header":"","neve_meta_disable_footer":"","neve_meta_disable_title":"","footnotes":""},"class_list":["post-19","page","type-page","status-publish","hentry"],"yoast_head":"<!-- This site is optimized with the Yoast SEO plugin v27.4 - https:\/\/yoast.com\/product\/yoast-seo-wordpress\/ -->\n<title>Terapias naturales - centre nefer<\/title>\n<meta name=\"robots\" content=\"index, follow, max-snippet:-1, max-image-preview:large, max-video-preview:-1\" \/>\n<link rel=\"canonical\" href=\"https:\/\/nefer.es\/index.php\/terapies-naturals\/\" \/>\n<meta property=\"og:locale\" content=\"es_ES\" \/>\n<meta property=\"og:type\" content=\"article\" \/>\n<meta property=\"og:title\" content=\"Terapias naturales - centre nefer\" \/>\n<meta property=\"og:description\" content=\"Para un buen equilibrio de salud y bienestar, debes observar todas las partes:&nbsp;cuerpo, mente&nbsp;y&nbsp;paz interior. Las terapias naturales tiene en cuenta estos tres componentes. Y nosotros lo tenemos claro, por eso, te ofrecemos nuestro&nbsp;servicio terap\u00e9utico integrativo. Un espacio de asesoramiento para identificar y aplicar las terapias naturales m\u00e1s id\u00f3neas a tu momento actual. Descubre el&hellip;&nbsp;\" \/>\n<meta property=\"og:url\" content=\"https:\/\/nefer.es\/index.php\/terapies-naturals\/\" \/>\n<meta property=\"og:site_name\" content=\"centre nefer\" \/>\n<meta property=\"article:modified_time\" content=\"2026-03-30T14:59:36+00:00\" \/>\n<meta property=\"og:image\" content=\"https:\/\/nefer.es\/wp-content\/uploads\/2026\/03\/logo-ull.jpg\" \/>\n\t<meta property=\"og:image:width\" content=\"358\" \/>\n\t<meta property=\"og:image:height\" content=\"342\" \/>\n\t<meta property=\"og:image:type\" content=\"image\/jpeg\" \/>\n<meta name=\"twitter:card\" content=\"summary_large_image\" \/>\n<meta name=\"twitter:label1\" content=\"Tiempo de lectura\" \/>\n\t<meta name=\"twitter:data1\" content=\"2 minutos\" \/>\n<script type=\"application\/ld+json\" class=\"yoast-schema-graph\">{\"@context\":\"https:\\\/\\\/schema.org\",\"@graph\":[{\"@type\":\"WebPage\",\"@id\":\"https:\\\/\\\/nefer.es\\\/index.php\\\/terapies-naturals\\\/\",\"url\":\"https:\\\/\\\/nefer.es\\\/index.php\\\/terapies-naturals\\\/\",\"name\":\"Terapias naturales - centre nefer\",\"isPartOf\":{\"@id\":\"https:\\\/\\\/nefer.es\\\/#website\"},\"datePublished\":\"2026-03-05T20:22:38+00:00\",\"dateModified\":\"2026-03-30T14:59:36+00:00\",\"breadcrumb\":{\"@id\":\"https:\\\/\\\/nefer.es\\\/index.php\\\/terapies-naturals\\\/#breadcrumb\"},\"inLanguage\":\"es\",\"potentialAction\":[{\"@type\":\"ReadAction\",\"target\":[\"https:\\\/\\\/nefer.es\\\/index.php\\\/terapies-naturals\\\/\"]}]},{\"@type\":\"BreadcrumbList\",\"@id\":\"https:\\\/\\\/nefer.es\\\/index.php\\\/terapies-naturals\\\/#breadcrumb\",\"itemListElement\":[{\"@type\":\"ListItem\",\"position\":1,\"name\":\"Portada\",\"item\":\"https:\\\/\\\/nefer.es\\\/\"},{\"@type\":\"ListItem\",\"position\":2,\"name\":\"Terapias naturales\"}]},{\"@type\":\"WebSite\",\"@id\":\"https:\\\/\\\/nefer.es\\\/#website\",\"url\":\"https:\\\/\\\/nefer.es\\\/\",\"name\":\"centre nefer\",\"description\":\"\",\"publisher\":{\"@id\":\"https:\\\/\\\/nefer.es\\\/#organization\"},\"potentialAction\":[{\"@type\":\"SearchAction\",\"target\":{\"@type\":\"EntryPoint\",\"urlTemplate\":\"https:\\\/\\\/nefer.es\\\/?s={search_term_string}\"},\"query-input\":{\"@type\":\"PropertyValueSpecification\",\"valueRequired\":true,\"valueName\":\"search_term_string\"}}],\"inLanguage\":\"es\"},{\"@type\":\"Organization\",\"@id\":\"https:\\\/\\\/nefer.es\\\/#organization\",\"name\":\"centre nefer\",\"url\":\"https:\\\/\\\/nefer.es\\\/\",\"logo\":{\"@type\":\"ImageObject\",\"inLanguage\":\"es\",\"@id\":\"https:\\\/\\\/nefer.es\\\/#\\\/schema\\\/logo\\\/image\\\/\",\"url\":\"https:\\\/\\\/nefer.es\\\/wp-content\\\/uploads\\\/2026\\\/03\\\/cropped-logo-isis-dual-natura-1.jpg\",\"contentUrl\":\"https:\\\/\\\/nefer.es\\\/wp-content\\\/uploads\\\/2026\\\/03\\\/cropped-logo-isis-dual-natura-1.jpg\",\"width\":711,\"height\":534,\"caption\":\"centre nefer\"},\"image\":{\"@id\":\"https:\\\/\\\/nefer.es\\\/#\\\/schema\\\/logo\\\/image\\\/\"}}]}<\/script>\n<!-- \/ Yoast SEO plugin. -->","yoast_head_json":{"title":"Terapias naturales - centre nefer","robots":{"index":"index","follow":"follow","max-snippet":"max-snippet:-1","max-image-preview":"max-image-preview:large","max-video-preview":"max-video-preview:-1"},"canonical":"https:\/\/nefer.es\/index.php\/terapies-naturals\/","og_locale":"es_ES","og_type":"article","og_title":"Terapias naturales - centre nefer","og_description":"Para un buen equilibrio de salud y bienestar, debes observar todas las partes:&nbsp;cuerpo, mente&nbsp;y&nbsp;paz interior. Las terapias naturales tiene en cuenta estos tres componentes. Y nosotros lo tenemos claro, por eso, te ofrecemos nuestro&nbsp;servicio terap\u00e9utico integrativo. Un espacio de asesoramiento para identificar y aplicar las terapias naturales m\u00e1s id\u00f3neas a tu momento actual. Descubre el&hellip;&nbsp;","og_url":"https:\/\/nefer.es\/index.php\/terapies-naturals\/","og_site_name":"centre nefer","article_modified_time":"2026-03-30T14:59:36+00:00","og_image":[{"width":358,"height":342,"url":"https:\/\/nefer.es\/wp-content\/uploads\/2026\/03\/logo-ull.jpg","type":"image\/jpeg"}],"twitter_card":"summary_large_image","twitter_misc":{"Tiempo de lectura":"2 minutos"},"schema":{"@context":"https:\/\/schema.org","@graph":[{"@type":"WebPage","@id":"https:\/\/nefer.es\/index.php\/terapies-naturals\/","url":"https:\/\/nefer.es\/index.php\/terapies-naturals\/","name":"Terapias naturales - centre nefer","isPartOf":{"@id":"https:\/\/nefer.es\/#website"},"datePublished":"2026-03-05T20:22:38+00:00","dateModified":"2026-03-30T14:59:36+00:00","breadcrumb":{"@id":"https:\/\/nefer.es\/index.php\/terapies-naturals\/#breadcrumb"},"inLanguage":"es","potentialAction":[{"@type":"ReadAction","target":["https:\/\/nefer.es\/index.php\/terapies-naturals\/"]}]},{"@type":"BreadcrumbList","@id":"https:\/\/nefer.es\/index.php\/terapies-naturals\/#breadcrumb","itemListElement":[{"@type":"ListItem","position":1,"name":"Portada","item":"https:\/\/nefer.es\/"},{"@type":"ListItem","position":2,"name":"Terapias naturales"}]},{"@type":"WebSite","@id":"https:\/\/nefer.es\/#website","url":"https:\/\/nefer.es\/","name":"centre nefer","description":"","publisher":{"@id":"https:\/\/nefer.es\/#organization"},"potentialAction":[{"@type":"SearchAction","target":{"@type":"EntryPoint","urlTemplate":"https:\/\/nefer.es\/?s={search_term_string}"},"query-input":{"@type":"PropertyValueSpecification","valueRequired":true,"valueName":"search_term_string"}}],"inLanguage":"es"},{"@type":"Organization","@id":"https:\/\/nefer.es\/#organization","name":"centre nefer","url":"https:\/\/nefer.es\/","logo":{"@type":"ImageObject","inLanguage":"es","@id":"https:\/\/nefer.es\/#\/schema\/logo\/image\/","url":"https:\/\/nefer.es\/wp-content\/uploads\/2026\/03\/cropped-logo-isis-dual-natura-1.jpg","contentUrl":"https:\/\/nefer.es\/wp-content\/uploads\/2026\/03\/cropped-logo-isis-dual-natura-1.jpg","width":711,"height":534,"caption":"centre nefer"},"image":{"@id":"https:\/\/nefer.es\/#\/schema\/logo\/image\/"}}]}},"jetpack_sharing_enabled":true,"_links":{"self":[{"href":"https:\/\/nefer.es\/index.php\/wp-json\/wp\/v2\/pages\/19","targetHints":{"allow":["GET"]}}],"collection":[{"href":"https:\/\/nefer.es\/index.php\/wp-json\/wp\/v2\/pages"}],"about":[{"href":"https:\/\/nefer.es\/index.php\/wp-json\/wp\/v2\/types\/page"}],"author":[{"embeddable":true,"href":"https:\/\/nefer.es\/index.php\/wp-json\/wp\/v2\/users\/1"}],"replies":[{"embeddable":true,"href":"https:\/\/nefer.es\/index.php\/wp-json\/wp\/v2\/comments?post=19"}],"version-history":[{"count":11,"href":"https:\/\/nefer.es\/index.php\/wp-json\/wp\/v2\/pages\/19\/revisions"}],"predecessor-version":[{"id":521,"href":"https:\/\/nefer.es\/index.php\/wp-json\/wp\/v2\/pages\/19\/revisions\/521"}],"wp:attachment":[{"href":"https:\/\/nefer.es\/index.php\/wp-json\/wp\/v2\/media?parent=19"}],"curies":[{"name":"wp","href":"https:\/\/api.w.org\/{rel}","templated":true}]}}