{"id":388,"date":"2026-03-13T15:49:04","date_gmt":"2026-03-13T15:49:04","guid":{"rendered":"https:\/\/centreisis.com\/?page_id=388"},"modified":"2026-03-30T14:21:09","modified_gmt":"2026-03-30T14:21:09","slug":"exfoliacion-mas-hidratacion","status":"publish","type":"page","link":"https:\/\/nefer.es\/index.php\/exfoliacion-mas-hidratacion\/","title":{"rendered":"Exfoliaci\u00f3n m\u00e1s Hidrataci\u00f3n"},"content":{"rendered":"<div class=\"wp-block-image\">\n<figure class=\"aligncenter size-full is-resized\"><img loading=\"lazy\" decoding=\"async\" width=\"1024\" height=\"559\" src=\"https:\/\/nefer.es\/wp-content\/uploads\/2026\/03\/image-13.png\" alt=\"\" class=\"wp-image-490\" style=\"aspect-ratio:1.8319179618650858;width:435px;height:auto\" srcset=\"https:\/\/nefer.es\/wp-content\/uploads\/2026\/03\/image-13.png 1024w, https:\/\/nefer.es\/wp-content\/uploads\/2026\/03\/image-13-300x164.png 300w, https:\/\/nefer.es\/wp-content\/uploads\/2026\/03\/image-13-768x419.png 768w\" sizes=\"auto, (max-width: 1024px) 100vw, 1024px\" \/><\/figure>\n<\/div>\n\n\n<div style=\"height:61px\" aria-hidden=\"true\" class=\"wp-block-spacer\"><\/div>\n\n\n\n<h4 class=\"wp-block-heading has-text-align-center\">En qu\u00e9 consiste<\/h4>\n\n\n\n<p class=\"has-text-align-center\">La exfoliaci\u00f3n corporal es un m\u00e9todo que aparte de ser muy relajante, sirve para suavizar y quitar las c\u00e9lulas muertas acumuladas de la piel de todo el cuerpo.<\/p>\n\n\n\n<hr class=\"wp-block-separator has-alpha-channel-opacity\"\/>\n\n\n\n<h5 class=\"wp-block-heading has-text-align-center\">Procedimiento<\/h5>\n\n\n\n<p class=\"has-text-align-center\"><strong><mark style=\"background-color:rgba(0, 0, 0, 0)\" class=\"has-inline-color has-neve-link-color-color\">EXFOLIACI\u00d3N<\/mark><\/strong><\/p>\n\n\n\n<p class=\"has-text-align-center\">Eliminaci\u00f3n de las c\u00e9lulas muertas, se insiste m\u00e1s en las zonas m\u00e1s gruesas como codo, rodilla, tacones, teniendo m\u00e1s cuidado en las zonas donde la piel es m\u00e1s sensible, escote y pecho.<\/p>\n\n\n\n<p class=\"has-text-align-center\"><strong><mark style=\"background-color:rgba(0, 0, 0, 0)\" class=\"has-inline-color has-neve-link-color-color\">DUCHA<\/mark><\/strong><\/p>\n\n\n\n<p class=\"has-text-align-center\">Eliminaci\u00f3n del exfoliante de todo el cuerpo.<\/p>\n\n\n\n<p class=\"has-text-align-center\"><strong><mark style=\"background-color:rgba(0, 0, 0, 0)\" class=\"has-inline-color has-neve-link-color-color\">HIDRATACI\u00d3N<\/mark><\/strong><\/p>\n\n\n\n<p class=\"has-text-align-center\">Al finalizar la exfoliaci\u00f3n es imprescindible una buena hidrataci\u00f3n de la piel.<\/p>\n\n\n\n<p><\/p>\n","protected":false},"excerpt":{"rendered":"<p>En qu\u00e9 consiste La exfoliaci\u00f3n corporal es un m\u00e9todo que aparte de ser muy relajante, sirve para suavizar y quitar las c\u00e9lulas muertas acumuladas de la piel de todo el cuerpo. Procedimiento EXFOLIACI\u00d3N Eliminaci\u00f3n de las c\u00e9lulas muertas, se insiste m\u00e1s en las zonas m\u00e1s gruesas como codo, rodilla, tacones, teniendo m\u00e1s cuidado en las&hellip;&nbsp;<\/p>\n","protected":false},"author":1,"featured_media":0,"parent":0,"menu_order":0,"comment_status":"closed","ping_status":"closed","template":"","meta":{"neve_meta_sidebar":"","neve_meta_container":"","neve_meta_enable_content_width":"","neve_meta_content_width":0,"neve_meta_title_alignment":"","neve_meta_author_avatar":"","neve_post_elements_order":"","neve_meta_disable_header":"","neve_meta_disable_footer":"","neve_meta_disable_title":"","footnotes":""},"class_list":["post-388","page","type-page","status-publish","hentry"],"yoast_head":"<!-- This site is optimized with the Yoast SEO plugin v27.5 - https:\/\/yoast.com\/product\/yoast-seo-wordpress\/ -->\n<title>Exfoliaci\u00f3n m\u00e1s Hidrataci\u00f3n - centre nefer<\/title>\n<meta name=\"robots\" content=\"index, follow, max-snippet:-1, max-image-preview:large, max-video-preview:-1\" \/>\n<link rel=\"canonical\" href=\"https:\/\/nefer.es\/index.php\/exfoliacion-mas-hidratacion\/\" \/>\n<meta property=\"og:locale\" content=\"es_ES\" \/>\n<meta property=\"og:type\" content=\"article\" \/>\n<meta property=\"og:title\" content=\"Exfoliaci\u00f3n m\u00e1s Hidrataci\u00f3n - centre nefer\" \/>\n<meta property=\"og:description\" content=\"En qu\u00e9 consiste La exfoliaci\u00f3n corporal es un m\u00e9todo que aparte de ser muy relajante, sirve para suavizar y quitar las c\u00e9lulas muertas acumuladas de la piel de todo el cuerpo. Procedimiento EXFOLIACI\u00d3N Eliminaci\u00f3n de las c\u00e9lulas muertas, se insiste m\u00e1s en las zonas m\u00e1s gruesas como codo, rodilla, tacones, teniendo m\u00e1s cuidado en las&hellip;&nbsp;\" \/>\n<meta property=\"og:url\" content=\"https:\/\/nefer.es\/index.php\/exfoliacion-mas-hidratacion\/\" \/>\n<meta property=\"og:site_name\" content=\"centre nefer\" \/>\n<meta property=\"article:modified_time\" content=\"2026-03-30T14:21:09+00:00\" \/>\n<meta property=\"og:image\" content=\"https:\/\/nefer.es\/wp-content\/uploads\/2026\/03\/image-13.png\" \/>\n\t<meta property=\"og:image:width\" content=\"1024\" \/>\n\t<meta property=\"og:image:height\" content=\"559\" \/>\n\t<meta property=\"og:image:type\" content=\"image\/png\" \/>\n<meta name=\"twitter:card\" content=\"summary_large_image\" \/>\n<meta name=\"twitter:label1\" content=\"Tiempo de lectura\" \/>\n\t<meta name=\"twitter:data1\" content=\"1 minuto\" \/>\n<script type=\"application\/ld+json\" class=\"yoast-schema-graph\">{\"@context\":\"https:\\\/\\\/schema.org\",\"@graph\":[{\"@type\":\"WebPage\",\"@id\":\"https:\\\/\\\/nefer.es\\\/index.php\\\/exfoliacion-mas-hidratacion\\\/\",\"url\":\"https:\\\/\\\/nefer.es\\\/index.php\\\/exfoliacion-mas-hidratacion\\\/\",\"name\":\"Exfoliaci\u00f3n m\u00e1s Hidrataci\u00f3n - centre nefer\",\"isPartOf\":{\"@id\":\"https:\\\/\\\/nefer.es\\\/#website\"},\"primaryImageOfPage\":{\"@id\":\"https:\\\/\\\/nefer.es\\\/index.php\\\/exfoliacion-mas-hidratacion\\\/#primaryimage\"},\"image\":{\"@id\":\"https:\\\/\\\/nefer.es\\\/index.php\\\/exfoliacion-mas-hidratacion\\\/#primaryimage\"},\"thumbnailUrl\":\"https:\\\/\\\/nefer.es\\\/wp-content\\\/uploads\\\/2026\\\/03\\\/image-13.png\",\"datePublished\":\"2026-03-13T15:49:04+00:00\",\"dateModified\":\"2026-03-30T14:21:09+00:00\",\"breadcrumb\":{\"@id\":\"https:\\\/\\\/nefer.es\\\/index.php\\\/exfoliacion-mas-hidratacion\\\/#breadcrumb\"},\"inLanguage\":\"es\",\"potentialAction\":[{\"@type\":\"ReadAction\",\"target\":[\"https:\\\/\\\/nefer.es\\\/index.php\\\/exfoliacion-mas-hidratacion\\\/\"]}]},{\"@type\":\"ImageObject\",\"inLanguage\":\"es\",\"@id\":\"https:\\\/\\\/nefer.es\\\/index.php\\\/exfoliacion-mas-hidratacion\\\/#primaryimage\",\"url\":\"https:\\\/\\\/nefer.es\\\/wp-content\\\/uploads\\\/2026\\\/03\\\/image-13.png\",\"contentUrl\":\"https:\\\/\\\/nefer.es\\\/wp-content\\\/uploads\\\/2026\\\/03\\\/image-13.png\",\"width\":1024,\"height\":559},{\"@type\":\"BreadcrumbList\",\"@id\":\"https:\\\/\\\/nefer.es\\\/index.php\\\/exfoliacion-mas-hidratacion\\\/#breadcrumb\",\"itemListElement\":[{\"@type\":\"ListItem\",\"position\":1,\"name\":\"Portada\",\"item\":\"https:\\\/\\\/nefer.es\\\/\"},{\"@type\":\"ListItem\",\"position\":2,\"name\":\"Exfoliaci\u00f3n m\u00e1s Hidrataci\u00f3n\"}]},{\"@type\":\"WebSite\",\"@id\":\"https:\\\/\\\/nefer.es\\\/#website\",\"url\":\"https:\\\/\\\/nefer.es\\\/\",\"name\":\"centre nefer\",\"description\":\"\",\"publisher\":{\"@id\":\"https:\\\/\\\/nefer.es\\\/#organization\"},\"potentialAction\":[{\"@type\":\"SearchAction\",\"target\":{\"@type\":\"EntryPoint\",\"urlTemplate\":\"https:\\\/\\\/nefer.es\\\/?s={search_term_string}\"},\"query-input\":{\"@type\":\"PropertyValueSpecification\",\"valueRequired\":true,\"valueName\":\"search_term_string\"}}],\"inLanguage\":\"es\"},{\"@type\":\"Organization\",\"@id\":\"https:\\\/\\\/nefer.es\\\/#organization\",\"name\":\"centre nefer\",\"url\":\"https:\\\/\\\/nefer.es\\\/\",\"logo\":{\"@type\":\"ImageObject\",\"inLanguage\":\"es\",\"@id\":\"https:\\\/\\\/nefer.es\\\/#\\\/schema\\\/logo\\\/image\\\/\",\"url\":\"https:\\\/\\\/nefer.es\\\/wp-content\\\/uploads\\\/2026\\\/03\\\/cropped-logo-isis-dual-natura-1.jpg\",\"contentUrl\":\"https:\\\/\\\/nefer.es\\\/wp-content\\\/uploads\\\/2026\\\/03\\\/cropped-logo-isis-dual-natura-1.jpg\",\"width\":711,\"height\":534,\"caption\":\"centre nefer\"},\"image\":{\"@id\":\"https:\\\/\\\/nefer.es\\\/#\\\/schema\\\/logo\\\/image\\\/\"}}]}<\/script>\n<!-- \/ Yoast SEO plugin. -->","yoast_head_json":{"title":"Exfoliaci\u00f3n m\u00e1s Hidrataci\u00f3n - centre nefer","robots":{"index":"index","follow":"follow","max-snippet":"max-snippet:-1","max-image-preview":"max-image-preview:large","max-video-preview":"max-video-preview:-1"},"canonical":"https:\/\/nefer.es\/index.php\/exfoliacion-mas-hidratacion\/","og_locale":"es_ES","og_type":"article","og_title":"Exfoliaci\u00f3n m\u00e1s Hidrataci\u00f3n - centre nefer","og_description":"En qu\u00e9 consiste La exfoliaci\u00f3n corporal es un m\u00e9todo que aparte de ser muy relajante, sirve para suavizar y quitar las c\u00e9lulas muertas acumuladas de la piel de todo el cuerpo. Procedimiento EXFOLIACI\u00d3N Eliminaci\u00f3n de las c\u00e9lulas muertas, se insiste m\u00e1s en las zonas m\u00e1s gruesas como codo, rodilla, tacones, teniendo m\u00e1s cuidado en las&hellip;&nbsp;","og_url":"https:\/\/nefer.es\/index.php\/exfoliacion-mas-hidratacion\/","og_site_name":"centre nefer","article_modified_time":"2026-03-30T14:21:09+00:00","og_image":[{"width":1024,"height":559,"url":"https:\/\/nefer.es\/wp-content\/uploads\/2026\/03\/image-13.png","type":"image\/png"}],"twitter_card":"summary_large_image","twitter_misc":{"Tiempo de lectura":"1 minuto"},"schema":{"@context":"https:\/\/schema.org","@graph":[{"@type":"WebPage","@id":"https:\/\/nefer.es\/index.php\/exfoliacion-mas-hidratacion\/","url":"https:\/\/nefer.es\/index.php\/exfoliacion-mas-hidratacion\/","name":"Exfoliaci\u00f3n m\u00e1s Hidrataci\u00f3n - centre nefer","isPartOf":{"@id":"https:\/\/nefer.es\/#website"},"primaryImageOfPage":{"@id":"https:\/\/nefer.es\/index.php\/exfoliacion-mas-hidratacion\/#primaryimage"},"image":{"@id":"https:\/\/nefer.es\/index.php\/exfoliacion-mas-hidratacion\/#primaryimage"},"thumbnailUrl":"https:\/\/nefer.es\/wp-content\/uploads\/2026\/03\/image-13.png","datePublished":"2026-03-13T15:49:04+00:00","dateModified":"2026-03-30T14:21:09+00:00","breadcrumb":{"@id":"https:\/\/nefer.es\/index.php\/exfoliacion-mas-hidratacion\/#breadcrumb"},"inLanguage":"es","potentialAction":[{"@type":"ReadAction","target":["https:\/\/nefer.es\/index.php\/exfoliacion-mas-hidratacion\/"]}]},{"@type":"ImageObject","inLanguage":"es","@id":"https:\/\/nefer.es\/index.php\/exfoliacion-mas-hidratacion\/#primaryimage","url":"https:\/\/nefer.es\/wp-content\/uploads\/2026\/03\/image-13.png","contentUrl":"https:\/\/nefer.es\/wp-content\/uploads\/2026\/03\/image-13.png","width":1024,"height":559},{"@type":"BreadcrumbList","@id":"https:\/\/nefer.es\/index.php\/exfoliacion-mas-hidratacion\/#breadcrumb","itemListElement":[{"@type":"ListItem","position":1,"name":"Portada","item":"https:\/\/nefer.es\/"},{"@type":"ListItem","position":2,"name":"Exfoliaci\u00f3n m\u00e1s Hidrataci\u00f3n"}]},{"@type":"WebSite","@id":"https:\/\/nefer.es\/#website","url":"https:\/\/nefer.es\/","name":"centre nefer","description":"","publisher":{"@id":"https:\/\/nefer.es\/#organization"},"potentialAction":[{"@type":"SearchAction","target":{"@type":"EntryPoint","urlTemplate":"https:\/\/nefer.es\/?s={search_term_string}"},"query-input":{"@type":"PropertyValueSpecification","valueRequired":true,"valueName":"search_term_string"}}],"inLanguage":"es"},{"@type":"Organization","@id":"https:\/\/nefer.es\/#organization","name":"centre nefer","url":"https:\/\/nefer.es\/","logo":{"@type":"ImageObject","inLanguage":"es","@id":"https:\/\/nefer.es\/#\/schema\/logo\/image\/","url":"https:\/\/nefer.es\/wp-content\/uploads\/2026\/03\/cropped-logo-isis-dual-natura-1.jpg","contentUrl":"https:\/\/nefer.es\/wp-content\/uploads\/2026\/03\/cropped-logo-isis-dual-natura-1.jpg","width":711,"height":534,"caption":"centre nefer"},"image":{"@id":"https:\/\/nefer.es\/#\/schema\/logo\/image\/"}}]}},"jetpack_sharing_enabled":true,"_links":{"self":[{"href":"https:\/\/nefer.es\/index.php\/wp-json\/wp\/v2\/pages\/388","targetHints":{"allow":["GET"]}}],"collection":[{"href":"https:\/\/nefer.es\/index.php\/wp-json\/wp\/v2\/pages"}],"about":[{"href":"https:\/\/nefer.es\/index.php\/wp-json\/wp\/v2\/types\/page"}],"author":[{"embeddable":true,"href":"https:\/\/nefer.es\/index.php\/wp-json\/wp\/v2\/users\/1"}],"replies":[{"embeddable":true,"href":"https:\/\/nefer.es\/index.php\/wp-json\/wp\/v2\/comments?post=388"}],"version-history":[{"count":4,"href":"https:\/\/nefer.es\/index.php\/wp-json\/wp\/v2\/pages\/388\/revisions"}],"predecessor-version":[{"id":494,"href":"https:\/\/nefer.es\/index.php\/wp-json\/wp\/v2\/pages\/388\/revisions\/494"}],"wp:attachment":[{"href":"https:\/\/nefer.es\/index.php\/wp-json\/wp\/v2\/media?parent=388"}],"curies":[{"name":"wp","href":"https:\/\/api.w.org\/{rel}","templated":true}]}}