{"id":42,"date":"2026-03-05T21:23:13","date_gmt":"2026-03-05T21:23:13","guid":{"rendered":"https:\/\/centreisis.com\/?page_id=42"},"modified":"2026-04-11T12:04:53","modified_gmt":"2026-04-11T12:04:53","slug":"politica-de-privacidad","status":"publish","type":"page","link":"https:\/\/nefer.es\/index.php\/politica-de-privacidad\/","title":{"rendered":"POL\u00cdTICA DE PRIVACIDAD"},"content":{"rendered":"\n<p class=\"has-text-align-center\"><strong>Finalidad del tratamiento de los datos y conservaci\u00f3n<\/strong><br>Tratamos la informaci\u00f3n que los clientes nos facilitan para la gesti\u00f3n de los pedidos y consultas que nos realicen.<br><strong><strong>Dual Natura SLU<\/strong>,&nbsp; <\/strong>en ning\u00fan caso almacena informaci\u00f3n bancaria o de las tarjetas de cr\u00e9dito. Para la tramitaci\u00f3n del pago se establece una conexi\u00f3n directa y segura directamente con la entidad bancaria.<br>Le enviaremos comunicaciones e informaci\u00f3n relativa a novedades editoriales, reediciones de publicaciones, productos o actividades que puedan ser de su inter\u00e9s, \u00fatiles y en su beneficio.<br>En cualquier momento usted podr\u00e1 revocar el consentimiento que nos est\u00e1 otorgando a trav\u00e9s del correo electr\u00f3nico citado o bien por tel\u00e9fono.<br>Los datos que nos est\u00e1 facilitando se conservar\u00e1n hasta que se de de baja (en cualquier momento).<br><strong>Legitimaci\u00f3n para el tratamiento de los datos<\/strong><br>La base legal para el tratamiento de sus datos es el consentimiento que nos facilita.<br><strong>Destinatarios de sus datos<\/strong><br>Los datos que usted nos conf\u00eda&nbsp;<strong>no se facilitar\u00e1n<\/strong>&nbsp;a ninguna otra empresa y se conservar\u00e1n con estricta confidencialidad para fines administrativos internos y conforme a las medidas de seguridad de la normativa vigente.<br><strong>\u00bfCu\u00e1les son sus derechos?<\/strong><br>Como persona titular de los datos tratados por&nbsp;<strong><strong>Dual Natura SLU<\/strong><\/strong>,&nbsp;<strong>tiene derecho en todo momento a acceder a sus datos, rectificarlos, oponerse a su tratamiento o suprimirlos<\/strong>. Adem\u00e1s, si lo desea, podr\u00e1 solicitar la portabilidad de sus datos y limitaci\u00f3n de su tratamiento, en cuyo caso \u00fanicamente los conservaremos para el ejercicio o la defensa de reclamaciones. As\u00ed mismo&nbsp;<strong>podr\u00e1 revocar el consentimiento otorgado en cualquier momento<\/strong>.<\/p>\n\n\n\n<p class=\"has-text-align-center\">El presente Pol\u00edtica de Privacidad establece los t\u00e9rminos en que <strong><strong>Dual Natura SLU<\/strong><\/strong> usa y protege la informaci\u00f3n que es proporcionada por sus usuarios al momento de utilizar su sitio web. Esta compa\u00f1\u00eda est\u00e1 comprometida con la seguridad de los datos de sus usuarios. Cuando le pedimos llenar los campos de informaci\u00f3n personal con la cual usted pueda ser identificado, lo hacemos asegurando que s\u00f3lo se emplear\u00e1 de acuerdo con los t\u00e9rminos de este documento. Sin embargo esta Pol\u00edtica de Privacidad puede cambiar con el tiempo o ser actualizada por lo que le recomendamos y enfatizamos revisar continuamente esta p\u00e1gina para asegurarse que est\u00e1 de acuerdo con dichos cambios.<\/p>\n\n\n\n<p class=\"has-text-align-center\"><strong>Informaci\u00f3n que es recogida<\/strong><\/p>\n\n\n\n<p class=\"has-text-align-center\">Nuestro sitio web podr\u00e1 recoger informaci\u00f3n personal por ejemplo: Nombre,&nbsp; informaci\u00f3n de contacto como&nbsp; su direcci\u00f3n de correo electr\u00f3nica e informaci\u00f3n demogr\u00e1fica. As\u00ed mismo cuando sea necesario podr\u00e1 ser requerida informaci\u00f3n espec\u00edfica para procesar alg\u00fan pedido o realizar una entrega o facturaci\u00f3n.<\/p>\n\n\n\n<p class=\"has-text-align-center\"><strong>Uso de la informaci\u00f3n recogida<\/strong><\/p>\n\n\n\n<p class=\"has-text-align-center\">Nuestro sitio web emplea la informaci\u00f3n con el fin de proporcionar el mejor servicio posible, particularmente para mantener un registro de usuarios, de pedidos en caso que aplique, y mejorar nuestros productos y servicios. &nbsp;Es posible que sean enviados correos electr\u00f3nicos peri\u00f3dicamente a trav\u00e9s de nuestro sitio con ofertas especiales, nuevos productos y otra informaci\u00f3n publicitaria que consideremos relevante para usted o que pueda brindarle alg\u00fan beneficio, estos correos electr\u00f3nicos ser\u00e1n enviados a la direcci\u00f3n que usted proporcione y podr\u00e1n ser cancelados en cualquier momento.<\/p>\n\n\n\n<p class=\"has-text-align-center\"><strong><strong>Dual Natura SLU<\/strong><\/strong> est\u00e1 altamente comprometido para cumplir con el compromiso de mantener su informaci\u00f3n segura. Usamos los sistemas m\u00e1s avanzados y los actualizamos constantemente para asegurarnos que no exista ning\u00fan acceso no autorizado.<\/p>\n\n\n\n<p class=\"has-text-align-center\"><strong>Cookies<\/strong><\/p>\n\n\n\n<p class=\"has-text-align-center\">Una cookie se refiere a un fichero que es enviado con la finalidad de solicitar permiso para almacenarse en su ordenador, al aceptar dicho fichero se crea y la cookie sirve entonces para tener informaci\u00f3n respecto al tr\u00e1fico web, y tambi\u00e9n facilita las futuras visitas a una web recurrente. Otra funci\u00f3n que tienen las cookies es que con ellas las web pueden reconocerte individualmente y por tanto brindarte el mejor servicio personalizado de su web.<\/p>\n\n\n\n<p class=\"has-text-align-center\">Nuestro sitio web emplea las cookies para poder identificar las p\u00e1ginas que son visitadas y su frecuencia. Esta informaci\u00f3n es empleada \u00fanicamente para an\u00e1lisis estad\u00edstico y despu\u00e9s la informaci\u00f3n se elimina de forma permanente. Usted puede eliminar las cookies en cualquier momento desde su ordenador. Sin embargo las cookies ayudan a proporcionar un mejor servicio de los sitios web, est\u00e1s no dan acceso a informaci\u00f3n de su ordenador ni de usted, a menos de que usted as\u00ed lo quiera y la proporcione directamente, <a href=\"http:\/\/ultimatewebtraffic.com\/product\/us-states-targeted-traffic\/\" target=\"_blank\" rel=\"noreferrer noopener\">visitas a una web <\/a>. Usted puede aceptar o negar el uso de cookies, sin embargo la mayor\u00eda de navegadores aceptan cookies autom\u00e1ticamente pues sirve para tener un mejor servicio web. Tambi\u00e9n usted puede cambiar la configuraci\u00f3n de su ordenador para declinar las cookies. Si se declinan es posible que no pueda utilizar algunos de nuestros servicios.<\/p>\n\n\n\n<p class=\"has-text-align-center\"><strong>Enlaces a Terceros<\/strong><\/p>\n\n\n\n<p class=\"has-text-align-center\">Este sitio web pudiera contener en laces a otros sitios que pudieran ser de su inter\u00e9s. Una vez que usted de clic en estos enlaces y abandone nuestra p\u00e1gina, ya no tenemos control sobre al sitio al que es redirigido y por lo tanto no somos responsables de los t\u00e9rminos o privacidad ni de la protecci\u00f3n de sus datos en esos otros sitios terceros. Dichos sitios est\u00e1n sujetos a sus propias pol\u00edticas de privacidad por lo cual es recomendable que los consulte para confirmar que usted est\u00e1 de acuerdo con estas.<\/p>\n\n\n\n<p class=\"has-text-align-center\"><strong>Control de su informaci\u00f3n personal<\/strong><\/p>\n\n\n\n<p class=\"has-text-align-center\">En cualquier momento usted puede restringir la recopilaci\u00f3n o el uso de la informaci\u00f3n personal que es proporcionada a nuestro sitio web.&nbsp; Cada vez que se le solicite rellenar un formulario, como el de alta de usuario, puede marcar o desmarcar la opci\u00f3n de recibir informaci\u00f3n por correo electr\u00f3nico. &nbsp;En caso de que haya marcado la opci\u00f3n de recibir nuestro bolet\u00edn o publicidad usted puede cancelarla en cualquier momento.<\/p>\n\n\n\n<p class=\"has-text-align-center\">Esta compa\u00f1\u00eda no vender\u00e1, ceder\u00e1 ni distribuir\u00e1 la informaci\u00f3n personal que es recopilada sin su consentimiento, salvo que sea requerido por un juez con un orden judicial.<\/p>\n\n\n\n<p class=\"has-text-align-center\"><strong><strong>Dual Natura SLU<\/strong><\/strong>, se reserva el derecho de cambiar los t\u00e9rminos de la presente Pol\u00edtica de Privacidad en cualquier momento.<\/p>\n\n\n\n<p class=\"has-text-align-center\"><strong>Responsable del Tratamiento<\/strong><br>Identidad:\u00a0<strong>\u00a0Centre Nefer &#8211; Dual Natura SLU<\/strong><br>Correo electr\u00f3nico:\u00a0<strong>info@nefer.es<\/strong><\/p>\n\n\n\n<p><\/p>\n","protected":false},"excerpt":{"rendered":"<p>Finalidad del tratamiento de los datos y conservaci\u00f3nTratamos la informaci\u00f3n que los clientes nos facilitan para la gesti\u00f3n de los pedidos y consultas que nos realicen.Dual Natura SLU,&nbsp; en ning\u00fan caso almacena informaci\u00f3n bancaria o de las tarjetas de cr\u00e9dito. Para la tramitaci\u00f3n del pago se establece una conexi\u00f3n directa y segura directamente con la&hellip;&nbsp;<\/p>\n","protected":false},"author":1,"featured_media":0,"parent":0,"menu_order":0,"comment_status":"closed","ping_status":"closed","template":"","meta":{"neve_meta_sidebar":"","neve_meta_container":"","neve_meta_enable_content_width":"","neve_meta_content_width":0,"neve_meta_title_alignment":"","neve_meta_author_avatar":"","neve_post_elements_order":"","neve_meta_disable_header":"","neve_meta_disable_footer":"","neve_meta_disable_title":"","footnotes":""},"class_list":["post-42","page","type-page","status-publish","hentry"],"yoast_head":"<!-- This site is optimized with the Yoast SEO plugin v27.4 - https:\/\/yoast.com\/product\/yoast-seo-wordpress\/ -->\n<title>POL\u00cdTICA DE PRIVACIDAD - centre nefer<\/title>\n<meta name=\"robots\" content=\"index, follow, max-snippet:-1, max-image-preview:large, max-video-preview:-1\" \/>\n<link rel=\"canonical\" href=\"https:\/\/nefer.es\/index.php\/politica-de-privacidad\/\" \/>\n<meta property=\"og:locale\" content=\"es_ES\" \/>\n<meta property=\"og:type\" content=\"article\" \/>\n<meta property=\"og:title\" content=\"POL\u00cdTICA DE PRIVACIDAD - centre nefer\" \/>\n<meta property=\"og:description\" content=\"Finalidad del tratamiento de los datos y conservaci\u00f3nTratamos la informaci\u00f3n que los clientes nos facilitan para la gesti\u00f3n de los pedidos y consultas que nos realicen.Dual Natura SLU,&nbsp; en ning\u00fan caso almacena informaci\u00f3n bancaria o de las tarjetas de cr\u00e9dito. Para la tramitaci\u00f3n del pago se establece una conexi\u00f3n directa y segura directamente con la&hellip;&nbsp;\" \/>\n<meta property=\"og:url\" content=\"https:\/\/nefer.es\/index.php\/politica-de-privacidad\/\" \/>\n<meta property=\"og:site_name\" content=\"centre nefer\" \/>\n<meta property=\"article:modified_time\" content=\"2026-04-11T12:04:53+00:00\" \/>\n<meta property=\"og:image\" content=\"https:\/\/nefer.es\/wp-content\/uploads\/2026\/03\/logo-ull.jpg\" \/>\n\t<meta property=\"og:image:width\" content=\"358\" \/>\n\t<meta property=\"og:image:height\" content=\"342\" \/>\n\t<meta property=\"og:image:type\" content=\"image\/jpeg\" \/>\n<meta name=\"twitter:card\" content=\"summary_large_image\" \/>\n<meta name=\"twitter:label1\" content=\"Tiempo de lectura\" \/>\n\t<meta name=\"twitter:data1\" content=\"5 minutos\" \/>\n<script type=\"application\/ld+json\" class=\"yoast-schema-graph\">{\"@context\":\"https:\\\/\\\/schema.org\",\"@graph\":[{\"@type\":\"WebPage\",\"@id\":\"https:\\\/\\\/nefer.es\\\/index.php\\\/politica-de-privacidad\\\/\",\"url\":\"https:\\\/\\\/nefer.es\\\/index.php\\\/politica-de-privacidad\\\/\",\"name\":\"POL\u00cdTICA DE PRIVACIDAD - centre nefer\",\"isPartOf\":{\"@id\":\"https:\\\/\\\/nefer.es\\\/#website\"},\"datePublished\":\"2026-03-05T21:23:13+00:00\",\"dateModified\":\"2026-04-11T12:04:53+00:00\",\"breadcrumb\":{\"@id\":\"https:\\\/\\\/nefer.es\\\/index.php\\\/politica-de-privacidad\\\/#breadcrumb\"},\"inLanguage\":\"es\",\"potentialAction\":[{\"@type\":\"ReadAction\",\"target\":[\"https:\\\/\\\/nefer.es\\\/index.php\\\/politica-de-privacidad\\\/\"]}]},{\"@type\":\"BreadcrumbList\",\"@id\":\"https:\\\/\\\/nefer.es\\\/index.php\\\/politica-de-privacidad\\\/#breadcrumb\",\"itemListElement\":[{\"@type\":\"ListItem\",\"position\":1,\"name\":\"Portada\",\"item\":\"https:\\\/\\\/nefer.es\\\/\"},{\"@type\":\"ListItem\",\"position\":2,\"name\":\"POL\u00cdTICA DE PRIVACIDAD\"}]},{\"@type\":\"WebSite\",\"@id\":\"https:\\\/\\\/nefer.es\\\/#website\",\"url\":\"https:\\\/\\\/nefer.es\\\/\",\"name\":\"centre nefer\",\"description\":\"\",\"publisher\":{\"@id\":\"https:\\\/\\\/nefer.es\\\/#organization\"},\"potentialAction\":[{\"@type\":\"SearchAction\",\"target\":{\"@type\":\"EntryPoint\",\"urlTemplate\":\"https:\\\/\\\/nefer.es\\\/?s={search_term_string}\"},\"query-input\":{\"@type\":\"PropertyValueSpecification\",\"valueRequired\":true,\"valueName\":\"search_term_string\"}}],\"inLanguage\":\"es\"},{\"@type\":\"Organization\",\"@id\":\"https:\\\/\\\/nefer.es\\\/#organization\",\"name\":\"centre nefer\",\"url\":\"https:\\\/\\\/nefer.es\\\/\",\"logo\":{\"@type\":\"ImageObject\",\"inLanguage\":\"es\",\"@id\":\"https:\\\/\\\/nefer.es\\\/#\\\/schema\\\/logo\\\/image\\\/\",\"url\":\"https:\\\/\\\/nefer.es\\\/wp-content\\\/uploads\\\/2026\\\/03\\\/cropped-logo-isis-dual-natura-1.jpg\",\"contentUrl\":\"https:\\\/\\\/nefer.es\\\/wp-content\\\/uploads\\\/2026\\\/03\\\/cropped-logo-isis-dual-natura-1.jpg\",\"width\":711,\"height\":534,\"caption\":\"centre nefer\"},\"image\":{\"@id\":\"https:\\\/\\\/nefer.es\\\/#\\\/schema\\\/logo\\\/image\\\/\"}}]}<\/script>\n<!-- \/ Yoast SEO plugin. -->","yoast_head_json":{"title":"POL\u00cdTICA DE PRIVACIDAD - centre nefer","robots":{"index":"index","follow":"follow","max-snippet":"max-snippet:-1","max-image-preview":"max-image-preview:large","max-video-preview":"max-video-preview:-1"},"canonical":"https:\/\/nefer.es\/index.php\/politica-de-privacidad\/","og_locale":"es_ES","og_type":"article","og_title":"POL\u00cdTICA DE PRIVACIDAD - centre nefer","og_description":"Finalidad del tratamiento de los datos y conservaci\u00f3nTratamos la informaci\u00f3n que los clientes nos facilitan para la gesti\u00f3n de los pedidos y consultas que nos realicen.Dual Natura SLU,&nbsp; en ning\u00fan caso almacena informaci\u00f3n bancaria o de las tarjetas de cr\u00e9dito. Para la tramitaci\u00f3n del pago se establece una conexi\u00f3n directa y segura directamente con la&hellip;&nbsp;","og_url":"https:\/\/nefer.es\/index.php\/politica-de-privacidad\/","og_site_name":"centre nefer","article_modified_time":"2026-04-11T12:04:53+00:00","og_image":[{"width":358,"height":342,"url":"https:\/\/nefer.es\/wp-content\/uploads\/2026\/03\/logo-ull.jpg","type":"image\/jpeg"}],"twitter_card":"summary_large_image","twitter_misc":{"Tiempo de lectura":"5 minutos"},"schema":{"@context":"https:\/\/schema.org","@graph":[{"@type":"WebPage","@id":"https:\/\/nefer.es\/index.php\/politica-de-privacidad\/","url":"https:\/\/nefer.es\/index.php\/politica-de-privacidad\/","name":"POL\u00cdTICA DE PRIVACIDAD - centre nefer","isPartOf":{"@id":"https:\/\/nefer.es\/#website"},"datePublished":"2026-03-05T21:23:13+00:00","dateModified":"2026-04-11T12:04:53+00:00","breadcrumb":{"@id":"https:\/\/nefer.es\/index.php\/politica-de-privacidad\/#breadcrumb"},"inLanguage":"es","potentialAction":[{"@type":"ReadAction","target":["https:\/\/nefer.es\/index.php\/politica-de-privacidad\/"]}]},{"@type":"BreadcrumbList","@id":"https:\/\/nefer.es\/index.php\/politica-de-privacidad\/#breadcrumb","itemListElement":[{"@type":"ListItem","position":1,"name":"Portada","item":"https:\/\/nefer.es\/"},{"@type":"ListItem","position":2,"name":"POL\u00cdTICA DE PRIVACIDAD"}]},{"@type":"WebSite","@id":"https:\/\/nefer.es\/#website","url":"https:\/\/nefer.es\/","name":"centre nefer","description":"","publisher":{"@id":"https:\/\/nefer.es\/#organization"},"potentialAction":[{"@type":"SearchAction","target":{"@type":"EntryPoint","urlTemplate":"https:\/\/nefer.es\/?s={search_term_string}"},"query-input":{"@type":"PropertyValueSpecification","valueRequired":true,"valueName":"search_term_string"}}],"inLanguage":"es"},{"@type":"Organization","@id":"https:\/\/nefer.es\/#organization","name":"centre nefer","url":"https:\/\/nefer.es\/","logo":{"@type":"ImageObject","inLanguage":"es","@id":"https:\/\/nefer.es\/#\/schema\/logo\/image\/","url":"https:\/\/nefer.es\/wp-content\/uploads\/2026\/03\/cropped-logo-isis-dual-natura-1.jpg","contentUrl":"https:\/\/nefer.es\/wp-content\/uploads\/2026\/03\/cropped-logo-isis-dual-natura-1.jpg","width":711,"height":534,"caption":"centre nefer"},"image":{"@id":"https:\/\/nefer.es\/#\/schema\/logo\/image\/"}}]}},"jetpack_sharing_enabled":true,"_links":{"self":[{"href":"https:\/\/nefer.es\/index.php\/wp-json\/wp\/v2\/pages\/42","targetHints":{"allow":["GET"]}}],"collection":[{"href":"https:\/\/nefer.es\/index.php\/wp-json\/wp\/v2\/pages"}],"about":[{"href":"https:\/\/nefer.es\/index.php\/wp-json\/wp\/v2\/types\/page"}],"author":[{"embeddable":true,"href":"https:\/\/nefer.es\/index.php\/wp-json\/wp\/v2\/users\/1"}],"replies":[{"embeddable":true,"href":"https:\/\/nefer.es\/index.php\/wp-json\/wp\/v2\/comments?post=42"}],"version-history":[{"count":3,"href":"https:\/\/nefer.es\/index.php\/wp-json\/wp\/v2\/pages\/42\/revisions"}],"predecessor-version":[{"id":547,"href":"https:\/\/nefer.es\/index.php\/wp-json\/wp\/v2\/pages\/42\/revisions\/547"}],"wp:attachment":[{"href":"https:\/\/nefer.es\/index.php\/wp-json\/wp\/v2\/media?parent=42"}],"curies":[{"name":"wp","href":"https:\/\/api.w.org\/{rel}","templated":true}]}}