{"id":421,"date":"2026-03-14T10:45:00","date_gmt":"2026-03-14T10:45:00","guid":{"rendered":"https:\/\/centreisis.com\/?page_id=421"},"modified":"2026-03-14T11:16:08","modified_gmt":"2026-03-14T11:16:08","slug":"homeopatia","status":"publish","type":"page","link":"https:\/\/nefer.es\/index.php\/homeopatia\/","title":{"rendered":"Homeopat\u00eda"},"content":{"rendered":"<div class=\"wp-block-image\">\n<figure class=\"aligncenter\"><img decoding=\"async\" src=\"https:\/\/i0.wp.com\/centreisis.es\/wp-content\/uploads\/2021\/09\/Captura_homeopatia.jpg?resize=491%2C323&amp;ssl=1\" alt=\"\" class=\"wp-image-938\" title=\"Captura_homeopatia\"\/><\/figure>\n<\/div>\n\n\n<div style=\"height:67px\" aria-hidden=\"true\" class=\"wp-block-spacer\"><\/div>\n\n\n\n<h4 class=\"wp-block-heading has-text-align-center\">En qu\u00e9 consiste<\/h4>\n\n\n\n<p class=\"has-text-align-center\">Fue desarollada por el Doctor Samuel Hahneman (1755 \u2013 1843). El t\u00e9rmino homeopat\u00eda proviene del griego h\u00f3meos (similar) y p\u00e1thos (enfermedad).<\/p>\n\n\n\n<p class=\"has-text-align-center\">Funciona provocando mecanismos de adaptaci\u00f3n del organismo que le ayudan a regularse y recuperarse.<\/p>\n\n\n\n<p class=\"has-text-align-center\">Hahneman sent\u00f3 los principios de la homeopat\u00eda:<\/p>\n\n\n\n<p class=\"has-text-align-center\"><strong>\u2013 La ley de la similitud<\/strong><\/p>\n\n\n\n<p class=\"has-text-align-center\"><strong>\u2013 Ley de la dosis infinitesimal<\/strong><\/p>\n\n\n\n<p class=\"has-text-align-center\"><strong>\u2013 La enfermedad es espec\u00edfica en cada individuo<\/strong><\/p>\n\n\n\n<p class=\"has-text-align-center\">El objetivo de la homeopat\u00eda es la recuperaci\u00f3n del equilibrio del organismo, es decir, restablecer un estado \u00f3ptimo de la salud.<\/p>\n\n\n\n<p class=\"has-text-align-center\">El tratamiento de la homeopat\u00eda es eficaz:<\/p>\n\n\n\n<p class=\"has-text-align-center\"><strong>\u2013 Gripe<\/strong><\/p>\n\n\n\n<p class=\"has-text-align-center\"><strong>\u2013 Resfriados<\/strong><\/p>\n\n\n\n<p class=\"has-text-align-center\"><strong>\u2013 Alergias<\/strong><\/p>\n\n\n\n<p class=\"has-text-align-center\"><strong>\u2013 Migra\u00f1as<\/strong><\/p>\n\n\n\n<p class=\"has-text-align-center\"><strong>\u2013 Artrosis<\/strong><\/p>\n\n\n\n<p class=\"has-text-align-center\"><strong>\u2013 Depresi\u00f3n<\/strong><\/p>\n\n\n\n<p class=\"has-text-align-center\"><strong>\u2013 Ansiedad<\/strong><\/p>\n\n\n\n<p class=\"has-text-align-center\">El home\u00f3pata siempre realiza una historia completa para conocer las caracter\u00edsticas de salud y el estilo de vida de la persona, as\u00ed como los s\u00edntomas particulares, tanto a nivel f\u00edsico, como mental y emocional.<\/p>\n","protected":false},"excerpt":{"rendered":"<p>En qu\u00e9 consiste Fue desarollada por el Doctor Samuel Hahneman (1755 \u2013 1843). El t\u00e9rmino homeopat\u00eda proviene del griego h\u00f3meos (similar) y p\u00e1thos (enfermedad). Funciona provocando mecanismos de adaptaci\u00f3n del organismo que le ayudan a regularse y recuperarse. Hahneman sent\u00f3 los principios de la homeopat\u00eda: \u2013 La ley de la similitud \u2013 Ley de la&hellip;&nbsp;<\/p>\n","protected":false},"author":1,"featured_media":0,"parent":0,"menu_order":0,"comment_status":"closed","ping_status":"closed","template":"","meta":{"neve_meta_sidebar":"","neve_meta_container":"","neve_meta_enable_content_width":"","neve_meta_content_width":0,"neve_meta_title_alignment":"","neve_meta_author_avatar":"","neve_post_elements_order":"","neve_meta_disable_header":"","neve_meta_disable_footer":"","neve_meta_disable_title":"","footnotes":""},"class_list":["post-421","page","type-page","status-publish","hentry"],"yoast_head":"<!-- This site is optimized with the Yoast SEO plugin v27.5 - https:\/\/yoast.com\/product\/yoast-seo-wordpress\/ -->\n<title>Homeopat\u00eda - centre nefer<\/title>\n<meta name=\"robots\" content=\"index, follow, max-snippet:-1, max-image-preview:large, max-video-preview:-1\" \/>\n<link rel=\"canonical\" href=\"https:\/\/nefer.es\/index.php\/homeopatia\/\" \/>\n<meta property=\"og:locale\" content=\"es_ES\" \/>\n<meta property=\"og:type\" content=\"article\" \/>\n<meta property=\"og:title\" content=\"Homeopat\u00eda - centre nefer\" \/>\n<meta property=\"og:description\" content=\"En qu\u00e9 consiste Fue desarollada por el Doctor Samuel Hahneman (1755 \u2013 1843). El t\u00e9rmino homeopat\u00eda proviene del griego h\u00f3meos (similar) y p\u00e1thos (enfermedad). Funciona provocando mecanismos de adaptaci\u00f3n del organismo que le ayudan a regularse y recuperarse. Hahneman sent\u00f3 los principios de la homeopat\u00eda: \u2013 La ley de la similitud \u2013 Ley de la&hellip;&nbsp;\" \/>\n<meta property=\"og:url\" content=\"https:\/\/nefer.es\/index.php\/homeopatia\/\" \/>\n<meta property=\"og:site_name\" content=\"centre nefer\" \/>\n<meta property=\"article:modified_time\" content=\"2026-03-14T11:16:08+00:00\" \/>\n<meta property=\"og:image\" content=\"https:\/\/i0.wp.com\/centreisis.es\/wp-content\/uploads\/2021\/09\/Captura_homeopatia.jpg?resize=491%2C323&amp;ssl=1\" \/>\n<meta name=\"twitter:card\" content=\"summary_large_image\" \/>\n<meta name=\"twitter:label1\" content=\"Tiempo de lectura\" \/>\n\t<meta name=\"twitter:data1\" content=\"1 minuto\" \/>\n<script type=\"application\/ld+json\" class=\"yoast-schema-graph\">{\"@context\":\"https:\\\/\\\/schema.org\",\"@graph\":[{\"@type\":\"WebPage\",\"@id\":\"https:\\\/\\\/nefer.es\\\/index.php\\\/homeopatia\\\/\",\"url\":\"https:\\\/\\\/nefer.es\\\/index.php\\\/homeopatia\\\/\",\"name\":\"Homeopat\u00eda - centre nefer\",\"isPartOf\":{\"@id\":\"https:\\\/\\\/nefer.es\\\/#website\"},\"primaryImageOfPage\":{\"@id\":\"https:\\\/\\\/nefer.es\\\/index.php\\\/homeopatia\\\/#primaryimage\"},\"image\":{\"@id\":\"https:\\\/\\\/nefer.es\\\/index.php\\\/homeopatia\\\/#primaryimage\"},\"thumbnailUrl\":\"https:\\\/\\\/i0.wp.com\\\/centreisis.es\\\/wp-content\\\/uploads\\\/2021\\\/09\\\/Captura_homeopatia.jpg?resize=491%2C323&amp;ssl=1\",\"datePublished\":\"2026-03-14T10:45:00+00:00\",\"dateModified\":\"2026-03-14T11:16:08+00:00\",\"breadcrumb\":{\"@id\":\"https:\\\/\\\/nefer.es\\\/index.php\\\/homeopatia\\\/#breadcrumb\"},\"inLanguage\":\"es\",\"potentialAction\":[{\"@type\":\"ReadAction\",\"target\":[\"https:\\\/\\\/nefer.es\\\/index.php\\\/homeopatia\\\/\"]}]},{\"@type\":\"ImageObject\",\"inLanguage\":\"es\",\"@id\":\"https:\\\/\\\/nefer.es\\\/index.php\\\/homeopatia\\\/#primaryimage\",\"url\":\"https:\\\/\\\/i0.wp.com\\\/centreisis.es\\\/wp-content\\\/uploads\\\/2021\\\/09\\\/Captura_homeopatia.jpg?resize=491%2C323&amp;ssl=1\",\"contentUrl\":\"https:\\\/\\\/i0.wp.com\\\/centreisis.es\\\/wp-content\\\/uploads\\\/2021\\\/09\\\/Captura_homeopatia.jpg?resize=491%2C323&amp;ssl=1\"},{\"@type\":\"BreadcrumbList\",\"@id\":\"https:\\\/\\\/nefer.es\\\/index.php\\\/homeopatia\\\/#breadcrumb\",\"itemListElement\":[{\"@type\":\"ListItem\",\"position\":1,\"name\":\"Portada\",\"item\":\"https:\\\/\\\/nefer.es\\\/\"},{\"@type\":\"ListItem\",\"position\":2,\"name\":\"Homeopat\u00eda\"}]},{\"@type\":\"WebSite\",\"@id\":\"https:\\\/\\\/nefer.es\\\/#website\",\"url\":\"https:\\\/\\\/nefer.es\\\/\",\"name\":\"centre nefer\",\"description\":\"\",\"publisher\":{\"@id\":\"https:\\\/\\\/nefer.es\\\/#organization\"},\"potentialAction\":[{\"@type\":\"SearchAction\",\"target\":{\"@type\":\"EntryPoint\",\"urlTemplate\":\"https:\\\/\\\/nefer.es\\\/?s={search_term_string}\"},\"query-input\":{\"@type\":\"PropertyValueSpecification\",\"valueRequired\":true,\"valueName\":\"search_term_string\"}}],\"inLanguage\":\"es\"},{\"@type\":\"Organization\",\"@id\":\"https:\\\/\\\/nefer.es\\\/#organization\",\"name\":\"centre nefer\",\"url\":\"https:\\\/\\\/nefer.es\\\/\",\"logo\":{\"@type\":\"ImageObject\",\"inLanguage\":\"es\",\"@id\":\"https:\\\/\\\/nefer.es\\\/#\\\/schema\\\/logo\\\/image\\\/\",\"url\":\"https:\\\/\\\/nefer.es\\\/wp-content\\\/uploads\\\/2026\\\/03\\\/cropped-logo-isis-dual-natura-1.jpg\",\"contentUrl\":\"https:\\\/\\\/nefer.es\\\/wp-content\\\/uploads\\\/2026\\\/03\\\/cropped-logo-isis-dual-natura-1.jpg\",\"width\":711,\"height\":534,\"caption\":\"centre nefer\"},\"image\":{\"@id\":\"https:\\\/\\\/nefer.es\\\/#\\\/schema\\\/logo\\\/image\\\/\"}}]}<\/script>\n<!-- \/ Yoast SEO plugin. -->","yoast_head_json":{"title":"Homeopat\u00eda - centre nefer","robots":{"index":"index","follow":"follow","max-snippet":"max-snippet:-1","max-image-preview":"max-image-preview:large","max-video-preview":"max-video-preview:-1"},"canonical":"https:\/\/nefer.es\/index.php\/homeopatia\/","og_locale":"es_ES","og_type":"article","og_title":"Homeopat\u00eda - centre nefer","og_description":"En qu\u00e9 consiste Fue desarollada por el Doctor Samuel Hahneman (1755 \u2013 1843). El t\u00e9rmino homeopat\u00eda proviene del griego h\u00f3meos (similar) y p\u00e1thos (enfermedad). Funciona provocando mecanismos de adaptaci\u00f3n del organismo que le ayudan a regularse y recuperarse. Hahneman sent\u00f3 los principios de la homeopat\u00eda: \u2013 La ley de la similitud \u2013 Ley de la&hellip;&nbsp;","og_url":"https:\/\/nefer.es\/index.php\/homeopatia\/","og_site_name":"centre nefer","article_modified_time":"2026-03-14T11:16:08+00:00","og_image":[{"url":"https:\/\/i0.wp.com\/centreisis.es\/wp-content\/uploads\/2021\/09\/Captura_homeopatia.jpg?resize=491%2C323&amp;ssl=1","type":"","width":"","height":""}],"twitter_card":"summary_large_image","twitter_misc":{"Tiempo de lectura":"1 minuto"},"schema":{"@context":"https:\/\/schema.org","@graph":[{"@type":"WebPage","@id":"https:\/\/nefer.es\/index.php\/homeopatia\/","url":"https:\/\/nefer.es\/index.php\/homeopatia\/","name":"Homeopat\u00eda - centre nefer","isPartOf":{"@id":"https:\/\/nefer.es\/#website"},"primaryImageOfPage":{"@id":"https:\/\/nefer.es\/index.php\/homeopatia\/#primaryimage"},"image":{"@id":"https:\/\/nefer.es\/index.php\/homeopatia\/#primaryimage"},"thumbnailUrl":"https:\/\/i0.wp.com\/centreisis.es\/wp-content\/uploads\/2021\/09\/Captura_homeopatia.jpg?resize=491%2C323&amp;ssl=1","datePublished":"2026-03-14T10:45:00+00:00","dateModified":"2026-03-14T11:16:08+00:00","breadcrumb":{"@id":"https:\/\/nefer.es\/index.php\/homeopatia\/#breadcrumb"},"inLanguage":"es","potentialAction":[{"@type":"ReadAction","target":["https:\/\/nefer.es\/index.php\/homeopatia\/"]}]},{"@type":"ImageObject","inLanguage":"es","@id":"https:\/\/nefer.es\/index.php\/homeopatia\/#primaryimage","url":"https:\/\/i0.wp.com\/centreisis.es\/wp-content\/uploads\/2021\/09\/Captura_homeopatia.jpg?resize=491%2C323&amp;ssl=1","contentUrl":"https:\/\/i0.wp.com\/centreisis.es\/wp-content\/uploads\/2021\/09\/Captura_homeopatia.jpg?resize=491%2C323&amp;ssl=1"},{"@type":"BreadcrumbList","@id":"https:\/\/nefer.es\/index.php\/homeopatia\/#breadcrumb","itemListElement":[{"@type":"ListItem","position":1,"name":"Portada","item":"https:\/\/nefer.es\/"},{"@type":"ListItem","position":2,"name":"Homeopat\u00eda"}]},{"@type":"WebSite","@id":"https:\/\/nefer.es\/#website","url":"https:\/\/nefer.es\/","name":"centre nefer","description":"","publisher":{"@id":"https:\/\/nefer.es\/#organization"},"potentialAction":[{"@type":"SearchAction","target":{"@type":"EntryPoint","urlTemplate":"https:\/\/nefer.es\/?s={search_term_string}"},"query-input":{"@type":"PropertyValueSpecification","valueRequired":true,"valueName":"search_term_string"}}],"inLanguage":"es"},{"@type":"Organization","@id":"https:\/\/nefer.es\/#organization","name":"centre nefer","url":"https:\/\/nefer.es\/","logo":{"@type":"ImageObject","inLanguage":"es","@id":"https:\/\/nefer.es\/#\/schema\/logo\/image\/","url":"https:\/\/nefer.es\/wp-content\/uploads\/2026\/03\/cropped-logo-isis-dual-natura-1.jpg","contentUrl":"https:\/\/nefer.es\/wp-content\/uploads\/2026\/03\/cropped-logo-isis-dual-natura-1.jpg","width":711,"height":534,"caption":"centre nefer"},"image":{"@id":"https:\/\/nefer.es\/#\/schema\/logo\/image\/"}}]}},"jetpack_sharing_enabled":true,"_links":{"self":[{"href":"https:\/\/nefer.es\/index.php\/wp-json\/wp\/v2\/pages\/421","targetHints":{"allow":["GET"]}}],"collection":[{"href":"https:\/\/nefer.es\/index.php\/wp-json\/wp\/v2\/pages"}],"about":[{"href":"https:\/\/nefer.es\/index.php\/wp-json\/wp\/v2\/types\/page"}],"author":[{"embeddable":true,"href":"https:\/\/nefer.es\/index.php\/wp-json\/wp\/v2\/users\/1"}],"replies":[{"embeddable":true,"href":"https:\/\/nefer.es\/index.php\/wp-json\/wp\/v2\/comments?post=421"}],"version-history":[{"count":2,"href":"https:\/\/nefer.es\/index.php\/wp-json\/wp\/v2\/pages\/421\/revisions"}],"predecessor-version":[{"id":443,"href":"https:\/\/nefer.es\/index.php\/wp-json\/wp\/v2\/pages\/421\/revisions\/443"}],"wp:attachment":[{"href":"https:\/\/nefer.es\/index.php\/wp-json\/wp\/v2\/media?parent=421"}],"curies":[{"name":"wp","href":"https:\/\/api.w.org\/{rel}","templated":true}]}}