{"id":437,"date":"2026-03-14T11:13:32","date_gmt":"2026-03-14T11:13:32","guid":{"rendered":"https:\/\/centreisis.com\/?page_id=437"},"modified":"2026-03-14T11:15:20","modified_gmt":"2026-03-14T11:15:20","slug":"medicina-tradicional-china","status":"publish","type":"page","link":"https:\/\/nefer.es\/index.php\/medicina-tradicional-china\/","title":{"rendered":"Medicina Tradicional China"},"content":{"rendered":"<div class=\"wp-block-image\">\n<figure class=\"aligncenter size-full is-resized\"><img loading=\"lazy\" decoding=\"async\" width=\"808\" height=\"357\" src=\"https:\/\/centreisis.com\/wp-content\/uploads\/2026\/03\/fito.jpg\" alt=\"\" class=\"wp-image-269\" style=\"aspect-ratio:2.2633528178126814;width:569px;height:auto\" title=\"Captura_mtc\" srcset=\"https:\/\/nefer.es\/wp-content\/uploads\/2026\/03\/fito.jpg 808w, https:\/\/nefer.es\/wp-content\/uploads\/2026\/03\/fito-300x133.jpg 300w, https:\/\/nefer.es\/wp-content\/uploads\/2026\/03\/fito-768x339.jpg 768w\" sizes=\"auto, (max-width: 808px) 100vw, 808px\" \/><\/figure>\n<\/div>\n\n\n<div style=\"height:79px\" aria-hidden=\"true\" class=\"wp-block-spacer\"><\/div>\n\n\n\n<h4 class=\"wp-block-heading has-text-align-center\">En qu\u00e9 consiste<\/h4>\n\n\n\n<p class=\"has-text-align-center\">La Medicina Tradicional China se basa en una serie de intervenciones dirigidas a recuperar el equilibrio del ser humano.<\/p>\n\n\n\n<p class=\"has-text-align-center\">Las terapias que se incluyen bajo el concepto cl\u00e1sico de Medicina China son:<\/p>\n\n\n\n<p class=\"has-text-align-center\"><strong>\u2013 Acupuntura y moxibusti\u00f3n<\/strong><\/p>\n\n\n\n<p class=\"has-text-align-center\"><strong>\u2013 Auriculoterapia<\/strong><\/p>\n\n\n\n<p class=\"has-text-align-center\"><strong>\u2013 Regulaci\u00f3n diet\u00e9tica<\/strong><\/p>\n\n\n\n<p class=\"has-text-align-center\"><strong>\u2013 Remedios fitoter\u00e1picos<\/strong><\/p>\n\n\n\n<p class=\"has-text-align-center\"><strong>\u2013 Masaje Tuina<\/strong><\/p>\n\n\n\n<p class=\"has-text-align-center\"><\/p>\n\n\n<div class=\"wp-block-image\">\n<figure class=\"aligncenter size-full is-resized\"><img loading=\"lazy\" decoding=\"async\" width=\"557\" height=\"362\" src=\"https:\/\/centreisis.com\/wp-content\/uploads\/2026\/03\/image-11.png\" alt=\"\" class=\"wp-image-439\" style=\"aspect-ratio:1.538697284931152;width:415px;height:auto\" srcset=\"https:\/\/nefer.es\/wp-content\/uploads\/2026\/03\/image-11.png 557w, https:\/\/nefer.es\/wp-content\/uploads\/2026\/03\/image-11-300x195.png 300w\" sizes=\"auto, (max-width: 557px) 100vw, 557px\" \/><\/figure>\n<\/div>\n\n\n<div style=\"height:34px\" aria-hidden=\"true\" class=\"wp-block-spacer\"><\/div>\n\n\n\n<p class=\"has-text-align-center\">Es una medicina hol\u00edstica que tiene en cuenta todos los aspectos de la persona.<\/p>\n\n\n\n<p class=\"has-text-align-center\">Trata la causa b\u00e1sica de la enfermedad adem\u00e1s de los s\u00edntomas manifiestos.<\/p>\n\n\n\n<p class=\"has-text-align-center\">El enfoque preventivo de esta medicina la convierte en un buen complemento de la ciencia m\u00e9dica, esta combinaci\u00f3n puede crear resultados sin\u00e9rgicos para la salud.<\/p>\n\n\n\n<p class=\"has-text-align-center\">Medicina ancestral originaria de la antigua China, ha perdurado evolucionado a lo largo de la historia.<\/p>\n\n\n\n<p class=\"has-text-align-center\">En 1979, ante el crecimiento uso de la acupuntura, la Organizaci\u00f3n Mundial de la Salud (OMS) elabor\u00f3 unas directrices sobre la seguridad de la acupuntura, reconociendo su eficacia en muchas patalog\u00edas.<\/p>\n\n\n<div class=\"wp-block-image\">\n<figure class=\"aligncenter size-full is-resized\"><img loading=\"lazy\" decoding=\"async\" width=\"1024\" height=\"1024\" src=\"https:\/\/centreisis.com\/wp-content\/uploads\/2026\/03\/image-10.png\" alt=\"\" class=\"wp-image-438\" style=\"width:376px;height:auto\" srcset=\"https:\/\/nefer.es\/wp-content\/uploads\/2026\/03\/image-10.png 1024w, https:\/\/nefer.es\/wp-content\/uploads\/2026\/03\/image-10-300x300.png 300w, https:\/\/nefer.es\/wp-content\/uploads\/2026\/03\/image-10-150x150.png 150w, https:\/\/nefer.es\/wp-content\/uploads\/2026\/03\/image-10-768x768.png 768w\" sizes=\"auto, (max-width: 1024px) 100vw, 1024px\" \/><\/figure>\n<\/div>","protected":false},"excerpt":{"rendered":"<p>En qu\u00e9 consiste La Medicina Tradicional China se basa en una serie de intervenciones dirigidas a recuperar el equilibrio del ser humano. Las terapias que se incluyen bajo el concepto cl\u00e1sico de Medicina China son: \u2013 Acupuntura y moxibusti\u00f3n \u2013 Auriculoterapia \u2013 Regulaci\u00f3n diet\u00e9tica \u2013 Remedios fitoter\u00e1picos \u2013 Masaje Tuina Es una medicina hol\u00edstica que&hellip;&nbsp;<\/p>\n","protected":false},"author":1,"featured_media":0,"parent":0,"menu_order":0,"comment_status":"closed","ping_status":"closed","template":"","meta":{"neve_meta_sidebar":"","neve_meta_container":"","neve_meta_enable_content_width":"","neve_meta_content_width":0,"neve_meta_title_alignment":"","neve_meta_author_avatar":"","neve_post_elements_order":"","neve_meta_disable_header":"","neve_meta_disable_footer":"","neve_meta_disable_title":"","footnotes":""},"class_list":["post-437","page","type-page","status-publish","hentry"],"yoast_head":"<!-- This site is optimized with the Yoast SEO plugin v27.5 - https:\/\/yoast.com\/product\/yoast-seo-wordpress\/ -->\n<title>Medicina Tradicional China - centre nefer<\/title>\n<meta name=\"robots\" content=\"index, follow, max-snippet:-1, max-image-preview:large, max-video-preview:-1\" \/>\n<link rel=\"canonical\" href=\"https:\/\/nefer.es\/index.php\/medicina-tradicional-china\/\" \/>\n<meta property=\"og:locale\" content=\"es_ES\" \/>\n<meta property=\"og:type\" content=\"article\" \/>\n<meta property=\"og:title\" content=\"Medicina Tradicional China - centre nefer\" \/>\n<meta property=\"og:description\" content=\"En qu\u00e9 consiste La Medicina Tradicional China se basa en una serie de intervenciones dirigidas a recuperar el equilibrio del ser humano. Las terapias que se incluyen bajo el concepto cl\u00e1sico de Medicina China son: \u2013 Acupuntura y moxibusti\u00f3n \u2013 Auriculoterapia \u2013 Regulaci\u00f3n diet\u00e9tica \u2013 Remedios fitoter\u00e1picos \u2013 Masaje Tuina Es una medicina hol\u00edstica que&hellip;&nbsp;\" \/>\n<meta property=\"og:url\" content=\"https:\/\/nefer.es\/index.php\/medicina-tradicional-china\/\" \/>\n<meta property=\"og:site_name\" content=\"centre nefer\" \/>\n<meta property=\"article:modified_time\" content=\"2026-03-14T11:15:20+00:00\" \/>\n<meta property=\"og:image\" content=\"https:\/\/centreisis.com\/wp-content\/uploads\/2026\/03\/fito.jpg\" \/>\n<meta name=\"twitter:card\" content=\"summary_large_image\" \/>\n<meta name=\"twitter:label1\" content=\"Tiempo de lectura\" \/>\n\t<meta name=\"twitter:data1\" content=\"2 minutos\" \/>\n<script type=\"application\/ld+json\" class=\"yoast-schema-graph\">{\"@context\":\"https:\\\/\\\/schema.org\",\"@graph\":[{\"@type\":\"WebPage\",\"@id\":\"https:\\\/\\\/nefer.es\\\/index.php\\\/medicina-tradicional-china\\\/\",\"url\":\"https:\\\/\\\/nefer.es\\\/index.php\\\/medicina-tradicional-china\\\/\",\"name\":\"Medicina Tradicional China - centre nefer\",\"isPartOf\":{\"@id\":\"https:\\\/\\\/nefer.es\\\/#website\"},\"primaryImageOfPage\":{\"@id\":\"https:\\\/\\\/nefer.es\\\/index.php\\\/medicina-tradicional-china\\\/#primaryimage\"},\"image\":{\"@id\":\"https:\\\/\\\/nefer.es\\\/index.php\\\/medicina-tradicional-china\\\/#primaryimage\"},\"thumbnailUrl\":\"https:\\\/\\\/centreisis.com\\\/wp-content\\\/uploads\\\/2026\\\/03\\\/fito.jpg\",\"datePublished\":\"2026-03-14T11:13:32+00:00\",\"dateModified\":\"2026-03-14T11:15:20+00:00\",\"breadcrumb\":{\"@id\":\"https:\\\/\\\/nefer.es\\\/index.php\\\/medicina-tradicional-china\\\/#breadcrumb\"},\"inLanguage\":\"es\",\"potentialAction\":[{\"@type\":\"ReadAction\",\"target\":[\"https:\\\/\\\/nefer.es\\\/index.php\\\/medicina-tradicional-china\\\/\"]}]},{\"@type\":\"ImageObject\",\"inLanguage\":\"es\",\"@id\":\"https:\\\/\\\/nefer.es\\\/index.php\\\/medicina-tradicional-china\\\/#primaryimage\",\"url\":\"https:\\\/\\\/centreisis.com\\\/wp-content\\\/uploads\\\/2026\\\/03\\\/fito.jpg\",\"contentUrl\":\"https:\\\/\\\/centreisis.com\\\/wp-content\\\/uploads\\\/2026\\\/03\\\/fito.jpg\"},{\"@type\":\"BreadcrumbList\",\"@id\":\"https:\\\/\\\/nefer.es\\\/index.php\\\/medicina-tradicional-china\\\/#breadcrumb\",\"itemListElement\":[{\"@type\":\"ListItem\",\"position\":1,\"name\":\"Portada\",\"item\":\"https:\\\/\\\/nefer.es\\\/\"},{\"@type\":\"ListItem\",\"position\":2,\"name\":\"Medicina Tradicional China\"}]},{\"@type\":\"WebSite\",\"@id\":\"https:\\\/\\\/nefer.es\\\/#website\",\"url\":\"https:\\\/\\\/nefer.es\\\/\",\"name\":\"centre nefer\",\"description\":\"\",\"publisher\":{\"@id\":\"https:\\\/\\\/nefer.es\\\/#organization\"},\"potentialAction\":[{\"@type\":\"SearchAction\",\"target\":{\"@type\":\"EntryPoint\",\"urlTemplate\":\"https:\\\/\\\/nefer.es\\\/?s={search_term_string}\"},\"query-input\":{\"@type\":\"PropertyValueSpecification\",\"valueRequired\":true,\"valueName\":\"search_term_string\"}}],\"inLanguage\":\"es\"},{\"@type\":\"Organization\",\"@id\":\"https:\\\/\\\/nefer.es\\\/#organization\",\"name\":\"centre nefer\",\"url\":\"https:\\\/\\\/nefer.es\\\/\",\"logo\":{\"@type\":\"ImageObject\",\"inLanguage\":\"es\",\"@id\":\"https:\\\/\\\/nefer.es\\\/#\\\/schema\\\/logo\\\/image\\\/\",\"url\":\"https:\\\/\\\/nefer.es\\\/wp-content\\\/uploads\\\/2026\\\/03\\\/cropped-logo-isis-dual-natura-1.jpg\",\"contentUrl\":\"https:\\\/\\\/nefer.es\\\/wp-content\\\/uploads\\\/2026\\\/03\\\/cropped-logo-isis-dual-natura-1.jpg\",\"width\":711,\"height\":534,\"caption\":\"centre nefer\"},\"image\":{\"@id\":\"https:\\\/\\\/nefer.es\\\/#\\\/schema\\\/logo\\\/image\\\/\"}}]}<\/script>\n<!-- \/ Yoast SEO plugin. -->","yoast_head_json":{"title":"Medicina Tradicional China - centre nefer","robots":{"index":"index","follow":"follow","max-snippet":"max-snippet:-1","max-image-preview":"max-image-preview:large","max-video-preview":"max-video-preview:-1"},"canonical":"https:\/\/nefer.es\/index.php\/medicina-tradicional-china\/","og_locale":"es_ES","og_type":"article","og_title":"Medicina Tradicional China - centre nefer","og_description":"En qu\u00e9 consiste La Medicina Tradicional China se basa en una serie de intervenciones dirigidas a recuperar el equilibrio del ser humano. Las terapias que se incluyen bajo el concepto cl\u00e1sico de Medicina China son: \u2013 Acupuntura y moxibusti\u00f3n \u2013 Auriculoterapia \u2013 Regulaci\u00f3n diet\u00e9tica \u2013 Remedios fitoter\u00e1picos \u2013 Masaje Tuina Es una medicina hol\u00edstica que&hellip;&nbsp;","og_url":"https:\/\/nefer.es\/index.php\/medicina-tradicional-china\/","og_site_name":"centre nefer","article_modified_time":"2026-03-14T11:15:20+00:00","og_image":[{"url":"https:\/\/centreisis.com\/wp-content\/uploads\/2026\/03\/fito.jpg","type":"","width":"","height":""}],"twitter_card":"summary_large_image","twitter_misc":{"Tiempo de lectura":"2 minutos"},"schema":{"@context":"https:\/\/schema.org","@graph":[{"@type":"WebPage","@id":"https:\/\/nefer.es\/index.php\/medicina-tradicional-china\/","url":"https:\/\/nefer.es\/index.php\/medicina-tradicional-china\/","name":"Medicina Tradicional China - centre nefer","isPartOf":{"@id":"https:\/\/nefer.es\/#website"},"primaryImageOfPage":{"@id":"https:\/\/nefer.es\/index.php\/medicina-tradicional-china\/#primaryimage"},"image":{"@id":"https:\/\/nefer.es\/index.php\/medicina-tradicional-china\/#primaryimage"},"thumbnailUrl":"https:\/\/centreisis.com\/wp-content\/uploads\/2026\/03\/fito.jpg","datePublished":"2026-03-14T11:13:32+00:00","dateModified":"2026-03-14T11:15:20+00:00","breadcrumb":{"@id":"https:\/\/nefer.es\/index.php\/medicina-tradicional-china\/#breadcrumb"},"inLanguage":"es","potentialAction":[{"@type":"ReadAction","target":["https:\/\/nefer.es\/index.php\/medicina-tradicional-china\/"]}]},{"@type":"ImageObject","inLanguage":"es","@id":"https:\/\/nefer.es\/index.php\/medicina-tradicional-china\/#primaryimage","url":"https:\/\/centreisis.com\/wp-content\/uploads\/2026\/03\/fito.jpg","contentUrl":"https:\/\/centreisis.com\/wp-content\/uploads\/2026\/03\/fito.jpg"},{"@type":"BreadcrumbList","@id":"https:\/\/nefer.es\/index.php\/medicina-tradicional-china\/#breadcrumb","itemListElement":[{"@type":"ListItem","position":1,"name":"Portada","item":"https:\/\/nefer.es\/"},{"@type":"ListItem","position":2,"name":"Medicina Tradicional China"}]},{"@type":"WebSite","@id":"https:\/\/nefer.es\/#website","url":"https:\/\/nefer.es\/","name":"centre nefer","description":"","publisher":{"@id":"https:\/\/nefer.es\/#organization"},"potentialAction":[{"@type":"SearchAction","target":{"@type":"EntryPoint","urlTemplate":"https:\/\/nefer.es\/?s={search_term_string}"},"query-input":{"@type":"PropertyValueSpecification","valueRequired":true,"valueName":"search_term_string"}}],"inLanguage":"es"},{"@type":"Organization","@id":"https:\/\/nefer.es\/#organization","name":"centre nefer","url":"https:\/\/nefer.es\/","logo":{"@type":"ImageObject","inLanguage":"es","@id":"https:\/\/nefer.es\/#\/schema\/logo\/image\/","url":"https:\/\/nefer.es\/wp-content\/uploads\/2026\/03\/cropped-logo-isis-dual-natura-1.jpg","contentUrl":"https:\/\/nefer.es\/wp-content\/uploads\/2026\/03\/cropped-logo-isis-dual-natura-1.jpg","width":711,"height":534,"caption":"centre nefer"},"image":{"@id":"https:\/\/nefer.es\/#\/schema\/logo\/image\/"}}]}},"jetpack_sharing_enabled":true,"_links":{"self":[{"href":"https:\/\/nefer.es\/index.php\/wp-json\/wp\/v2\/pages\/437","targetHints":{"allow":["GET"]}}],"collection":[{"href":"https:\/\/nefer.es\/index.php\/wp-json\/wp\/v2\/pages"}],"about":[{"href":"https:\/\/nefer.es\/index.php\/wp-json\/wp\/v2\/types\/page"}],"author":[{"embeddable":true,"href":"https:\/\/nefer.es\/index.php\/wp-json\/wp\/v2\/users\/1"}],"replies":[{"embeddable":true,"href":"https:\/\/nefer.es\/index.php\/wp-json\/wp\/v2\/comments?post=437"}],"version-history":[{"count":2,"href":"https:\/\/nefer.es\/index.php\/wp-json\/wp\/v2\/pages\/437\/revisions"}],"predecessor-version":[{"id":442,"href":"https:\/\/nefer.es\/index.php\/wp-json\/wp\/v2\/pages\/437\/revisions\/442"}],"wp:attachment":[{"href":"https:\/\/nefer.es\/index.php\/wp-json\/wp\/v2\/media?parent=437"}],"curies":[{"name":"wp","href":"https:\/\/api.w.org\/{rel}","templated":true}]}}