{"id":98,"date":"2026-03-06T11:55:17","date_gmt":"2026-03-06T11:55:17","guid":{"rendered":"https:\/\/centreisis.com\/?page_id=98"},"modified":"2026-03-09T12:41:39","modified_gmt":"2026-03-09T12:41:39","slug":"viaje-a-tahiti","status":"publish","type":"page","link":"https:\/\/nefer.es\/index.php\/viaje-a-tahiti\/","title":{"rendered":"Viaje a Tahit\u00ed"},"content":{"rendered":"\n<h4 class=\"wp-block-heading alignwide has-text-align-center\">Tratamiento Spa<\/h4>\n\n\n<div class=\"wp-block-image\">\n<figure class=\"aligncenter\"><img decoding=\"async\" src=\"https:\/\/i0.wp.com\/centreisis.es\/wp-content\/uploads\/2022\/05\/Captura_tahiti.jpg?resize=401%2C271&amp;ssl=1\" alt=\"\" class=\"wp-image-2127\" title=\"Captura_tahiti\"\/><\/figure>\n<\/div>\n\n\n<h4 class=\"wp-block-heading has-text-align-center\">En qu\u00e9 consiste<\/h4>\n\n\n\n<p class=\"has-text-align-center\">Un tratamiento que te dejar\u00e1 una piel espectacular, su base el aceite de monoi una mezcla de la pulpa de coco macerado con la flor de tiar\u00e9.&nbsp;<\/p>\n\n\n\n<p class=\"has-text-align-center\">Con propiedades suavizantes sobre la piel y aroma ex\u00f3tico y envolvente.<\/p>\n\n\n\n<hr class=\"wp-block-separator has-alpha-channel-opacity\"\/>\n\n\n\n<h4 class=\"wp-block-heading has-text-align-center\">Procedimiento<\/h4>\n\n\n\n<p class=\"has-text-align-center\">\u2013 Exfoliaci\u00f3n con sal de Himalaya o lava volc\u00e1nica m\u00e1s aceite de Monoi<br>\u2013 Peeling.<br>\u2013 Envoltura.<br>\u2013 Ducha.<br>\u2013 Masaje con el aceite de Tiar\u00e9<\/p>\n\n\n\n<hr class=\"wp-block-separator has-alpha-channel-opacity\"\/>\n\n\n\n<h4 class=\"wp-block-heading has-text-align-center\">Beneficios<\/h4>\n\n\n\n<p class=\"has-text-align-center\">Suaviza, nutre, hidrata y recupera a la piel gracias a la cantidad de antioxidantes que tiene el Monoi.<\/p>\n\n\n\n<p><\/p>\n","protected":false},"excerpt":{"rendered":"<p>Tratamiento Spa En qu\u00e9 consiste Un tratamiento que te dejar\u00e1 una piel espectacular, su base el aceite de monoi una mezcla de la pulpa de coco macerado con la flor de tiar\u00e9.&nbsp; Con propiedades suavizantes sobre la piel y aroma ex\u00f3tico y envolvente. Procedimiento \u2013 Exfoliaci\u00f3n con sal de Himalaya o lava volc\u00e1nica m\u00e1s aceite&hellip;&nbsp;<\/p>\n","protected":false},"author":1,"featured_media":0,"parent":0,"menu_order":0,"comment_status":"closed","ping_status":"closed","template":"","meta":{"neve_meta_sidebar":"","neve_meta_container":"","neve_meta_enable_content_width":"","neve_meta_content_width":0,"neve_meta_title_alignment":"","neve_meta_author_avatar":"","neve_post_elements_order":"","neve_meta_disable_header":"","neve_meta_disable_footer":"","neve_meta_disable_title":"","footnotes":""},"class_list":["post-98","page","type-page","status-publish","hentry"],"yoast_head":"<!-- This site is optimized with the Yoast SEO plugin v27.5 - https:\/\/yoast.com\/product\/yoast-seo-wordpress\/ -->\n<title>Viaje a Tahit\u00ed - centre nefer<\/title>\n<meta name=\"robots\" content=\"index, follow, max-snippet:-1, max-image-preview:large, max-video-preview:-1\" \/>\n<link rel=\"canonical\" href=\"https:\/\/nefer.es\/index.php\/viaje-a-tahiti\/\" \/>\n<meta property=\"og:locale\" content=\"es_ES\" \/>\n<meta property=\"og:type\" content=\"article\" \/>\n<meta property=\"og:title\" content=\"Viaje a Tahit\u00ed - centre nefer\" \/>\n<meta property=\"og:description\" content=\"Tratamiento Spa En qu\u00e9 consiste Un tratamiento que te dejar\u00e1 una piel espectacular, su base el aceite de monoi una mezcla de la pulpa de coco macerado con la flor de tiar\u00e9.&nbsp; Con propiedades suavizantes sobre la piel y aroma ex\u00f3tico y envolvente. Procedimiento \u2013 Exfoliaci\u00f3n con sal de Himalaya o lava volc\u00e1nica m\u00e1s aceite&hellip;&nbsp;\" \/>\n<meta property=\"og:url\" content=\"https:\/\/nefer.es\/index.php\/viaje-a-tahiti\/\" \/>\n<meta property=\"og:site_name\" content=\"centre nefer\" \/>\n<meta property=\"article:modified_time\" content=\"2026-03-09T12:41:39+00:00\" \/>\n<meta property=\"og:image\" content=\"https:\/\/i0.wp.com\/centreisis.es\/wp-content\/uploads\/2022\/05\/Captura_tahiti.jpg?resize=401%2C271&amp;ssl=1\" \/>\n<meta name=\"twitter:card\" content=\"summary_large_image\" \/>\n<meta name=\"twitter:label1\" content=\"Tiempo de lectura\" \/>\n\t<meta name=\"twitter:data1\" content=\"1 minuto\" \/>\n<script type=\"application\/ld+json\" class=\"yoast-schema-graph\">{\"@context\":\"https:\\\/\\\/schema.org\",\"@graph\":[{\"@type\":\"WebPage\",\"@id\":\"https:\\\/\\\/nefer.es\\\/index.php\\\/viaje-a-tahiti\\\/\",\"url\":\"https:\\\/\\\/nefer.es\\\/index.php\\\/viaje-a-tahiti\\\/\",\"name\":\"Viaje a Tahit\u00ed - centre nefer\",\"isPartOf\":{\"@id\":\"https:\\\/\\\/nefer.es\\\/#website\"},\"primaryImageOfPage\":{\"@id\":\"https:\\\/\\\/nefer.es\\\/index.php\\\/viaje-a-tahiti\\\/#primaryimage\"},\"image\":{\"@id\":\"https:\\\/\\\/nefer.es\\\/index.php\\\/viaje-a-tahiti\\\/#primaryimage\"},\"thumbnailUrl\":\"https:\\\/\\\/i0.wp.com\\\/centreisis.es\\\/wp-content\\\/uploads\\\/2022\\\/05\\\/Captura_tahiti.jpg?resize=401%2C271&amp;ssl=1\",\"datePublished\":\"2026-03-06T11:55:17+00:00\",\"dateModified\":\"2026-03-09T12:41:39+00:00\",\"breadcrumb\":{\"@id\":\"https:\\\/\\\/nefer.es\\\/index.php\\\/viaje-a-tahiti\\\/#breadcrumb\"},\"inLanguage\":\"es\",\"potentialAction\":[{\"@type\":\"ReadAction\",\"target\":[\"https:\\\/\\\/nefer.es\\\/index.php\\\/viaje-a-tahiti\\\/\"]}]},{\"@type\":\"ImageObject\",\"inLanguage\":\"es\",\"@id\":\"https:\\\/\\\/nefer.es\\\/index.php\\\/viaje-a-tahiti\\\/#primaryimage\",\"url\":\"https:\\\/\\\/i0.wp.com\\\/centreisis.es\\\/wp-content\\\/uploads\\\/2022\\\/05\\\/Captura_tahiti.jpg?resize=401%2C271&amp;ssl=1\",\"contentUrl\":\"https:\\\/\\\/i0.wp.com\\\/centreisis.es\\\/wp-content\\\/uploads\\\/2022\\\/05\\\/Captura_tahiti.jpg?resize=401%2C271&amp;ssl=1\"},{\"@type\":\"BreadcrumbList\",\"@id\":\"https:\\\/\\\/nefer.es\\\/index.php\\\/viaje-a-tahiti\\\/#breadcrumb\",\"itemListElement\":[{\"@type\":\"ListItem\",\"position\":1,\"name\":\"Portada\",\"item\":\"https:\\\/\\\/nefer.es\\\/\"},{\"@type\":\"ListItem\",\"position\":2,\"name\":\"Viaje a Tahit\u00ed\"}]},{\"@type\":\"WebSite\",\"@id\":\"https:\\\/\\\/nefer.es\\\/#website\",\"url\":\"https:\\\/\\\/nefer.es\\\/\",\"name\":\"centre nefer\",\"description\":\"\",\"publisher\":{\"@id\":\"https:\\\/\\\/nefer.es\\\/#organization\"},\"potentialAction\":[{\"@type\":\"SearchAction\",\"target\":{\"@type\":\"EntryPoint\",\"urlTemplate\":\"https:\\\/\\\/nefer.es\\\/?s={search_term_string}\"},\"query-input\":{\"@type\":\"PropertyValueSpecification\",\"valueRequired\":true,\"valueName\":\"search_term_string\"}}],\"inLanguage\":\"es\"},{\"@type\":\"Organization\",\"@id\":\"https:\\\/\\\/nefer.es\\\/#organization\",\"name\":\"centre nefer\",\"url\":\"https:\\\/\\\/nefer.es\\\/\",\"logo\":{\"@type\":\"ImageObject\",\"inLanguage\":\"es\",\"@id\":\"https:\\\/\\\/nefer.es\\\/#\\\/schema\\\/logo\\\/image\\\/\",\"url\":\"https:\\\/\\\/nefer.es\\\/wp-content\\\/uploads\\\/2026\\\/03\\\/cropped-logo-isis-dual-natura-1.jpg\",\"contentUrl\":\"https:\\\/\\\/nefer.es\\\/wp-content\\\/uploads\\\/2026\\\/03\\\/cropped-logo-isis-dual-natura-1.jpg\",\"width\":711,\"height\":534,\"caption\":\"centre nefer\"},\"image\":{\"@id\":\"https:\\\/\\\/nefer.es\\\/#\\\/schema\\\/logo\\\/image\\\/\"}}]}<\/script>\n<!-- \/ Yoast SEO plugin. -->","yoast_head_json":{"title":"Viaje a Tahit\u00ed - centre nefer","robots":{"index":"index","follow":"follow","max-snippet":"max-snippet:-1","max-image-preview":"max-image-preview:large","max-video-preview":"max-video-preview:-1"},"canonical":"https:\/\/nefer.es\/index.php\/viaje-a-tahiti\/","og_locale":"es_ES","og_type":"article","og_title":"Viaje a Tahit\u00ed - centre nefer","og_description":"Tratamiento Spa En qu\u00e9 consiste Un tratamiento que te dejar\u00e1 una piel espectacular, su base el aceite de monoi una mezcla de la pulpa de coco macerado con la flor de tiar\u00e9.&nbsp; Con propiedades suavizantes sobre la piel y aroma ex\u00f3tico y envolvente. Procedimiento \u2013 Exfoliaci\u00f3n con sal de Himalaya o lava volc\u00e1nica m\u00e1s aceite&hellip;&nbsp;","og_url":"https:\/\/nefer.es\/index.php\/viaje-a-tahiti\/","og_site_name":"centre nefer","article_modified_time":"2026-03-09T12:41:39+00:00","og_image":[{"url":"https:\/\/i0.wp.com\/centreisis.es\/wp-content\/uploads\/2022\/05\/Captura_tahiti.jpg?resize=401%2C271&amp;ssl=1","type":"","width":"","height":""}],"twitter_card":"summary_large_image","twitter_misc":{"Tiempo de lectura":"1 minuto"},"schema":{"@context":"https:\/\/schema.org","@graph":[{"@type":"WebPage","@id":"https:\/\/nefer.es\/index.php\/viaje-a-tahiti\/","url":"https:\/\/nefer.es\/index.php\/viaje-a-tahiti\/","name":"Viaje a Tahit\u00ed - centre nefer","isPartOf":{"@id":"https:\/\/nefer.es\/#website"},"primaryImageOfPage":{"@id":"https:\/\/nefer.es\/index.php\/viaje-a-tahiti\/#primaryimage"},"image":{"@id":"https:\/\/nefer.es\/index.php\/viaje-a-tahiti\/#primaryimage"},"thumbnailUrl":"https:\/\/i0.wp.com\/centreisis.es\/wp-content\/uploads\/2022\/05\/Captura_tahiti.jpg?resize=401%2C271&amp;ssl=1","datePublished":"2026-03-06T11:55:17+00:00","dateModified":"2026-03-09T12:41:39+00:00","breadcrumb":{"@id":"https:\/\/nefer.es\/index.php\/viaje-a-tahiti\/#breadcrumb"},"inLanguage":"es","potentialAction":[{"@type":"ReadAction","target":["https:\/\/nefer.es\/index.php\/viaje-a-tahiti\/"]}]},{"@type":"ImageObject","inLanguage":"es","@id":"https:\/\/nefer.es\/index.php\/viaje-a-tahiti\/#primaryimage","url":"https:\/\/i0.wp.com\/centreisis.es\/wp-content\/uploads\/2022\/05\/Captura_tahiti.jpg?resize=401%2C271&amp;ssl=1","contentUrl":"https:\/\/i0.wp.com\/centreisis.es\/wp-content\/uploads\/2022\/05\/Captura_tahiti.jpg?resize=401%2C271&amp;ssl=1"},{"@type":"BreadcrumbList","@id":"https:\/\/nefer.es\/index.php\/viaje-a-tahiti\/#breadcrumb","itemListElement":[{"@type":"ListItem","position":1,"name":"Portada","item":"https:\/\/nefer.es\/"},{"@type":"ListItem","position":2,"name":"Viaje a Tahit\u00ed"}]},{"@type":"WebSite","@id":"https:\/\/nefer.es\/#website","url":"https:\/\/nefer.es\/","name":"centre nefer","description":"","publisher":{"@id":"https:\/\/nefer.es\/#organization"},"potentialAction":[{"@type":"SearchAction","target":{"@type":"EntryPoint","urlTemplate":"https:\/\/nefer.es\/?s={search_term_string}"},"query-input":{"@type":"PropertyValueSpecification","valueRequired":true,"valueName":"search_term_string"}}],"inLanguage":"es"},{"@type":"Organization","@id":"https:\/\/nefer.es\/#organization","name":"centre nefer","url":"https:\/\/nefer.es\/","logo":{"@type":"ImageObject","inLanguage":"es","@id":"https:\/\/nefer.es\/#\/schema\/logo\/image\/","url":"https:\/\/nefer.es\/wp-content\/uploads\/2026\/03\/cropped-logo-isis-dual-natura-1.jpg","contentUrl":"https:\/\/nefer.es\/wp-content\/uploads\/2026\/03\/cropped-logo-isis-dual-natura-1.jpg","width":711,"height":534,"caption":"centre nefer"},"image":{"@id":"https:\/\/nefer.es\/#\/schema\/logo\/image\/"}}]}},"jetpack_sharing_enabled":true,"_links":{"self":[{"href":"https:\/\/nefer.es\/index.php\/wp-json\/wp\/v2\/pages\/98","targetHints":{"allow":["GET"]}}],"collection":[{"href":"https:\/\/nefer.es\/index.php\/wp-json\/wp\/v2\/pages"}],"about":[{"href":"https:\/\/nefer.es\/index.php\/wp-json\/wp\/v2\/types\/page"}],"author":[{"embeddable":true,"href":"https:\/\/nefer.es\/index.php\/wp-json\/wp\/v2\/users\/1"}],"replies":[{"embeddable":true,"href":"https:\/\/nefer.es\/index.php\/wp-json\/wp\/v2\/comments?post=98"}],"version-history":[{"count":2,"href":"https:\/\/nefer.es\/index.php\/wp-json\/wp\/v2\/pages\/98\/revisions"}],"predecessor-version":[{"id":232,"href":"https:\/\/nefer.es\/index.php\/wp-json\/wp\/v2\/pages\/98\/revisions\/232"}],"wp:attachment":[{"href":"https:\/\/nefer.es\/index.php\/wp-json\/wp\/v2\/media?parent=98"}],"curies":[{"name":"wp","href":"https:\/\/api.w.org\/{rel}","templated":true}]}}